{"id":16725,"date":"2025-09-26T04:02:01","date_gmt":"2025-09-26T04:02:01","guid":{"rendered":"https:\/\/vapewholesalees.com\/?post_type=product&#038;p=16725"},"modified":"2025-10-27T07:50:13","modified_gmt":"2025-10-27T07:50:13","slug":"besos-2g-desechables-gold-edition","status":"publish","type":"product","link":"https:\/\/www.vapewholesalees.com\/en\/product\/besos-2g-desechables-gold-edition\/","title":{"rendered":"Mejor Besos Acapulco 2G Edici\u00f3n Oro &#8211; Nuevos Besos al por mayor"},"content":{"rendered":"<div data-elementor-type=\"product-post\" data-elementor-id=\"16725\" class=\"elementor elementor-16725\" data-elementor-post-type=\"product\">\n\t\t\t\t<div class=\"wd-negative-gap elementor-element elementor-element-b92544c e-flex e-con-boxed e-con e-parent\" data-id=\"b92544c\" data-element_type=\"container\">\n\t\t\t\t\t<div class=\"e-con-inner\">\n\t\t\t\t<div class=\"elementor-element elementor-element-4ed62f0 elementor-widget__width-initial elementor-widget elementor-widget-wd_text_block\" data-id=\"4ed62f0\" data-element_type=\"widget\" data-widget_type=\"wd_text_block.default\">\n\t\t\t\t<div class=\"elementor-widget-container\">\n\t\t\t\t\t\t\t<div class=\"wd-text-block reset-last-child text-left\">\n\t\t\t\n\t\t\t<p>Besos 2g desechables gold edition al por mayor | F\u00e1brica de vaporizadores de THC premium<\/p><p>\u00a0<\/p><p>Volumen del tanque: 1 ml (vac\u00edo)<\/p><p>Capacidad de la bater\u00eda: 360 mAh<\/p><p>Orificio de entrada de aceite: 4 x 1.8 mm<\/p><p>Cargador: Type-C<\/p>\n\t\t\t\t\t<\/div>\n\t\t\t\t\t\t<\/div>\n\t\t\t\t<\/div>\n\t\t\t\t<div class=\"elementor-element elementor-element-e7e128c elementor-widget__width-initial elementor-widget elementor-widget-wd_text_block\" data-id=\"e7e128c\" data-element_type=\"widget\" data-widget_type=\"wd_text_block.default\">\n\t\t\t\t<div class=\"elementor-widget-container\">\n\t\t\t\t\t\t\t<div class=\"wd-text-block reset-last-child text-left\">\n\t\t\t\n\t\t\t<p>Servicio de Valor A\u00f1adido<br \/>\u2705 Para agilizar las entregas y aumentar la satisfacci\u00f3n del cliente, nuestra l\u00ednea Muha Meds cuenta con el respaldo de centros de inventario internacionales ubicados en California (EE. UU.), Nueva Jersey (EE. UU.), Chicago (EE. UU.), Reino Unido, Alemania, Italia y Polonia, lo que permite un cumplimiento regional m\u00e1s r\u00e1pido y tiempos de tr\u00e1nsito reducidos.<\/p>\n\t\t\t\t\t<\/div>\n\t\t\t\t\t\t<\/div>\n\t\t\t\t<\/div>\n\t\t\t\t<div class=\"elementor-element elementor-element-86af088 elementor-widget elementor-widget-wd_text_block\" data-id=\"86af088\" data-element_type=\"widget\" data-widget_type=\"wd_text_block.default\">\n\t\t\t\t<div class=\"elementor-widget-container\">\n\t\t\t\t\t\t\t<div class=\"wd-text-block reset-last-child text-left\">\n\t\t\t\n\t\t\t<p>Proveedor directo de f\u00e1brica de Besos 2g desechables gold edition al por mayor en Vapewholesalees. Ofrecemos Besos dorados desechables vac\u00edos y el mejor Besos Acapulco al por mayor (OEM\/ODM).<\/p><p>Descubre la mejor f\u00e1brica de <a href=\"https:\/\/www.vapewholesalees.com\/en\/\">vaporizadores Wholesale en Vapewholesalees<\/a>.<\/p><ul><li style=\"text-align: left;\"><a href=\"https:\/\/vapewholesalees.com\/en\/product-category\/vape-de-marca\/\">Para saber m\u00e1s sobre otras marcas de productos de vapeo<\/a><\/li><li style=\"text-align: left;\">Por favor revise las siguientes p\u00e1ginas:<\/li><li style=\"text-align: left;\"><a href=\"https:\/\/www.vapewholesalees.com\/en\/product\/besos-2g-desechables\/\"><strong>Besos 2g desechables<\/strong><\/a><\/li><\/ul>\n\t\t\t\t\t<\/div>\n\t\t\t\t\t\t<\/div>\n\t\t\t\t<\/div>\n\t\t\t\t\t<\/div>\n\t\t\t\t<\/div>\n\t\t\t\t<\/div>","protected":false},"excerpt":{"rendered":"<h1>Mejor Besos Acapulco 2G Edici\u00f3n Oro &#8211; Nuevos Besos al por mayor<\/h1>\n<h2>Besos 2g desechables gold edition al por mayor- Nuevos Besos al por mayor<\/h2>\n<p>Dise\u00f1ado para envasadores con licencia que lanzan nuevos sabores al por mayor. La c\u00e1mara de 2 gramos se complementa con un sistema de carga Type-C y calentamiento cer\u00e1mico para un rendimiento uniforme y resistente a obstrucciones. El hardware incluye un flujo de aire antifugas para optimizar el cumplimiento normativo. Ideal para marcas OEM\/ODM y compras al por mayor; no incluye aceite.<\/p>\n<p>Tambi\u00e9n ofrecemos <a href=\"https:\/\/www.vapewholesalees.com\/en\/\">m\u00e1s opciones en <strong>Vapewholesale<\/strong><\/a>. \u00a1Compra con confianza!<\/p>\n<h3><strong>Bulk Made Affordable,Buy More, Save More:<\/strong><\/h3>\n<h3><strong>500+ 1000+ 2000+ 5000+<\/strong><\/h3>\n<h3><strong>3.48\u00a0 \u00a0 3.38\u00a0 \u00a0 3.28\u00a0 \u00a0 \u00a0 3.17\u00a0 \u00a0 <\/strong><\/h3>","protected":false},"featured_media":16726,"comment_status":"open","ping_status":"closed","template":"","meta":[],"product_brand":[96],"product_cat":[100,20,85,76,84],"product_tag":[],"class_list":{"0":"post-16725","1":"product","2":"type-product","3":"status-publish","4":"has-post-thumbnail","6":"product_brand-besos","7":"product_cat-besos","8":"product_cat-vapeo-desechable-vacio-de-diversas-capacidades-al-por-mayor","9":"product_cat-vape-de-marca","10":"product_cat-vape-desechable-2g","11":"product_cat-vape-desechable-sin-postes","13":"first","14":"instock","15":"shipping-taxable","16":"purchasable","17":"product-type-simple"},"_links":{"self":[{"href":"https:\/\/www.vapewholesalees.com\/en\/wp-json\/wp\/v2\/product\/16725","targetHints":{"allow":["GET"]}}],"collection":[{"href":"https:\/\/www.vapewholesalees.com\/en\/wp-json\/wp\/v2\/product"}],"about":[{"href":"https:\/\/www.vapewholesalees.com\/en\/wp-json\/wp\/v2\/types\/product"}],"replies":[{"embeddable":true,"href":"https:\/\/www.vapewholesalees.com\/en\/wp-json\/wp\/v2\/comments?post=16725"}],"version-history":[{"count":13,"href":"https:\/\/www.vapewholesalees.com\/en\/wp-json\/wp\/v2\/product\/16725\/revisions"}],"predecessor-version":[{"id":19100,"href":"https:\/\/www.vapewholesalees.com\/en\/wp-json\/wp\/v2\/product\/16725\/revisions\/19100"}],"wp:featuredmedia":[{"embeddable":true,"href":"https:\/\/www.vapewholesalees.com\/en\/wp-json\/wp\/v2\/media\/16726"}],"wp:attachment":[{"href":"https:\/\/www.vapewholesalees.com\/en\/wp-json\/wp\/v2\/media?parent=16725"}],"wp:term":[{"taxonomy":"product_brand","embeddable":true,"href":"https:\/\/www.vapewholesalees.com\/en\/wp-json\/wp\/v2\/product_brand?post=16725"},{"taxonomy":"product_cat","embeddable":true,"href":"https:\/\/www.vapewholesalees.com\/en\/wp-json\/wp\/v2\/product_cat?post=16725"},{"taxonomy":"product_tag","embeddable":true,"href":"https:\/\/www.vapewholesalees.com\/en\/wp-json\/wp\/v2\/product_tag?post=16725"}],"curies":[{"name":"wp","href":"https:\/\/api.w.org\/{rel}","templated":true}]}}