{"id":16751,"date":"2025-09-26T04:37:28","date_gmt":"2025-09-26T04:37:28","guid":{"rendered":"https:\/\/vapewholesalees.com\/?post_type=product&#038;p=16751"},"modified":"2025-10-27T07:46:29","modified_gmt":"2025-10-27T07:46:29","slug":"favorites-2000-mg-liquid-diamond","status":"publish","type":"product","link":"https:\/\/www.vapewholesalees.com\/en\/product\/favorites-2000-mg-liquid-diamond\/","title":{"rendered":"Favorites 2g desechables con pantalla al por mayor &#8211; Favorites nueva generaci\u00f3n"},"content":{"rendered":"<div data-elementor-type=\"product-post\" data-elementor-id=\"16751\" class=\"elementor elementor-16751\" data-elementor-post-type=\"product\">\n\t\t\t\t<div class=\"wd-negative-gap elementor-element elementor-element-c0c2665 e-flex e-con-boxed e-con e-parent\" data-id=\"c0c2665\" data-element_type=\"container\">\n\t\t\t\t\t<div class=\"e-con-inner\">\n\t\t\t\t<div class=\"elementor-element elementor-element-1ab9734 elementor-widget__width-initial elementor-widget elementor-widget-wd_text_block\" data-id=\"1ab9734\" data-element_type=\"widget\" data-widget_type=\"wd_text_block.default\">\n\t\t\t\t<div class=\"elementor-widget-container\">\n\t\t\t\t\t\t\t<div class=\"wd-text-block reset-last-child text-left\">\n\t\t\t\n\t\t\t<p>Favorites 2000 mg Liquid Diamond | Favorites vac\u00edos desechables al por mayor<\/p><p>\u00a0<\/p><p>Volumen del tanque: 2 ml (vac\u00edo)<\/p><p>Capacidad de la bater\u00eda: 300 mAh<\/p><p>Orificio de entrada de aceite: 4 x 1.8 mm<\/p><p>Cargador: Type-C<\/p>\n\t\t\t\t\t<\/div>\n\t\t\t\t\t\t<\/div>\n\t\t\t\t<\/div>\n\t\t\t\t<div class=\"elementor-element elementor-element-bd30e3b elementor-widget__width-initial elementor-widget elementor-widget-wd_text_block\" data-id=\"bd30e3b\" data-element_type=\"widget\" data-widget_type=\"wd_text_block.default\">\n\t\t\t\t<div class=\"elementor-widget-container\">\n\t\t\t\t\t\t\t<div class=\"wd-text-block reset-last-child text-left\">\n\t\t\t\n\t\t\t<p>Servicio de Valor A\u00f1adido<br \/>\u2705 Para agilizar las entregas y aumentar la satisfacci\u00f3n del cliente, nuestra l\u00ednea Muha Meds cuenta con el respaldo de centros de inventario internacionales ubicados en California (EE. UU.), Nueva Jersey (EE. UU.), Chicago (EE. UU.), Reino Unido, Alemania, Italia y Polonia, lo que permite un cumplimiento regional m\u00e1s r\u00e1pido y tiempos de tr\u00e1nsito reducidos.<\/p>\n\t\t\t\t\t<\/div>\n\t\t\t\t\t\t<\/div>\n\t\t\t\t<\/div>\n\t\t\t\t<div class=\"elementor-element elementor-element-56858c3 elementor-widget elementor-widget-wd_text_block\" data-id=\"56858c3\" data-element_type=\"widget\" data-widget_type=\"wd_text_block.default\">\n\t\t\t\t<div class=\"elementor-widget-container\">\n\t\t\t\t\t\t\t<div class=\"wd-text-block reset-last-child text-left\">\n\t\t\t\n\t\t\t<p>Proveedor directo de f\u00e1brica de Favorites 2000 mg Liquid Diamond al por mayor en Vapewholesalees. Ofrecemos vaporizadores desechables de THC vac\u00edos y vaporizadores tipo pluma Favorites de 2 gramos al por mayor (OEM\/ODM).<\/p><p>Descubre la mejor f\u00e1brica de <a href=\"https:\/\/www.vapewholesalees.com\/en\/\">vaporizadores Wholesale en Vapewholesalees<\/a>.<\/p><ul><li style=\"text-align: left;\"><a href=\"https:\/\/vapewholesalees.com\/en\/product-category\/vape-de-marca\/\">Para saber m\u00e1s sobre otras marcas de productos de vapeo<\/a><\/li><li style=\"text-align: left;\">Por favor revise las siguientes p\u00e1ginas:<\/li><li style=\"text-align: left;\"><a href=\"https:\/\/www.vapewholesalees.com\/en\/product\/favoritos-minis-2g-desechables\/\"><strong>Favorites minis 2g<\/strong><\/a><\/li><li><a href=\"https:\/\/www.vapewholesalees.com\/en\/product\/favorites-3g-con-pantalla\/\"><strong>Favorites 3g desechables con pantalla<\/strong><\/a><\/li><\/ul>\n\t\t\t\t\t<\/div>\n\t\t\t\t\t\t<\/div>\n\t\t\t\t<\/div>\n\t\t\t\t\t<\/div>\n\t\t\t\t<\/div>\n\t\t\t\t<\/div>","protected":false},"excerpt":{"rendered":"<h1>Favorites 2g desechables con pantalla al por mayor &#8211; Favorites nueva generaci\u00f3n<\/h1>\n<h2>Favorites 2000 mg Liquid Diamond- Favorites nueva generaci\u00f3n<\/h2>\n<p>Dise\u00f1ado para envasadores con licencia que lanzan nuevos sabores al por mayor. La c\u00e1mara de 2 gramos se complementa con un sistema de carga Type-C y calentamiento cer\u00e1mico para un rendimiento uniforme y resistente a obstrucciones. El hardware incluye un flujo de aire antifugas para optimizar el cumplimiento normativo. Ideal para marcas OEM\/ODM y compras al por mayor; no incluye aceite.<\/p>\n<p>Tambi\u00e9n ofrecemos <a href=\"https:\/\/www.vapewholesalees.com\/en\/\">m\u00e1s opciones en <strong>Vapewholesale<\/strong><\/a>. \u00a1Compra con confianza!<\/p>\n<h3><strong>Bulk Made Affordable,Buy More, Save More:<\/strong><\/h3>\n<h3><strong>100+\u00a0 300+ 500+ 1000+ 2000+ 5000+<\/strong><\/h3>\n<h3><strong>4.08\u00a0 \u00a0 3.63\u00a0 \u00a03.43\u00a0 \u00a0 3.35\u00a0 \u00a0 \u00a03.27\u00a0 \u00a0 \u00a0 3.19\u00a0<\/strong><\/h3>","protected":false},"featured_media":16752,"comment_status":"open","ping_status":"closed","template":"","meta":[],"product_brand":[97],"product_cat":[20,101,85,76,83,84],"product_tag":[],"class_list":{"0":"post-16751","1":"product","2":"type-product","3":"status-publish","4":"has-post-thumbnail","6":"product_brand-favorite","7":"product_cat-vapeo-desechable-vacio-de-diversas-capacidades-al-por-mayor","8":"product_cat-favorite","9":"product_cat-vape-de-marca","10":"product_cat-vape-desechable-2g","11":"product_cat-vape-desechable-con-pantalla","12":"product_cat-vape-desechable-sin-postes","14":"first","15":"instock","16":"shipping-taxable","17":"purchasable","18":"product-type-simple"},"_links":{"self":[{"href":"https:\/\/www.vapewholesalees.com\/en\/wp-json\/wp\/v2\/product\/16751","targetHints":{"allow":["GET"]}}],"collection":[{"href":"https:\/\/www.vapewholesalees.com\/en\/wp-json\/wp\/v2\/product"}],"about":[{"href":"https:\/\/www.vapewholesalees.com\/en\/wp-json\/wp\/v2\/types\/product"}],"replies":[{"embeddable":true,"href":"https:\/\/www.vapewholesalees.com\/en\/wp-json\/wp\/v2\/comments?post=16751"}],"version-history":[{"count":13,"href":"https:\/\/www.vapewholesalees.com\/en\/wp-json\/wp\/v2\/product\/16751\/revisions"}],"predecessor-version":[{"id":19091,"href":"https:\/\/www.vapewholesalees.com\/en\/wp-json\/wp\/v2\/product\/16751\/revisions\/19091"}],"wp:featuredmedia":[{"embeddable":true,"href":"https:\/\/www.vapewholesalees.com\/en\/wp-json\/wp\/v2\/media\/16752"}],"wp:attachment":[{"href":"https:\/\/www.vapewholesalees.com\/en\/wp-json\/wp\/v2\/media?parent=16751"}],"wp:term":[{"taxonomy":"product_brand","embeddable":true,"href":"https:\/\/www.vapewholesalees.com\/en\/wp-json\/wp\/v2\/product_brand?post=16751"},{"taxonomy":"product_cat","embeddable":true,"href":"https:\/\/www.vapewholesalees.com\/en\/wp-json\/wp\/v2\/product_cat?post=16751"},{"taxonomy":"product_tag","embeddable":true,"href":"https:\/\/www.vapewholesalees.com\/en\/wp-json\/wp\/v2\/product_tag?post=16751"}],"curies":[{"name":"wp","href":"https:\/\/api.w.org\/{rel}","templated":true}]}}