{"id":16902,"date":"2025-09-26T07:52:35","date_gmt":"2025-09-26T07:52:35","guid":{"rendered":"https:\/\/vapewholesalees.com\/?post_type=product&#038;p=16902"},"modified":"2025-10-27T07:00:30","modified_gmt":"2025-10-27T07:00:30","slug":"nuevo-packwoods-x-runtz-2-gramos","status":"publish","type":"product","link":"https:\/\/www.vapewholesalees.com\/en\/product\/nuevo-packwoods-x-runtz-2-gramos\/","title":{"rendered":"Packwoods X Runtz desechable 2g &#8211; Nuevo Packwoods X Runtz al por mayor"},"content":{"rendered":"<div data-elementor-type=\"product-post\" data-elementor-id=\"16902\" class=\"elementor elementor-16902\" data-elementor-post-type=\"product\">\n\t\t\t\t<div class=\"wd-negative-gap elementor-element elementor-element-33f318c e-flex e-con-boxed e-con e-parent\" data-id=\"33f318c\" data-element_type=\"container\">\n\t\t\t\t\t<div class=\"e-con-inner\">\n\t\t\t\t<div class=\"elementor-element elementor-element-c115015 elementor-widget__width-initial elementor-widget elementor-widget-wd_text_block\" data-id=\"c115015\" data-element_type=\"widget\" data-widget_type=\"wd_text_block.default\">\n\t\t\t\t<div class=\"elementor-widget-container\">\n\t\t\t\t\t\t\t<div class=\"wd-text-block reset-last-child text-left\">\n\t\t\t\n\t\t\t<p>Nuevo Packwoods X Runtz 2 gramos al por mayor | Compra al por mayor de vaporizador desechable con 10 sabor<\/p><p>Sabores:<\/p><ul><li>Fanbidden Fnuit<br \/>Punple Punch<br \/>Onange Onbit<br \/>Saun Leman<br \/>Aunana Runty<br \/>Apple Apalla<br \/>Cinnaman Apple Danuts<br \/>Bubblegum Og<br \/>Chenny Racket<br \/>Hanchate<\/li><\/ul><p>Volumen del tanque: 2 ml (vac\u00edo)<\/p><p>Capacidad de la bater\u00eda: 320 mAh<\/p><p>Orificio de entrada de aceite: 4 x 1.6 mm<\/p><p>Cargador: Type-C<\/p>\n\t\t\t\t\t<\/div>\n\t\t\t\t\t\t<\/div>\n\t\t\t\t<\/div>\n\t\t\t\t<div class=\"elementor-element elementor-element-aa53276 elementor-widget__width-initial elementor-widget elementor-widget-wd_text_block\" data-id=\"aa53276\" data-element_type=\"widget\" data-widget_type=\"wd_text_block.default\">\n\t\t\t\t<div class=\"elementor-widget-container\">\n\t\t\t\t\t\t\t<div class=\"wd-text-block reset-last-child text-left\">\n\t\t\t\n\t\t\t<p>Servicio de Valor A\u00f1adido<br \/>\u2705 Para agilizar las entregas y aumentar la satisfacci\u00f3n del cliente, nuestra l\u00ednea Muha Meds cuenta con el respaldo de centros de inventario internacionales ubicados en California (EE. UU.), Nueva Jersey (EE. UU.), Chicago (EE. UU.), Reino Unido, Alemania, Italia y Polonia, lo que permite un cumplimiento regional m\u00e1s r\u00e1pido y tiempos de tr\u00e1nsito reducidos.<\/p>\n\t\t\t\t\t<\/div>\n\t\t\t\t\t\t<\/div>\n\t\t\t\t<\/div>\n\t\t\t\t<div class=\"elementor-element elementor-element-7bb2460 elementor-widget elementor-widget-wd_text_block\" data-id=\"7bb2460\" data-element_type=\"widget\" data-widget_type=\"wd_text_block.default\">\n\t\t\t\t<div class=\"elementor-widget-container\">\n\t\t\t\t\t\t\t<div class=\"wd-text-block reset-last-child text-left\">\n\t\t\t\n\t\t\t<p>Proveedor directo de f\u00e1brica de Nuevo Packwoods X Runtz 2 gramos al por mayor en Vapewholesalees. Ofrecemos Packwoods X Runtz desechables 2g vac\u00edos y vape premium de 10 sabores al por mayor (OEM\/ODM).<\/p><p>Descubre la mejor f\u00e1brica de <a href=\"https:\/\/www.vapewholesalees.com\/en\/\">vaporizadores Wholesale en Vapewholesalees<\/a>.<\/p><ul><li style=\"text-align: left;\"><strong><a href=\"https:\/\/vapewholesalees.com\/en\/product-category\/vape-de-marca\/\">Para saber m\u00e1s sobre otras marcas de productos de vapeo<\/a><\/strong><\/li><li style=\"text-align: left;\">Por favor revise las siguientes p\u00e1ginas:<\/li><li style=\"text-align: left;\"><a href=\"https:\/\/www.vapewholesalees.com\/en\/product\/gas-house-x-packwoods-v2-2g-con-pantalla-digital\/\"><strong>Gas house X Packwoods v2<\/strong><\/a><\/li><li style=\"text-align: left;\"><strong><a href=\"https:\/\/www.vapewholesalees.com\/en\/product\/packwoods-x-runtz-v2-2g\/\">Packwoods X Runtz V2<\/a><\/strong><\/li><li style=\"text-align: left;\"><a href=\"https:\/\/www.vapewholesalees.com\/en\/product\/vape-desechable-packwoods-de-2g-con-pantalla\/\"><strong>Packwoods desechable LED<\/strong><\/a><\/li><\/ul>\n\t\t\t\t\t<\/div>\n\t\t\t\t\t\t<\/div>\n\t\t\t\t<\/div>\n\t\t\t\t\t<\/div>\n\t\t\t\t<\/div>\n\t\t\t\t<\/div>","protected":false},"excerpt":{"rendered":"<h1>Packwoods X Runtz desechable 2g &#8211; Nuevo Packwoods X Runtz al por mayor<\/h1>\n<h2>Nuevo Packwoods X Runtz 2 gramos al por mayor- Nuevo Packwoods X Runtz<\/h2>\n<p>Dise\u00f1ado para envasadores con licencia que lanzan nuevos sabores al por mayor. La c\u00e1mara de 2 gramos se complementa con un sistema de carga Type-C y calentamiento cer\u00e1mico para un rendimiento uniforme y resistente a obstrucciones. El hardware incluye un flujo de aire antifugas para optimizar el cumplimiento normativo. Ideal para marcas OEM\/ODM y compras al por mayor; no incluye aceite.<\/p>\n<p>Tambi\u00e9n ofrecemos <a href=\"https:\/\/www.vapewholesalees.com\/en\/\">m\u00e1s opciones en <strong>Vapewholesale<\/strong><\/a>. \u00a1Compra con confianza!<\/p>\n<h3><strong>Bulk Made Affordable,Buy More, Save More:<\/strong><\/h3>\n<h3><strong>200+ 500+ 1000+ 2000+ 5000+<\/strong><\/h3>\n<h3><strong>3.18\u00a0 \u00a0 2.73\u00a0 \u00a0 2.67\u00a0 \u00a0 2.61\u00a0 \u00a0 \u00a0 \u00a02.55\u00a0 \u00a0 \u00a0\u00a0<\/strong><\/h3>","protected":false},"featured_media":17028,"comment_status":"open","ping_status":"closed","template":"","meta":[],"product_brand":[105],"product_cat":[20,76,83,85,108],"product_tag":[],"class_list":{"0":"post-16902","1":"product","2":"type-product","3":"status-publish","4":"has-post-thumbnail","6":"product_brand-packwoods","7":"product_cat-vapeo-desechable-vacio-de-diversas-capacidades-al-por-mayor","8":"product_cat-vape-desechable-2g","9":"product_cat-vape-desechable-con-pantalla","10":"product_cat-vape-de-marca","11":"product_cat-packwoods","13":"first","14":"instock","15":"sale","16":"shipping-taxable","17":"purchasable","18":"product-type-simple"},"_links":{"self":[{"href":"https:\/\/www.vapewholesalees.com\/en\/wp-json\/wp\/v2\/product\/16902","targetHints":{"allow":["GET"]}}],"collection":[{"href":"https:\/\/www.vapewholesalees.com\/en\/wp-json\/wp\/v2\/product"}],"about":[{"href":"https:\/\/www.vapewholesalees.com\/en\/wp-json\/wp\/v2\/types\/product"}],"replies":[{"embeddable":true,"href":"https:\/\/www.vapewholesalees.com\/en\/wp-json\/wp\/v2\/comments?post=16902"}],"version-history":[{"count":12,"href":"https:\/\/www.vapewholesalees.com\/en\/wp-json\/wp\/v2\/product\/16902\/revisions"}],"predecessor-version":[{"id":19044,"href":"https:\/\/www.vapewholesalees.com\/en\/wp-json\/wp\/v2\/product\/16902\/revisions\/19044"}],"wp:featuredmedia":[{"embeddable":true,"href":"https:\/\/www.vapewholesalees.com\/en\/wp-json\/wp\/v2\/media\/17028"}],"wp:attachment":[{"href":"https:\/\/www.vapewholesalees.com\/en\/wp-json\/wp\/v2\/media?parent=16902"}],"wp:term":[{"taxonomy":"product_brand","embeddable":true,"href":"https:\/\/www.vapewholesalees.com\/en\/wp-json\/wp\/v2\/product_brand?post=16902"},{"taxonomy":"product_cat","embeddable":true,"href":"https:\/\/www.vapewholesalees.com\/en\/wp-json\/wp\/v2\/product_cat?post=16902"},{"taxonomy":"product_tag","embeddable":true,"href":"https:\/\/www.vapewholesalees.com\/en\/wp-json\/wp\/v2\/product_tag?post=16902"}],"curies":[{"name":"wp","href":"https:\/\/api.w.org\/{rel}","templated":true}]}}