{"id":16951,"date":"2025-09-26T08:35:33","date_gmt":"2025-09-26T08:35:33","guid":{"rendered":"https:\/\/vapewholesalees.com\/?post_type=product&#038;p=16951"},"modified":"2025-10-27T06:54:29","modified_gmt":"2025-10-27T06:54:29","slug":"packwoods-x-runtz-runty-marble-1-gramo","status":"publish","type":"product","link":"https:\/\/www.vapewholesalees.com\/en\/product\/packwoods-x-runtz-runty-marble-1-gramo\/","title":{"rendered":"Packwoods x runtz m\u00e1rmol 1000 mg &#8211; Nuevo envase a granel"},"content":{"rendered":"<div data-elementor-type=\"product-post\" data-elementor-id=\"16951\" class=\"elementor elementor-16951\" data-elementor-post-type=\"product\">\n\t\t\t\t<div class=\"wd-negative-gap elementor-element elementor-element-545f7b8 e-flex e-con-boxed e-con e-parent\" data-id=\"545f7b8\" data-element_type=\"container\">\n\t\t\t\t\t<div class=\"e-con-inner\">\n\t\t\t\t<div class=\"elementor-element elementor-element-668866d elementor-widget__width-initial elementor-widget elementor-widget-wd_text_block\" data-id=\"668866d\" data-element_type=\"widget\" data-widget_type=\"wd_text_block.default\">\n\t\t\t\t<div class=\"elementor-widget-container\">\n\t\t\t\t\t\t\t<div class=\"wd-text-block reset-last-child text-left\">\n\t\t\t\n\t\t\t<p>Packwoods x Runtz Runty Marble 1 gramo al por mayor | Vaporizador desechable Surpply<\/p><p>Sabores:<\/p><ul><li>Forbidden Fruit<br \/>Banana Kush<br \/>Biscotti<br \/>Strawberry Cough<br \/>Blue Dream<br \/>Melonade<br \/>Jack Herer<br \/>Wedding Cake<br \/>Sundae Driver<br \/>Skywalker Og<\/li><\/ul><p>Volumen del tanque: 1 ml (vac\u00edo)<\/p><p>Capacidad de la bater\u00eda: 380 mAh<\/p><p>Orificio de entrada de aceite: 2 x 2.0 mm<\/p><p>Cargador: USB-C<\/p>\n\t\t\t\t\t<\/div>\n\t\t\t\t\t\t<\/div>\n\t\t\t\t<\/div>\n\t\t\t\t<div class=\"elementor-element elementor-element-06c7e42 elementor-widget__width-initial elementor-widget elementor-widget-wd_text_block\" data-id=\"06c7e42\" data-element_type=\"widget\" data-widget_type=\"wd_text_block.default\">\n\t\t\t\t<div class=\"elementor-widget-container\">\n\t\t\t\t\t\t\t<div class=\"wd-text-block reset-last-child text-left\">\n\t\t\t\n\t\t\t<p>Servicio de Valor A\u00f1adido<br \/>\u2705 Para agilizar las entregas y aumentar la satisfacci\u00f3n del cliente, nuestra l\u00ednea Muha Meds cuenta con el respaldo de centros de inventario internacionales ubicados en California (EE. UU.), Nueva Jersey (EE. UU.), Chicago (EE. UU.), Reino Unido, Alemania, Italia y Polonia, lo que permite un cumplimiento regional m\u00e1s r\u00e1pido y tiempos de tr\u00e1nsito reducidos.<\/p>\n\t\t\t\t\t<\/div>\n\t\t\t\t\t\t<\/div>\n\t\t\t\t<\/div>\n\t\t\t\t<div class=\"elementor-element elementor-element-82771a5 elementor-widget elementor-widget-wd_text_block\" data-id=\"82771a5\" data-element_type=\"widget\" data-widget_type=\"wd_text_block.default\">\n\t\t\t\t<div class=\"elementor-widget-container\">\n\t\t\t\t\t\t\t<div class=\"wd-text-block reset-last-child text-left\">\n\t\t\t\n\t\t\t<p>Proveedor directo de f\u00e1brica de Packwoods x Runtz Runty Marble 1 gramo al por mayor en Vapewholesalees. Ofrecemos Packwoods x Runtz Marble 1g vac\u00edos desechables y vaporizadores al mejor precio al por mayor (OEM\/ODM).<\/p><p>Descubre la mejor f\u00e1brica de <a href=\"https:\/\/www.vapewholesalees.com\/en\/\">vaporizadores Wholesale en Vapewholesalees<\/a>.<\/p><ul><li style=\"text-align: left;\"><strong><a href=\"https:\/\/vapewholesalees.com\/en\/product-category\/vape-de-marca\/\">Para saber m\u00e1s sobre otras marcas de productos de vapeo<\/a><\/strong><\/li><li style=\"text-align: left;\">Por favor revise las siguientes p\u00e1ginas:<\/li><li style=\"text-align: left;\"><a href=\"https:\/\/www.vapewholesalees.com\/en\/product\/gas-house-x-packwoods-v2-2g-con-pantalla-digital\/\"><strong>Gas house X Packwoods v2<\/strong><\/a><\/li><li style=\"text-align: left;\"><strong><a href=\"https:\/\/www.vapewholesalees.com\/en\/product\/packwoods-x-runtz-v2-2g\/\">Packwoods X Runtz V2<\/a><\/strong><\/li><li style=\"text-align: left;\"><a href=\"https:\/\/www.vapewholesalees.com\/en\/product\/vape-desechable-packwoods-de-2g-con-pantalla\/\"><strong>Packwoods desechable LED<\/strong><\/a><\/li><\/ul>\n\t\t\t\t\t<\/div>\n\t\t\t\t\t\t<\/div>\n\t\t\t\t<\/div>\n\t\t\t\t\t<\/div>\n\t\t\t\t<\/div>\n\t\t\t\t<\/div>","protected":false},"excerpt":{"rendered":"<h1>Packwoods x runtz m\u00e1rmol 1000 mg &#8211; Nuevo envase a granel<\/h1>\n<h2><strong>Packwoods x Runtz Runty Marble 1 gramo al por mayor- Nuevo envase a granel<\/strong><\/h2>\n<p>Dise\u00f1ado para envasadores con licencia que lanzan nuevos sabores al por mayor. La c\u00e1mara de 2 gramos se complementa con un sistema de carga USB-C y calentamiento cer\u00e1mico para un rendimiento uniforme y resistente a obstrucciones. El hardware incluye un flujo de aire antifugas para optimizar el cumplimiento normativo. Ideal para marcas OEM\/ODM y compras al por mayor; no incluye aceite.<\/p>\n<p>Tambi\u00e9n ofrecemos <a href=\"https:\/\/www.vapewholesalees.com\/en\/\">m\u00e1s opciones en <strong>Vapewholesale<\/strong><\/a>. \u00a1Compra con confianza!<\/p>\n<h3><strong>Bulk Made Affordable,Buy More, Save More:<\/strong><\/h3>\n<h3><strong>100+ 500+ 1000+ 2000+ 5000+<\/strong><\/h3>\n<h3><strong>3.48\u00a0 \u00a02.85\u00a0 \u00a02.78\u00a0 \u00a0 \u00a02.71\u00a0 \u00a0 \u00a0 \u00a02.64\u00a0 \u00a0\u00a0<\/strong><\/h3>","protected":false},"featured_media":16952,"comment_status":"open","ping_status":"closed","template":"","meta":[],"product_brand":[105],"product_cat":[20,108,85,27],"product_tag":[],"class_list":{"0":"post-16951","1":"product","2":"type-product","3":"status-publish","4":"has-post-thumbnail","6":"product_brand-packwoods","7":"product_cat-vapeo-desechable-vacio-de-diversas-capacidades-al-por-mayor","8":"product_cat-packwoods","9":"product_cat-vape-de-marca","10":"product_cat-vape-desechable-1g","12":"first","13":"instock","14":"shipping-taxable","15":"purchasable","16":"product-type-simple"},"_links":{"self":[{"href":"https:\/\/www.vapewholesalees.com\/en\/wp-json\/wp\/v2\/product\/16951","targetHints":{"allow":["GET"]}}],"collection":[{"href":"https:\/\/www.vapewholesalees.com\/en\/wp-json\/wp\/v2\/product"}],"about":[{"href":"https:\/\/www.vapewholesalees.com\/en\/wp-json\/wp\/v2\/types\/product"}],"replies":[{"embeddable":true,"href":"https:\/\/www.vapewholesalees.com\/en\/wp-json\/wp\/v2\/comments?post=16951"}],"version-history":[{"count":19,"href":"https:\/\/www.vapewholesalees.com\/en\/wp-json\/wp\/v2\/product\/16951\/revisions"}],"predecessor-version":[{"id":19034,"href":"https:\/\/www.vapewholesalees.com\/en\/wp-json\/wp\/v2\/product\/16951\/revisions\/19034"}],"wp:featuredmedia":[{"embeddable":true,"href":"https:\/\/www.vapewholesalees.com\/en\/wp-json\/wp\/v2\/media\/16952"}],"wp:attachment":[{"href":"https:\/\/www.vapewholesalees.com\/en\/wp-json\/wp\/v2\/media?parent=16951"}],"wp:term":[{"taxonomy":"product_brand","embeddable":true,"href":"https:\/\/www.vapewholesalees.com\/en\/wp-json\/wp\/v2\/product_brand?post=16951"},{"taxonomy":"product_cat","embeddable":true,"href":"https:\/\/www.vapewholesalees.com\/en\/wp-json\/wp\/v2\/product_cat?post=16951"},{"taxonomy":"product_tag","embeddable":true,"href":"https:\/\/www.vapewholesalees.com\/en\/wp-json\/wp\/v2\/product_tag?post=16951"}],"curies":[{"name":"wp","href":"https:\/\/api.w.org\/{rel}","templated":true}]}}