{"id":17219,"date":"2025-10-07T06:09:02","date_gmt":"2025-10-07T06:09:02","guid":{"rendered":"https:\/\/vapewholesalees.com\/?post_type=product&#038;p=17219"},"modified":"2025-10-27T06:50:56","modified_gmt":"2025-10-27T06:50:56","slug":"vape-desechable-packwoods-de-2g-con-pantalla","status":"publish","type":"product","link":"https:\/\/www.vapewholesalees.com\/en\/product\/vape-desechable-packwoods-de-2g-con-pantalla\/","title":{"rendered":"Packwoods desechable con pantalla LED 2ml-10 sabores al por mayor"},"content":{"rendered":"<div data-elementor-type=\"product-post\" data-elementor-id=\"17219\" class=\"elementor elementor-17219\" data-elementor-post-type=\"product\">\n\t\t\t\t<div class=\"wd-negative-gap elementor-element elementor-element-94bf729 e-flex e-con-boxed e-con e-parent\" data-id=\"94bf729\" data-element_type=\"container\">\n\t\t\t\t\t<div class=\"e-con-inner\">\n\t\t\t\t<div class=\"elementor-element elementor-element-1487695 elementor-widget__width-initial elementor-widget elementor-widget-wd_text_block\" data-id=\"1487695\" data-element_type=\"widget\" data-widget_type=\"wd_text_block.default\">\n\t\t\t\t<div class=\"elementor-widget-container\">\n\t\t\t\t\t\t\t<div class=\"wd-text-block reset-last-child text-left\">\n\t\t\t\n\t\t\t<p>Vape desechable Packwoods de 2g con pantalla | Venta al por mayor de vaporizadores de THC online<\/p><p>Sabores:<\/p><ul><li>Miamiffaze<br \/>Marshmallow fluff<br \/>Blackcherry Gelato<br \/>Unicorn Sherbet<br \/>Banana Flambe<br \/>Guava Bubblegum<br \/>Rainbow sorbet<br \/>Sour Gushers<br \/>Gelato Freeze<br \/>Jelly Dulce<\/li><\/ul><p>Volumen del tanque: 2 ml (vac\u00edo)<\/p><p>Capacidad de la bater\u00eda: 500 mAh<\/p><p>Cargador: Type-C<\/p>\n\t\t\t\t\t<\/div>\n\t\t\t\t\t\t<\/div>\n\t\t\t\t<\/div>\n\t\t\t\t<div class=\"elementor-element elementor-element-312ad12 elementor-widget__width-initial elementor-widget elementor-widget-wd_text_block\" data-id=\"312ad12\" data-element_type=\"widget\" data-widget_type=\"wd_text_block.default\">\n\t\t\t\t<div class=\"elementor-widget-container\">\n\t\t\t\t\t\t\t<div class=\"wd-text-block reset-last-child text-left\">\n\t\t\t\n\t\t\t<p>Servicio de Valor A\u00f1adido<br \/>\u2705 Para agilizar las entregas y aumentar la satisfacci\u00f3n del cliente, nuestra l\u00ednea Muha Meds cuenta con el respaldo de centros de inventario internacionales ubicados en California (EE. UU.), Nueva Jersey (EE. UU.), Chicago (EE. UU.), Reino Unido, Alemania, Italia y Polonia, lo que permite un cumplimiento regional m\u00e1s r\u00e1pido y tiempos de tr\u00e1nsito reducidos.<\/p>\n\t\t\t\t\t<\/div>\n\t\t\t\t\t\t<\/div>\n\t\t\t\t<\/div>\n\t\t\t\t<div class=\"elementor-element elementor-element-a29dc9a elementor-widget elementor-widget-wd_text_block\" data-id=\"a29dc9a\" data-element_type=\"widget\" data-widget_type=\"wd_text_block.default\">\n\t\t\t\t<div class=\"elementor-widget-container\">\n\t\t\t\t\t\t\t<div class=\"wd-text-block reset-last-child text-left\">\n\t\t\t\n\t\t\t<p>Proveedor directo de f\u00e1brica de Vape desechable Packwoods de 2g con pantalla al por mayor en Vapewholesalees. Ofrecemos vaporizadores desechables de THC vac\u00edos y vaporizadores desechables Packwoods de alta calidad al mejor precio a granel (OEM\/ODM).<\/p><p>Descubre la mejor f\u00e1brica de <a href=\"https:\/\/www.vapewholesalees.com\/en\/\">vaporizadores Wholesale en Vapewholesalees<\/a>.<\/p><ul><li style=\"text-align: left;\"><strong><a href=\"https:\/\/vapewholesalees.com\/en\/product-category\/vape-de-marca\/\">Para saber m\u00e1s sobre otras marcas de productos de vapeo<\/a><\/strong><\/li><li style=\"text-align: left;\">Por favor revise las siguientes p\u00e1ginas:<\/li><li style=\"text-align: left;\"><a href=\"https:\/\/www.vapewholesalees.com\/en\/product\/gas-house-x-packwoods-v2-2g-con-pantalla-digital\/\"><strong>Gas house X Packwoods v2<\/strong><\/a><\/li><li style=\"text-align: left;\"><strong><a href=\"https:\/\/www.vapewholesalees.com\/en\/product\/packwoods-x-runtz-v2-2g\/\">Packwoods X Runtz V2<\/a><\/strong><\/li><li style=\"text-align: left;\"><strong><a href=\"https:\/\/www.vapewholesalees.com\/en\/product\/extractos-packwoods-x-runtz-1000-mg\/\">Packwoods x Runtz Long Edition<\/a><\/strong><\/li><li style=\"text-align: left;\">\u00a0<\/li><\/ul>\n\t\t\t\t\t<\/div>\n\t\t\t\t\t\t<\/div>\n\t\t\t\t<\/div>\n\t\t\t\t\t<\/div>\n\t\t\t\t<\/div>\n\t\t\t\t<\/div>","protected":false},"excerpt":{"rendered":"<h1>Packwoods desechable con pantalla LED 2ml-10 sabores al por mayor<\/h1>\n<h2>Vape desechable Packwoods de 2g con pantalla-Venta 10 sabores al por mayor<\/h2>\n<p>Dise\u00f1ado para envasadores con licencia que lanzan nuevos sabores al por mayor. La c\u00e1mara de 2 gramos se complementa con un sistema de carga Type-C y calentamiento cer\u00e1mico para un rendimiento uniforme y resistente a obstrucciones. El hardware incluye un flujo de aire antifugas para optimizar el cumplimiento normativo. Ideal para marcas OEM\/ODM y compras al por mayor; no incluye aceite.<\/p>\n<p>Tambi\u00e9n ofrecemos <a href=\"https:\/\/www.vapewholesalees.com\/en\/\">m\u00e1s opciones en <strong>Vapewholesale<\/strong><\/a>. \u00a1Compra con confianza!<\/p>\n<h3><strong>Bulk Made Affordable,Buy More, Save More:<\/strong><\/h3>\n<h3><strong>100+ 500+ 1000+ 2000+ 5000+<\/strong><\/h3>\n<h3><strong>4.28\u00a0 \u00a03.56\u00a0 \u00a03.47\u00a0 \u00a0 \u00a03.39\u00a0 \u00a0 \u00a0 \u00a03.31\u00a0 \u00a0\u00a0<\/strong><\/h3>","protected":false},"featured_media":17220,"comment_status":"open","ping_status":"closed","template":"","meta":[],"product_brand":[105],"product_cat":[20,76,83,85,108],"product_tag":[],"class_list":{"0":"post-17219","1":"product","2":"type-product","3":"status-publish","4":"has-post-thumbnail","6":"product_brand-packwoods","7":"product_cat-vapeo-desechable-vacio-de-diversas-capacidades-al-por-mayor","8":"product_cat-vape-desechable-2g","9":"product_cat-vape-desechable-con-pantalla","10":"product_cat-vape-de-marca","11":"product_cat-packwoods","13":"first","14":"instock","15":"shipping-taxable","16":"purchasable","17":"product-type-simple"},"_links":{"self":[{"href":"https:\/\/www.vapewholesalees.com\/en\/wp-json\/wp\/v2\/product\/17219","targetHints":{"allow":["GET"]}}],"collection":[{"href":"https:\/\/www.vapewholesalees.com\/en\/wp-json\/wp\/v2\/product"}],"about":[{"href":"https:\/\/www.vapewholesalees.com\/en\/wp-json\/wp\/v2\/types\/product"}],"replies":[{"embeddable":true,"href":"https:\/\/www.vapewholesalees.com\/en\/wp-json\/wp\/v2\/comments?post=17219"}],"version-history":[{"count":13,"href":"https:\/\/www.vapewholesalees.com\/en\/wp-json\/wp\/v2\/product\/17219\/revisions"}],"predecessor-version":[{"id":19025,"href":"https:\/\/www.vapewholesalees.com\/en\/wp-json\/wp\/v2\/product\/17219\/revisions\/19025"}],"wp:featuredmedia":[{"embeddable":true,"href":"https:\/\/www.vapewholesalees.com\/en\/wp-json\/wp\/v2\/media\/17220"}],"wp:attachment":[{"href":"https:\/\/www.vapewholesalees.com\/en\/wp-json\/wp\/v2\/media?parent=17219"}],"wp:term":[{"taxonomy":"product_brand","embeddable":true,"href":"https:\/\/www.vapewholesalees.com\/en\/wp-json\/wp\/v2\/product_brand?post=17219"},{"taxonomy":"product_cat","embeddable":true,"href":"https:\/\/www.vapewholesalees.com\/en\/wp-json\/wp\/v2\/product_cat?post=17219"},{"taxonomy":"product_tag","embeddable":true,"href":"https:\/\/www.vapewholesalees.com\/en\/wp-json\/wp\/v2\/product_tag?post=17219"}],"curies":[{"name":"wp","href":"https:\/\/api.w.org\/{rel}","templated":true}]}}