{"id":17250,"date":"2025-10-07T07:21:26","date_gmt":"2025-10-07T07:21:26","guid":{"rendered":"https:\/\/vapewholesalees.com\/?post_type=product&#038;p=17250"},"modified":"2025-10-27T06:46:12","modified_gmt":"2025-10-27T06:46:12","slug":"jeeter-juice-v2-live-resin-de-1-g","status":"publish","type":"product","link":"https:\/\/www.vapewholesalees.com\/en\/product\/jeeter-juice-v2-live-resin-de-1-g\/","title":{"rendered":"Jeeter Juice V2 1000 mg desechable con pantalla &#8211; Nuevo empaque a granel"},"content":{"rendered":"<div data-elementor-type=\"product-post\" data-elementor-id=\"17250\" class=\"elementor elementor-17250\" data-elementor-post-type=\"product\">\n\t\t\t\t<div class=\"wd-negative-gap elementor-element elementor-element-9e6ce8e e-flex e-con-boxed e-con e-parent\" data-id=\"9e6ce8e\" data-element_type=\"container\">\n\t\t\t\t\t<div class=\"e-con-inner\">\n\t\t\t\t<div class=\"elementor-element elementor-element-091ce7b elementor-widget__width-initial elementor-widget elementor-widget-wd_text_block\" data-id=\"091ce7b\" data-element_type=\"widget\" data-widget_type=\"wd_text_block.default\">\n\t\t\t\t<div class=\"elementor-widget-container\">\n\t\t\t\t\t\t\t<div class=\"wd-text-block reset-last-child text-left\">\n\t\t\t\n\t\t\t<p>Nueva Jeeter Juice V2 Live Resin de 1 g | Jeeter Juice V2 de 1 ml al por mayor con pantalla digital<\/p><p>Sabores:<\/p><ul><li>JACK\u00a0THE\u00a0RIPPER<br \/>DIVINE\u00a0STORM<br \/>CHRONIC\u00a0THUNDER<br \/>SUNSHINE<br \/>HI-OCTANE<br \/>LEMON\u00a0OG<br \/>THE\u00a0AZUCAR<br \/>PURPLE\u00a0PASSION<br \/>GMO<br \/>SUGAR\u00a0MELON<\/li><\/ul><p>Volumen del tanque: 1 ml (vac\u00edo)<\/p><p>Capacidad de la bater\u00eda: 320 mAh<\/p><p>Orificio de entrada de aceite: 4 x 1.6 mm<\/p><p>Cargador: Type-C<\/p>\n\t\t\t\t\t<\/div>\n\t\t\t\t\t\t<\/div>\n\t\t\t\t<\/div>\n\t\t\t\t<div class=\"elementor-element elementor-element-b239cba elementor-widget__width-initial elementor-widget elementor-widget-wd_text_block\" data-id=\"b239cba\" data-element_type=\"widget\" data-widget_type=\"wd_text_block.default\">\n\t\t\t\t<div class=\"elementor-widget-container\">\n\t\t\t\t\t\t\t<div class=\"wd-text-block reset-last-child text-left\">\n\t\t\t\n\t\t\t<p>Servicio de Valor A\u00f1adido<br \/>\u2705 Para agilizar las entregas y aumentar la satisfacci\u00f3n del cliente, nuestra l\u00ednea Muha Meds cuenta con el respaldo de centros de inventario internacionales ubicados en California (EE. UU.), Nueva Jersey (EE. UU.), Chicago (EE. UU.), Reino Unido, Alemania, Italia y Polonia, lo que permite un cumplimiento regional m\u00e1s r\u00e1pido y tiempos de tr\u00e1nsito reducidos.<\/p>\n\t\t\t\t\t<\/div>\n\t\t\t\t\t\t<\/div>\n\t\t\t\t<\/div>\n\t\t\t\t<div class=\"elementor-element elementor-element-944e0e1 elementor-widget elementor-widget-wd_text_block\" data-id=\"944e0e1\" data-element_type=\"widget\" data-widget_type=\"wd_text_block.default\">\n\t\t\t\t<div class=\"elementor-widget-container\">\n\t\t\t\t\t\t\t<div class=\"wd-text-block reset-last-child text-left\">\n\t\t\t\n\t\t\t<p>Proveedor directo de f\u00e1brica de Jeeter Juice V2 Live Resin de 1 g al por mayor en Vapewholesalees. Ofrecemos Jeeter Juice V2 vac\u00edo de 1 ml con pantalla digital y la nueva edici\u00f3n de Jeeter Juice al mejor precio a granel (OEM\/ODM).<\/p><p>Descubre la mejor f\u00e1brica de <a href=\"https:\/\/www.vapewholesalees.com\/en\/\">vaporizadores Wholesale en Vapewholesalees<\/a>.<\/p><ul><li style=\"text-align: left;\"><a href=\"https:\/\/vapewholesalees.com\/en\/product-category\/vape-de-marca\/\">Para saber m\u00e1s sobre otras marcas de productos de vapeo<\/a><\/li><li style=\"text-align: left;\">Por favor revise las siguientes p\u00e1ginas:<\/li><li><a href=\"https:\/\/www.vapewholesalees.com\/en\/product\/jeeter-juice-nueva-edicion-2ml-desechable\/\"><strong>Jeeter Juice nueva edici\u00f3n 2ml<\/strong><\/a><\/li><li><a href=\"https:\/\/www.vapewholesalees.com\/en\/product\/jeeter-juice-v2-live-resin-de-2000mg\/\"><strong>jeeter juice v2 2000mg<\/strong><\/a><\/li><\/ul>\n\t\t\t\t\t<\/div>\n\t\t\t\t\t\t<\/div>\n\t\t\t\t<\/div>\n\t\t\t\t\t<\/div>\n\t\t\t\t<\/div>\n\t\t\t\t<\/div>","protected":false},"excerpt":{"rendered":"<h1>Jeeter Juice V2 1000 mg desechable con pantalla &#8211; Nuevo empaque a granel<\/h1>\n<h2>Jeeter Juice V2 Live Resin de 1 g-Jeeter Juice V2 nuevo empaque a granel<\/h2>\n<p>Dise\u00f1ado para envasadores con licencia que lanzan nuevos sabores al por mayor. La c\u00e1mara de 2 gramos se complementa con un sistema de carga Type-C y calentamiento cer\u00e1mico para un rendimiento uniforme y resistente a obstrucciones. El hardware incluye un flujo de aire antifugas para optimizar el cumplimiento normativo. Ideal para marcas OEM\/ODM y compras al por mayor; no incluye aceite.<\/p>\n<p>Tambi\u00e9n ofrecemos <a href=\"https:\/\/www.vapewholesalees.com\/en\/\">m\u00e1s opciones en <strong>Vapewholesale<\/strong><\/a>. \u00a1Compra con confianza!<\/p>\n<h3><strong>Bulk Made Affordable,Buy More, Save More:<\/strong><\/h3>\n<h3><strong>200+ 500+ 1000+ 2000+ 5000+<\/strong><\/h3>\n<h3><strong>3.48\u00a0 \u00a03.06\u00a0 \u00a02.99\u00a0 \u00a0 \u00a02.92\u00a0 \u00a0 \u00a0 \u00a02.86\u00a0 \u00a0\u00a0<\/strong><\/h3>","protected":false},"featured_media":17251,"comment_status":"open","ping_status":"closed","template":"","meta":[],"product_brand":[115],"product_cat":[20,117,85,27,83],"product_tag":[],"class_list":{"0":"post-17250","1":"product","2":"type-product","3":"status-publish","4":"has-post-thumbnail","6":"product_brand-jeeter-juice","7":"product_cat-vapeo-desechable-vacio-de-diversas-capacidades-al-por-mayor","8":"product_cat-jeeter-juice","9":"product_cat-vape-de-marca","10":"product_cat-vape-desechable-1g","11":"product_cat-vape-desechable-con-pantalla","13":"first","14":"instock","15":"sale","16":"shipping-taxable","17":"purchasable","18":"product-type-simple"},"_links":{"self":[{"href":"https:\/\/www.vapewholesalees.com\/en\/wp-json\/wp\/v2\/product\/17250","targetHints":{"allow":["GET"]}}],"collection":[{"href":"https:\/\/www.vapewholesalees.com\/en\/wp-json\/wp\/v2\/product"}],"about":[{"href":"https:\/\/www.vapewholesalees.com\/en\/wp-json\/wp\/v2\/types\/product"}],"replies":[{"embeddable":true,"href":"https:\/\/www.vapewholesalees.com\/en\/wp-json\/wp\/v2\/comments?post=17250"}],"version-history":[{"count":14,"href":"https:\/\/www.vapewholesalees.com\/en\/wp-json\/wp\/v2\/product\/17250\/revisions"}],"predecessor-version":[{"id":19015,"href":"https:\/\/www.vapewholesalees.com\/en\/wp-json\/wp\/v2\/product\/17250\/revisions\/19015"}],"wp:featuredmedia":[{"embeddable":true,"href":"https:\/\/www.vapewholesalees.com\/en\/wp-json\/wp\/v2\/media\/17251"}],"wp:attachment":[{"href":"https:\/\/www.vapewholesalees.com\/en\/wp-json\/wp\/v2\/media?parent=17250"}],"wp:term":[{"taxonomy":"product_brand","embeddable":true,"href":"https:\/\/www.vapewholesalees.com\/en\/wp-json\/wp\/v2\/product_brand?post=17250"},{"taxonomy":"product_cat","embeddable":true,"href":"https:\/\/www.vapewholesalees.com\/en\/wp-json\/wp\/v2\/product_cat?post=17250"},{"taxonomy":"product_tag","embeddable":true,"href":"https:\/\/www.vapewholesalees.com\/en\/wp-json\/wp\/v2\/product_tag?post=17250"}],"curies":[{"name":"wp","href":"https:\/\/api.w.org\/{rel}","templated":true}]}}