{"id":17264,"date":"2025-10-07T07:31:25","date_gmt":"2025-10-07T07:31:25","guid":{"rendered":"https:\/\/vapewholesalees.com\/?post_type=product&#038;p=17264"},"modified":"2025-10-20T06:33:19","modified_gmt":"2025-10-20T06:33:19","slug":"jeeter-juice-v2-live-resin-de-2000mg","status":"publish","type":"product","link":"https:\/\/www.vapewholesalees.com\/en\/product\/jeeter-juice-v2-live-resin-de-2000mg\/","title":{"rendered":"Jeeter Juice V2 2g desechable con pantalla &#8211; Nuevo empaque a granel"},"content":{"rendered":"<div data-elementor-type=\"product-post\" data-elementor-id=\"17264\" class=\"elementor elementor-17264\" data-elementor-post-type=\"product\">\n\t\t\t\t<div class=\"wd-negative-gap elementor-element elementor-element-4aaa69f e-flex e-con-boxed e-con e-parent\" data-id=\"4aaa69f\" data-element_type=\"container\">\n\t\t\t\t\t<div class=\"e-con-inner\">\n\t\t\t\t<div class=\"elementor-element elementor-element-ce1f8d3 elementor-widget__width-initial elementor-widget elementor-widget-wd_text_block\" data-id=\"ce1f8d3\" data-element_type=\"widget\" data-widget_type=\"wd_text_block.default\">\n\t\t\t\t<div class=\"elementor-widget-container\">\n\t\t\t\t\t\t\t<div class=\"wd-text-block reset-last-child text-left\">\n\t\t\t\n\t\t\t<p>Nuevo Jeeter Juice V2 Live Resin de 2000mg | Jeeter Juice V2 de 2ml al por mayor con pantalla digitalr<\/p><p>Sabores:<\/p><ul><li>JACK\u00a0THE\u00a0RIPPER<br \/>DIVINE\u00a0STORM<br \/>CHRONIC\u00a0THUNDER<br \/>SUNSHINE<br \/>HI-OCTANE<br \/>LEMON\u00a0OG<br \/>THE\u00a0AZUCAR<br \/>PURPLE\u00a0PASSION<br \/>GMO<br \/>SUGAR\u00a0MELON<\/li><\/ul><p>Volumen del tanque: 2 ml (vac\u00edo)<\/p><p>Capacidad de la bater\u00eda: 320 mAh<\/p><p>Orificio de entrada de aceite: 4 x 1.6 mm<\/p><p>Cargador: Type-C<\/p>\n\t\t\t\t\t<\/div>\n\t\t\t\t\t\t<\/div>\n\t\t\t\t<\/div>\n\t\t\t\t<div class=\"elementor-element elementor-element-c636a74 elementor-widget__width-initial elementor-widget elementor-widget-wd_text_block\" data-id=\"c636a74\" data-element_type=\"widget\" data-widget_type=\"wd_text_block.default\">\n\t\t\t\t<div class=\"elementor-widget-container\">\n\t\t\t\t\t\t\t<div class=\"wd-text-block reset-last-child text-left\">\n\t\t\t\n\t\t\t<p>Servicio de Valor A\u00f1adido<br \/>\u2705 Para agilizar las entregas y aumentar la satisfacci\u00f3n del cliente, nuestra l\u00ednea Muha Meds cuenta con el respaldo de centros de inventario internacionales ubicados en California (EE. UU.), Nueva Jersey (EE. UU.), Chicago (EE. UU.), Reino Unido, Alemania, Italia y Polonia, lo que permite un cumplimiento regional m\u00e1s r\u00e1pido y tiempos de tr\u00e1nsito reducidos.<\/p>\n\t\t\t\t\t<\/div>\n\t\t\t\t\t\t<\/div>\n\t\t\t\t<\/div>\n\t\t\t\t<div class=\"elementor-element elementor-element-5430603 elementor-widget elementor-widget-wd_text_block\" data-id=\"5430603\" data-element_type=\"widget\" data-widget_type=\"wd_text_block.default\">\n\t\t\t\t<div class=\"elementor-widget-container\">\n\t\t\t\t\t\t\t<div class=\"wd-text-block reset-last-child text-left\">\n\t\t\t\n\t\t\t<p>Proveedor directo de f\u00e1brica de Jeeter Juice V2 Live Resin de 2000mg al por mayor en Vapewholesalees. Ofrecemos Jeeter Juice V2 vac\u00edo de 2ml con pantalla digital y la nueva edici\u00f3n de Jeeter Juice al mejor precio a granel (OEM\/ODM).<\/p><p>Descubre la mejor f\u00e1brica de <a href=\"https:\/\/www.vapewholesalees.com\/en\/\">vaporizadores Wholesale en Vapewholesalees<\/a>.<\/p><ul><li style=\"text-align: left;\"><a href=\"https:\/\/vapewholesalees.com\/en\/product-category\/vape-de-marca\/\">Para saber m\u00e1s sobre otras marcas de productos de vapeo<\/a><\/li><li style=\"text-align: left;\">Por favor revise las siguientes p\u00e1ginas:<\/li><li style=\"text-align: left;\"><a href=\"https:\/\/www.vapewholesalees.com\/en\/product\/muha-meds-2g-spring-edition\/\">Muha Meds SPRING<\/a><\/li><li style=\"text-align: left;\"><a href=\"https:\/\/www.vapewholesalees.com\/en\/product\/muha-meds-2025-summer-edition-swan-2ml\/\">MUHA MEDS SUMMER Swan<\/a><\/li><li style=\"text-align: left;\"><a href=\"https:\/\/www.vapewholesalees.com\/en\/product\/muha-meds-2025-summer-edition-new-york-2g\/\">MUHA MEDS New York<\/a><\/li><\/ul>\n\t\t\t\t\t<\/div>\n\t\t\t\t\t\t<\/div>\n\t\t\t\t<\/div>\n\t\t\t\t\t<\/div>\n\t\t\t\t<\/div>\n\t\t\t\t<\/div>","protected":false},"excerpt":{"rendered":"<h1>Jeeter Juice V2 2g desechable con pantalla &#8211; Nuevo empaque a granel<\/h1>\n<h2>Jeeter Juice V2 Live Resin de 2000mg- Nuevo empaque a granel<\/h2>\n<p>Dise\u00f1ado para envasadores con licencia que lanzan nuevos sabores al por mayor. La c\u00e1mara de 2 gramos se complementa con un sistema de carga Type-C y calentamiento cer\u00e1mico para un rendimiento uniforme y resistente a obstrucciones. El hardware incluye un flujo de aire antifugas para optimizar el cumplimiento normativo. Ideal para marcas OEM\/ODM y compras al por mayor; no incluye aceite.<\/p>\n<p>Tambi\u00e9n ofrecemos <a href=\"https:\/\/www.vapewholesalees.com\/en\/\">m\u00e1s opciones en <strong>Vapewholesale<\/strong><\/a>. \u00a1Compra con confianza!<\/p>\n<h3><strong>Bulk Made Affordable,Buy More, Save More:<\/strong><\/h3>\n<h3><strong>100+ 500+ 1000+ 2000+ 5000+<\/strong><\/h3>\n<h3><strong>3.48\u00a0 \u00a03.06\u00a0 \u00a02.99\u00a0 \u00a0 \u00a02.92\u00a0 \u00a0 \u00a0 \u00a02.86\u00a0 \u00a0\u00a0<\/strong><\/h3>","protected":false},"featured_media":17265,"comment_status":"open","ping_status":"closed","template":"","meta":[],"product_brand":[115],"product_cat":[20,76,83,85,117],"product_tag":[],"class_list":{"0":"post-17264","1":"product","2":"type-product","3":"status-publish","4":"has-post-thumbnail","6":"product_brand-jeeter-juice","7":"product_cat-vapeo-desechable-vacio-de-diversas-capacidades-al-por-mayor","8":"product_cat-vape-desechable-2g","9":"product_cat-vape-desechable-con-pantalla","10":"product_cat-vape-de-marca","11":"product_cat-jeeter-juice","13":"first","14":"instock","15":"sale","16":"shipping-taxable","17":"purchasable","18":"product-type-simple"},"_links":{"self":[{"href":"https:\/\/www.vapewholesalees.com\/en\/wp-json\/wp\/v2\/product\/17264","targetHints":{"allow":["GET"]}}],"collection":[{"href":"https:\/\/www.vapewholesalees.com\/en\/wp-json\/wp\/v2\/product"}],"about":[{"href":"https:\/\/www.vapewholesalees.com\/en\/wp-json\/wp\/v2\/types\/product"}],"replies":[{"embeddable":true,"href":"https:\/\/www.vapewholesalees.com\/en\/wp-json\/wp\/v2\/comments?post=17264"}],"version-history":[{"count":8,"href":"https:\/\/www.vapewholesalees.com\/en\/wp-json\/wp\/v2\/product\/17264\/revisions"}],"predecessor-version":[{"id":18415,"href":"https:\/\/www.vapewholesalees.com\/en\/wp-json\/wp\/v2\/product\/17264\/revisions\/18415"}],"wp:featuredmedia":[{"embeddable":true,"href":"https:\/\/www.vapewholesalees.com\/en\/wp-json\/wp\/v2\/media\/17265"}],"wp:attachment":[{"href":"https:\/\/www.vapewholesalees.com\/en\/wp-json\/wp\/v2\/media?parent=17264"}],"wp:term":[{"taxonomy":"product_brand","embeddable":true,"href":"https:\/\/www.vapewholesalees.com\/en\/wp-json\/wp\/v2\/product_brand?post=17264"},{"taxonomy":"product_cat","embeddable":true,"href":"https:\/\/www.vapewholesalees.com\/en\/wp-json\/wp\/v2\/product_cat?post=17264"},{"taxonomy":"product_tag","embeddable":true,"href":"https:\/\/www.vapewholesalees.com\/en\/wp-json\/wp\/v2\/product_tag?post=17264"}],"curies":[{"name":"wp","href":"https:\/\/api.w.org\/{rel}","templated":true}]}}