{"id":17292,"date":"2025-10-07T08:22:41","date_gmt":"2025-10-07T08:22:41","guid":{"rendered":"https:\/\/vapewholesalees.com\/?post_type=product&#038;p=17292"},"modified":"2025-10-27T06:42:40","modified_gmt":"2025-10-27T06:42:40","slug":"jeeter-juice-nueva-edicion-2ml-desechable","status":"publish","type":"product","link":"https:\/\/www.vapewholesalees.com\/en\/product\/jeeter-juice-nueva-edicion-2ml-desechable\/","title":{"rendered":"Jeeter Juice 2000mg nueva edici\u00f3n &#8211; Jeeter Juice vac\u00edo desechable al por mayor"},"content":{"rendered":"<div data-elementor-type=\"product-post\" data-elementor-id=\"17292\" class=\"elementor elementor-17292\" data-elementor-post-type=\"product\">\n\t\t\t\t<div class=\"wd-negative-gap elementor-element elementor-element-7eda00d e-flex e-con-boxed e-con e-parent\" data-id=\"7eda00d\" data-element_type=\"container\">\n\t\t\t\t\t<div class=\"e-con-inner\">\n\t\t\t\t<div class=\"elementor-element elementor-element-71bb044 elementor-widget__width-initial elementor-widget elementor-widget-wd_text_block\" data-id=\"71bb044\" data-element_type=\"widget\" data-widget_type=\"wd_text_block.default\">\n\t\t\t\t<div class=\"elementor-widget-container\">\n\t\t\t\t\t\t\t<div class=\"wd-text-block reset-last-child text-left\">\n\t\t\t\n\t\t\t<p>Jeeter Juice nueva edici\u00f3n 2ml desechable a granel | Jeeter Juice Live Resin 2g al por mayor<\/p><p>Sabores:<\/p><ul><li>DUTCH PASSION<br \/>KISH<br \/>SKY LOTUS<br \/>TK LATO<br \/>DURBAN POISON<br \/>LAVENDER JONES<br \/>WHIE BUFFALO<br \/>PUNCH BREATH<br \/>COSMOS<br \/>CHERRY PUNCH<\/li><\/ul><p>Volumen del tanque: 2 ml (vac\u00edo)<\/p><p>Capacidad de la bater\u00eda: 320 mAh<\/p><p>Orificio de entrada de aceite: 4 x 1.6 mm<\/p><p>Cargador: Type-C<\/p>\n\t\t\t\t\t<\/div>\n\t\t\t\t\t\t<\/div>\n\t\t\t\t<\/div>\n\t\t\t\t<div class=\"elementor-element elementor-element-e08bb4c elementor-widget__width-initial elementor-widget elementor-widget-wd_text_block\" data-id=\"e08bb4c\" data-element_type=\"widget\" data-widget_type=\"wd_text_block.default\">\n\t\t\t\t<div class=\"elementor-widget-container\">\n\t\t\t\t\t\t\t<div class=\"wd-text-block reset-last-child text-left\">\n\t\t\t\n\t\t\t<p>Servicio de Valor A\u00f1adido<br \/>\u2705 Para agilizar las entregas y aumentar la satisfacci\u00f3n del cliente, nuestra l\u00ednea Muha Meds cuenta con el respaldo de centros de inventario internacionales ubicados en California (EE. UU.), Nueva Jersey (EE. UU.), Chicago (EE. UU.), Reino Unido, Alemania, Italia y Polonia, lo que permite un cumplimiento regional m\u00e1s r\u00e1pido y tiempos de tr\u00e1nsito reducidos.<\/p>\n\t\t\t\t\t<\/div>\n\t\t\t\t\t\t<\/div>\n\t\t\t\t<\/div>\n\t\t\t\t<div class=\"elementor-element elementor-element-a005164 elementor-widget elementor-widget-wd_text_block\" data-id=\"a005164\" data-element_type=\"widget\" data-widget_type=\"wd_text_block.default\">\n\t\t\t\t<div class=\"elementor-widget-container\">\n\t\t\t\t\t\t\t<div class=\"wd-text-block reset-last-child text-left\">\n\t\t\t\n\t\t\t<p>Proveedor directo de f\u00e1brica de Jeeter Juice nueva edici\u00f3n 2ml desechable al por mayor en Vapewholesalees. Ofrecemos Jeeter Juice vac\u00edo de 2g y en envases nuevos al mejor precio a granel (OEM\/ODM).<\/p><p>Descubre la mejor f\u00e1brica de <a href=\"https:\/\/www.vapewholesalees.com\/en\/\">vaporizadores Wholesale en Vapewholesalees<\/a>.<\/p><ul><li style=\"text-align: left;\"><strong><a href=\"https:\/\/vapewholesalees.com\/en\/product-category\/vape-de-marca\/\">Para saber m\u00e1s sobre otras marcas de productos de vapeo<\/a><\/strong><\/li><li style=\"text-align: left;\">Por favor revise las siguientes p\u00e1ginas:<\/li><li style=\"text-align: left;\"><a href=\"https:\/\/www.vapewholesalees.com\/en\/product\/jeeter-juice-v2-live-resin-de-1-g\/\"><strong>Nuevo Jeeter Juice V2 1g<\/strong><\/a><\/li><li><a href=\"https:\/\/www.vapewholesalees.com\/en\/product\/jeeter-juice-v2-live-resin-de-2000mg\/\"><strong>jeeter juice v2 2000mg<\/strong><\/a><\/li><li><a href=\"https:\/\/www.vapewholesalees.com\/en\/product\/jeeter-juice-nueva-edicion-1-g-desechable\/\"><strong>jeeter juice 1000mg<\/strong><\/a><\/li><\/ul>\n\t\t\t\t\t<\/div>\n\t\t\t\t\t\t<\/div>\n\t\t\t\t<\/div>\n\t\t\t\t\t<\/div>\n\t\t\t\t<\/div>\n\t\t\t\t<\/div>","protected":false},"excerpt":{"rendered":"<h1>Jeeter Juice 2000mg nueva edici\u00f3n &#8211; Jeeter Juice vac\u00edo desechable al por mayor<\/h1>\n<h2>Jeeter Juice nueva edici\u00f3n 2ml desechable- Jeeter Juice vac\u00edo desechable al por mayor<\/h2>\n<p>Dise\u00f1ado para envasadores con licencia que lanzan nuevos sabores al por mayor. La c\u00e1mara de 2 gramos se complementa con un sistema de carga Type-C y calentamiento cer\u00e1mico para un rendimiento uniforme y resistente a obstrucciones. El hardware incluye un flujo de aire antifugas para optimizar el cumplimiento normativo. Ideal para marcas OEM\/ODM y compras al por mayor; no incluye aceite.<\/p>\n<p>Tambi\u00e9n ofrecemos <a href=\"https:\/\/www.vapewholesalees.com\/en\/\">m\u00e1s opciones en <strong>Vapewholesale<\/strong><\/a>. \u00a1Compra con confianza!<\/p>\n<h3><strong>Bulk Made Affordable,Buy More, Save More:<\/strong><\/h3>\n<h3><strong>200+ 500+ 1000+ 2000+ 5000+<\/strong><\/h3>\n<h3><strong>3.18\u00a0 \u00a02.73\u00a0 \u00a02.67\u00a0 \u00a0 \u00a02.61\u00a0 \u00a0 \u00a0 \u00a02.55\u00a0 \u00a0\u00a0<\/strong><\/h3>","protected":false},"featured_media":17279,"comment_status":"open","ping_status":"closed","template":"","meta":[],"product_brand":[115],"product_cat":[20,117,85,76],"product_tag":[],"class_list":{"0":"post-17292","1":"product","2":"type-product","3":"status-publish","4":"has-post-thumbnail","6":"product_brand-jeeter-juice","7":"product_cat-vapeo-desechable-vacio-de-diversas-capacidades-al-por-mayor","8":"product_cat-jeeter-juice","9":"product_cat-vape-de-marca","10":"product_cat-vape-desechable-2g","12":"first","13":"instock","14":"sale","15":"shipping-taxable","16":"purchasable","17":"product-type-simple"},"_links":{"self":[{"href":"https:\/\/www.vapewholesalees.com\/en\/wp-json\/wp\/v2\/product\/17292","targetHints":{"allow":["GET"]}}],"collection":[{"href":"https:\/\/www.vapewholesalees.com\/en\/wp-json\/wp\/v2\/product"}],"about":[{"href":"https:\/\/www.vapewholesalees.com\/en\/wp-json\/wp\/v2\/types\/product"}],"replies":[{"embeddable":true,"href":"https:\/\/www.vapewholesalees.com\/en\/wp-json\/wp\/v2\/comments?post=17292"}],"version-history":[{"count":14,"href":"https:\/\/www.vapewholesalees.com\/en\/wp-json\/wp\/v2\/product\/17292\/revisions"}],"predecessor-version":[{"id":19009,"href":"https:\/\/www.vapewholesalees.com\/en\/wp-json\/wp\/v2\/product\/17292\/revisions\/19009"}],"wp:featuredmedia":[{"embeddable":true,"href":"https:\/\/www.vapewholesalees.com\/en\/wp-json\/wp\/v2\/media\/17279"}],"wp:attachment":[{"href":"https:\/\/www.vapewholesalees.com\/en\/wp-json\/wp\/v2\/media?parent=17292"}],"wp:term":[{"taxonomy":"product_brand","embeddable":true,"href":"https:\/\/www.vapewholesalees.com\/en\/wp-json\/wp\/v2\/product_brand?post=17292"},{"taxonomy":"product_cat","embeddable":true,"href":"https:\/\/www.vapewholesalees.com\/en\/wp-json\/wp\/v2\/product_cat?post=17292"},{"taxonomy":"product_tag","embeddable":true,"href":"https:\/\/www.vapewholesalees.com\/en\/wp-json\/wp\/v2\/product_tag?post=17292"}],"curies":[{"name":"wp","href":"https:\/\/api.w.org\/{rel}","templated":true}]}}