{"id":17863,"date":"2025-10-13T02:34:36","date_gmt":"2025-10-13T02:34:36","guid":{"rendered":"https:\/\/www.vapewholesalees.com\/?post_type=product&#038;p=17863"},"modified":"2025-10-27T06:21:11","modified_gmt":"2025-10-27T06:21:11","slug":"dabbar-2-0-dabwoods-2-gram","status":"publish","type":"product","link":"https:\/\/www.vapewholesalees.com\/en\/product\/dabbar-2-0-dabwoods-2-gram\/","title":{"rendered":"DABBAR Dabwoods with smart screen 2 gram-venta al por mayor vac\u00edo 2025 Dabwoods"},"content":{"rendered":"<div data-elementor-type=\"product-post\" data-elementor-id=\"17863\" class=\"elementor elementor-17863\" data-elementor-post-type=\"product\">\n\t\t\t\t<div class=\"wd-negative-gap elementor-element elementor-element-edf02dc e-flex e-con-boxed e-con e-parent\" data-id=\"edf02dc\" data-element_type=\"container\">\n\t\t\t\t\t<div class=\"e-con-inner\">\n\t\t\t\t<div class=\"elementor-element elementor-element-0e322b5 elementor-widget__width-initial elementor-widget elementor-widget-wd_text_block\" data-id=\"0e322b5\" data-element_type=\"widget\" data-widget_type=\"wd_text_block.default\">\n\t\t\t\t<div class=\"elementor-widget-container\">\n\t\t\t\t\t\t\t<div class=\"wd-text-block reset-last-child text-left\">\n\t\t\t\n\t\t\t<p>DABBAR 2.0 Dabwoods 2 gram | Proveedor de Dabbar Dabwoods online<\/p><p>Sabores:<\/p><ul><li>HUCKLEBRRY GELATO<br \/>RAINBOW BLAST<br \/>MARSHMALLOW DREAM<br \/>GUMMI<br \/>BLUE MELONADE<br \/>LEGEND OG<br \/>SOUR APPLE TWIST<br \/>GRAPE APE<br \/>LEMON CHERRY GELATO<br \/>TANGIE<\/li><\/ul><p>Volumen del tanque: 2 ml (vac\u00edo)<\/p><p>Capacidad de la bater\u00eda: 350 mAh<\/p><p>Orificio de entrada de aceite: 4 x 1.5 mm<\/p><p>Cargador: Type-C<\/p>\n\t\t\t\t\t<\/div>\n\t\t\t\t\t\t<\/div>\n\t\t\t\t<\/div>\n\t\t\t\t<div class=\"elementor-element elementor-element-46a1ea8 elementor-widget__width-initial elementor-widget elementor-widget-wd_text_block\" data-id=\"46a1ea8\" data-element_type=\"widget\" data-widget_type=\"wd_text_block.default\">\n\t\t\t\t<div class=\"elementor-widget-container\">\n\t\t\t\t\t\t\t<div class=\"wd-text-block reset-last-child text-left\">\n\t\t\t\n\t\t\t<p>Servicio de Valor A\u00f1adido<br \/>\u2705 Para agilizar las entregas y aumentar la satisfacci\u00f3n del cliente, nuestra l\u00ednea Muha Meds cuenta con el respaldo de centros de inventario internacionales ubicados en California (EE. UU.), Nueva Jersey (EE. UU.), Chicago (EE. UU.), Reino Unido, Alemania, Italia y Polonia, lo que permite un cumplimiento regional m\u00e1s r\u00e1pido y tiempos de tr\u00e1nsito reducidos.<\/p>\n\t\t\t\t\t<\/div>\n\t\t\t\t\t\t<\/div>\n\t\t\t\t<\/div>\n\t\t\t\t<div class=\"elementor-element elementor-element-7f0dd07 elementor-widget elementor-widget-wd_text_block\" data-id=\"7f0dd07\" data-element_type=\"widget\" data-widget_type=\"wd_text_block.default\">\n\t\t\t\t<div class=\"elementor-widget-container\">\n\t\t\t\t\t\t\t<div class=\"wd-text-block reset-last-child text-left\">\n\t\t\t\n\t\t\t<p>Proveedor directo de f\u00e1brica de DABBAR 2.0 Dabwoods 2 gram al por mayor en Vapewholesalees. Ofrecemos DABBAR Dabwoods LOS ANGELES vac\u00edos y Dabwoods 2025 nuevos de 1000 mg al mejor precio a granel (OEM\/ODM).<\/p><p>Descubre la mejor f\u00e1brica de <a href=\"https:\/\/www.vapewholesalees.com\/en\/\">vaporizadores Wholesale en Vapewholesalees<\/a>.<\/p><ul><li style=\"text-align: left;\"><a href=\"https:\/\/vapewholesalees.com\/en\/product-category\/vape-de-marca\/\"><strong>Para saber m\u00e1s sobre otras marcas de productos de vapeo<\/strong><\/a><\/li><li style=\"text-align: left;\">Por favor revise las siguientes p\u00e1ginas:<\/li><li style=\"text-align: left;\"><a href=\"https:\/\/www.vapewholesalees.com\/en\/product\/vape-desechable-dabwoods-classics-2gram\/\"><strong>Dabwoods Classics 2gram<\/strong><\/a><\/li><li style=\"text-align: left;\"><a href=\"https:\/\/www.vapewholesalees.com\/en\/product\/dabbar-dabwoods-los-angeles-1-ml\/\"><strong>DABBAR 2.0 Dabwoods 1g<\/strong><\/a><\/li><\/ul>\n\t\t\t\t\t<\/div>\n\t\t\t\t\t\t<\/div>\n\t\t\t\t<\/div>\n\t\t\t\t\t<\/div>\n\t\t\t\t<\/div>\n\t\t\t\t<\/div>","protected":false},"excerpt":{"rendered":"<h1>DABBAR Dabwoods with smart screen 2 gram-venta al por mayor vac\u00edo 2025 Dabwoods<\/h1>\n<h2>DABBAR 2.0 Dabwoods 2 gram-venta al por mayor vac\u00edo 2025 Dabwoods<\/h2>\n<p>Dise\u00f1ado para envasadores con licencia que lanzan nuevos sabores al por mayor. La c\u00e1mara de 2 gramos se complementa con un sistema de carga Type-C y calentamiento cer\u00e1mico para un rendimiento uniforme y resistente a obstrucciones. El hardware incluye un flujo de aire antifugas para optimizar el cumplimiento normativo. Ideal para marcas OEM\/ODM y compras al por mayor; no incluye aceite.<\/p>\n<p>Tambi\u00e9n ofrecemos <a href=\"https:\/\/www.vapewholesalees.com\/en\/\">m\u00e1s opciones en <strong>Vapewholesale<\/strong><\/a>. \u00a1Compra con confianza!<\/p>\n<h3><strong>Bulk Made Affordable,Buy More, Save More:<\/strong><\/h3>\n<h3><strong>100+ 300+ 500+ 1000+ 2000+ 5000+<\/strong><\/h3>\n<h3><strong>4.48\u00a0 3.72\u00a0 \u00a03.63\u00a0 \u00a0 3.54\u00a0 \u00a0 \u00a0 3.46\u00a0 \u00a0 \u00a0 3.37<\/strong><\/h3>","protected":false},"featured_media":17864,"comment_status":"open","ping_status":"closed","template":"","meta":[],"product_brand":[121],"product_cat":[20,123,85,76,83],"product_tag":[],"class_list":{"0":"post-17863","1":"product","2":"type-product","3":"status-publish","4":"has-post-thumbnail","6":"product_brand-dabwoods","7":"product_cat-vapeo-desechable-vacio-de-diversas-capacidades-al-por-mayor","8":"product_cat-dabwoods","9":"product_cat-vape-de-marca","10":"product_cat-vape-desechable-2g","11":"product_cat-vape-desechable-con-pantalla","13":"first","14":"instock","15":"shipping-taxable","16":"purchasable","17":"product-type-simple"},"_links":{"self":[{"href":"https:\/\/www.vapewholesalees.com\/en\/wp-json\/wp\/v2\/product\/17863","targetHints":{"allow":["GET"]}}],"collection":[{"href":"https:\/\/www.vapewholesalees.com\/en\/wp-json\/wp\/v2\/product"}],"about":[{"href":"https:\/\/www.vapewholesalees.com\/en\/wp-json\/wp\/v2\/types\/product"}],"replies":[{"embeddable":true,"href":"https:\/\/www.vapewholesalees.com\/en\/wp-json\/wp\/v2\/comments?post=17863"}],"version-history":[{"count":10,"href":"https:\/\/www.vapewholesalees.com\/en\/wp-json\/wp\/v2\/product\/17863\/revisions"}],"predecessor-version":[{"id":18981,"href":"https:\/\/www.vapewholesalees.com\/en\/wp-json\/wp\/v2\/product\/17863\/revisions\/18981"}],"wp:featuredmedia":[{"embeddable":true,"href":"https:\/\/www.vapewholesalees.com\/en\/wp-json\/wp\/v2\/media\/17864"}],"wp:attachment":[{"href":"https:\/\/www.vapewholesalees.com\/en\/wp-json\/wp\/v2\/media?parent=17863"}],"wp:term":[{"taxonomy":"product_brand","embeddable":true,"href":"https:\/\/www.vapewholesalees.com\/en\/wp-json\/wp\/v2\/product_brand?post=17863"},{"taxonomy":"product_cat","embeddable":true,"href":"https:\/\/www.vapewholesalees.com\/en\/wp-json\/wp\/v2\/product_cat?post=17863"},{"taxonomy":"product_tag","embeddable":true,"href":"https:\/\/www.vapewholesalees.com\/en\/wp-json\/wp\/v2\/product_tag?post=17863"}],"curies":[{"name":"wp","href":"https:\/\/api.w.org\/{rel}","templated":true}]}}