{"id":17972,"date":"2025-10-13T09:26:49","date_gmt":"2025-10-13T09:26:49","guid":{"rendered":"https:\/\/www.vapewholesalees.com\/?post_type=product&#038;p=17972"},"modified":"2025-10-27T06:07:38","modified_gmt":"2025-10-27T06:07:38","slug":"california-honey-live-resin-vape-2ml","status":"publish","type":"product","link":"https:\/\/www.vapewholesalees.com\/en\/product\/california-honey-live-resin-vape-2ml\/","title":{"rendered":"Premium California Honey 2g al por mayor &#8211; Proveedor de vaporizadores con THC"},"content":{"rendered":"<div data-elementor-type=\"product-post\" data-elementor-id=\"17972\" class=\"elementor elementor-17972\" data-elementor-post-type=\"product\">\n\t\t\t\t<div class=\"wd-negative-gap elementor-element elementor-element-bb9e648 e-flex e-con-boxed e-con e-parent\" data-id=\"bb9e648\" data-element_type=\"container\">\n\t\t\t\t\t<div class=\"e-con-inner\">\n\t\t\t\t<div class=\"elementor-element elementor-element-fa8ea40 elementor-widget__width-initial elementor-widget elementor-widget-wd_text_block\" data-id=\"fa8ea40\" data-element_type=\"widget\" data-widget_type=\"wd_text_block.default\">\n\t\t\t\t<div class=\"elementor-widget-container\">\n\t\t\t\t\t\t\t<div class=\"wd-text-block reset-last-child text-left\">\n\t\t\t\n\t\t\t<p>Nuevo California Honey Live Resin Vape 2ml | Venta al por mayor de vaporizadores de CBD vac\u00edos<\/p><p>Sabores:<\/p><ul><li>COOKIES&amp;CREAM\uff08hybrid\uff09<br \/>MOCHI GELATO(hybrid\uff09<br \/>LEMON FUEL(HYBRID)<br \/>RUNTZ (HYBRID)<br \/>HIMALAYAN KUSH(sativa\uff09<br \/>LEGEND COOKIES(sativa\uff09<br \/>GOLDEN TICKET(sativa\uff09<br \/>JEDI COOKIES (INDICA)<br \/>DOSI LATO(INDICA)<br \/>ICE CREAM CAKE(INDICA)<\/li><\/ul><p>Volumen del tanque: 2 ml (vac\u00edo)<\/p><p>Capacidad de la bater\u00eda: 300 mAh<\/p><p>Orificio de entrada de aceite: 2 x 2.0 mm<\/p><p>Cargador: Type-C<\/p>\n\t\t\t\t\t<\/div>\n\t\t\t\t\t\t<\/div>\n\t\t\t\t<\/div>\n\t\t\t\t<div class=\"elementor-element elementor-element-55a17e3 elementor-widget__width-initial elementor-widget elementor-widget-wd_text_block\" data-id=\"55a17e3\" data-element_type=\"widget\" data-widget_type=\"wd_text_block.default\">\n\t\t\t\t<div class=\"elementor-widget-container\">\n\t\t\t\t\t\t\t<div class=\"wd-text-block reset-last-child text-left\">\n\t\t\t\n\t\t\t<p>Servicio de Valor A\u00f1adido<br \/>\u2705 Para agilizar las entregas y aumentar la satisfacci\u00f3n del cliente, nuestra l\u00ednea Muha Meds cuenta con el respaldo de centros de inventario internacionales ubicados en California (EE. UU.), Nueva Jersey (EE. UU.), Chicago (EE. UU.), Reino Unido, Alemania, Italia y Polonia, lo que permite un cumplimiento regional m\u00e1s r\u00e1pido y tiempos de tr\u00e1nsito reducidos.<\/p>\n\t\t\t\t\t<\/div>\n\t\t\t\t\t\t<\/div>\n\t\t\t\t<\/div>\n\t\t\t\t<div class=\"elementor-element elementor-element-568ac44 elementor-widget elementor-widget-wd_text_block\" data-id=\"568ac44\" data-element_type=\"widget\" data-widget_type=\"wd_text_block.default\">\n\t\t\t\t<div class=\"elementor-widget-container\">\n\t\t\t\t\t\t\t<div class=\"wd-text-block reset-last-child text-left\">\n\t\t\t\n\t\t\t<p>Proveedor directo de f\u00e1brica de California Honey Live Resin Vape 2ml al por mayor en Vapewholesalees. Ofrecemos vapeadores de THC California Honey vac\u00edos y desechables al mejor precio a granel (OEM\/ODM).<\/p><p>Descubre la mejor f\u00e1brica de <a href=\"https:\/\/www.vapewholesalees.com\/en\/\">vaporizadores Wholesale en Vapewholesalees<\/a>.<\/p><ul><li style=\"text-align: left;\"><a href=\"https:\/\/vapewholesalees.com\/en\/product-category\/vape-de-marca\/\">Para saber m\u00e1s sobre otras marcas de productos de vapeo<\/a><\/li><li style=\"text-align: left;\">Por favor revise las siguientes p\u00e1ginas:<\/li><li style=\"text-align: left;\"><a href=\"https:\/\/www.vapewholesalees.com\/en\/product\/vape-desechable-california-honey\/\"><strong>California Honey Live Resin<\/strong><\/a><\/li><li><a href=\"https:\/\/www.vapewholesalees.com\/en\/product\/california-honey-de-1-ml\/\"><strong>Vapeador desechable California Honey 1 ml<\/strong><\/a><\/li><\/ul>\n\t\t\t\t\t<\/div>\n\t\t\t\t\t\t<\/div>\n\t\t\t\t<\/div>\n\t\t\t\t\t<\/div>\n\t\t\t\t<\/div>\n\t\t\t\t<\/div>","protected":false},"excerpt":{"rendered":"<h1>Premium California Honey 2g al por mayor &#8211; Proveedor de vaporizadores con THC<\/h1>\n<h2>California Honey Live Resin Vape 2ml &#8211; Proveedor de vaporizadores con THC<\/h2>\n<p>Dise\u00f1ado para envasadores con licencia que lanzan nuevos sabores al por mayor. La c\u00e1mara de 2 gramos se complementa con un sistema de carga Type-C y calentamiento cer\u00e1mico para un rendimiento uniforme y resistente a obstrucciones. El hardware incluye un flujo de aire antifugas para optimizar el cumplimiento normativo. Ideal para marcas OEM\/ODM y compras al por mayor; no incluye aceite.<\/p>\n<p>Tambi\u00e9n ofrecemos <a href=\"https:\/\/www.vapewholesalees.com\/en\/\">m\u00e1s opciones en <strong>Vapewholesale<\/strong><\/a>. \u00a1Compra con confianza!<\/p>\n<h3><strong>Bulk Made Affordable,Buy More, Save More:<\/strong><\/h3>\n<h3><strong>500+ 1000+ 2000+ 5000+<\/strong><\/h3>\n<h3><strong>4.08\u00a0 \u00a04.00\u00a0 \u00a0 \u00a03.92\u00a0 \u00a0 \u00a03.83\u00a0 \u00a0 \u00a0 \u00a0 \u00a0<\/strong><\/h3>","protected":false},"featured_media":17975,"comment_status":"open","ping_status":"closed","template":"","meta":[],"product_brand":[128],"product_cat":[20,76,85,129],"product_tag":[],"class_list":{"0":"post-17972","1":"product","2":"type-product","3":"status-publish","4":"has-post-thumbnail","6":"product_brand-california-honey","7":"product_cat-vapeo-desechable-vacio-de-diversas-capacidades-al-por-mayor","8":"product_cat-vape-desechable-2g","9":"product_cat-vape-de-marca","10":"product_cat-california-honey","12":"first","13":"instock","14":"shipping-taxable","15":"purchasable","16":"product-type-simple"},"_links":{"self":[{"href":"https:\/\/www.vapewholesalees.com\/en\/wp-json\/wp\/v2\/product\/17972","targetHints":{"allow":["GET"]}}],"collection":[{"href":"https:\/\/www.vapewholesalees.com\/en\/wp-json\/wp\/v2\/product"}],"about":[{"href":"https:\/\/www.vapewholesalees.com\/en\/wp-json\/wp\/v2\/types\/product"}],"replies":[{"embeddable":true,"href":"https:\/\/www.vapewholesalees.com\/en\/wp-json\/wp\/v2\/comments?post=17972"}],"version-history":[{"count":15,"href":"https:\/\/www.vapewholesalees.com\/en\/wp-json\/wp\/v2\/product\/17972\/revisions"}],"predecessor-version":[{"id":18957,"href":"https:\/\/www.vapewholesalees.com\/en\/wp-json\/wp\/v2\/product\/17972\/revisions\/18957"}],"wp:featuredmedia":[{"embeddable":true,"href":"https:\/\/www.vapewholesalees.com\/en\/wp-json\/wp\/v2\/media\/17975"}],"wp:attachment":[{"href":"https:\/\/www.vapewholesalees.com\/en\/wp-json\/wp\/v2\/media?parent=17972"}],"wp:term":[{"taxonomy":"product_brand","embeddable":true,"href":"https:\/\/www.vapewholesalees.com\/en\/wp-json\/wp\/v2\/product_brand?post=17972"},{"taxonomy":"product_cat","embeddable":true,"href":"https:\/\/www.vapewholesalees.com\/en\/wp-json\/wp\/v2\/product_cat?post=17972"},{"taxonomy":"product_tag","embeddable":true,"href":"https:\/\/www.vapewholesalees.com\/en\/wp-json\/wp\/v2\/product_tag?post=17972"}],"curies":[{"name":"wp","href":"https:\/\/api.w.org\/{rel}","templated":true}]}}