{"id":18016,"date":"2025-10-14T03:16:21","date_gmt":"2025-10-14T03:16:21","guid":{"rendered":"https:\/\/www.vapewholesalees.com\/?post_type=product&#038;p=18016"},"modified":"2025-10-27T05:57:39","modified_gmt":"2025-10-27T05:57:39","slug":"sluggers-halloween-edition-2g","status":"publish","type":"product","link":"https:\/\/www.vapewholesalees.com\/en\/product\/sluggers-halloween-edition-2g\/","title":{"rendered":"Halloween Sluggers Disposable 2g al por mayor-Nuevos sabores Dual 20"},"content":{"rendered":"<div data-elementor-type=\"product-post\" data-elementor-id=\"18016\" class=\"elementor elementor-18016\" data-elementor-post-type=\"product\">\n\t\t\t\t<div class=\"wd-negative-gap elementor-element elementor-element-e620ae2 e-flex e-con-boxed e-con e-parent\" data-id=\"e620ae2\" data-element_type=\"container\">\n\t\t\t\t\t<div class=\"e-con-inner\">\n\t\t\t\t<div class=\"elementor-element elementor-element-feae3a8 elementor-widget__width-initial elementor-widget elementor-widget-wd_text_block\" data-id=\"feae3a8\" data-element_type=\"widget\" data-widget_type=\"wd_text_block.default\">\n\t\t\t\t<div class=\"elementor-widget-container\">\n\t\t\t\t\t\t\t<div class=\"wd-text-block reset-last-child text-left\">\n\t\t\t\n\t\t\t<p>Sluggers Halloween Edition 2g | Sluggers desechables de doble sabor a granel<\/p><p>Sabores:<\/p><ul><li>MONSTER COOKIES+GHOST TRAIN HAZE<br \/>HELLFIRE OG+WIDOW BOMB<br \/>HELL CAT+ALIEN OG<br \/>GREEN GOBLIN+WITCHES WEED<br \/>MONSTER PROFIT+PRETTY WICKED<br \/>CEREAL KILLER+POISON GLUE<br \/>GHOST CANDY+HELLRAISER OG<br \/>SKULL RYDER+GARY SATAN<br \/>MONKEY MASSACRE+JACK SKELLINGTON<br \/>ZOMBIE KUSH+LONG ISLAND<\/li><\/ul><p>Volumen del tanque: 2 ml (vac\u00edo)<\/p><p>Cargador: Type-C<\/p>\n\t\t\t\t\t<\/div>\n\t\t\t\t\t\t<\/div>\n\t\t\t\t<\/div>\n\t\t\t\t<div class=\"elementor-element elementor-element-3480c80 elementor-widget__width-initial elementor-widget elementor-widget-wd_text_block\" data-id=\"3480c80\" data-element_type=\"widget\" data-widget_type=\"wd_text_block.default\">\n\t\t\t\t<div class=\"elementor-widget-container\">\n\t\t\t\t\t\t\t<div class=\"wd-text-block reset-last-child text-left\">\n\t\t\t\n\t\t\t<p>Servicio de Valor A\u00f1adido<br \/>\u2705 Para agilizar las entregas y aumentar la satisfacci\u00f3n del cliente, nuestra l\u00ednea Muha Meds cuenta con el respaldo de centros de inventario internacionales ubicados en California (EE. UU.), Nueva Jersey (EE. UU.), Chicago (EE. UU.), Reino Unido, Alemania, Italia y Polonia, lo que permite un cumplimiento regional m\u00e1s r\u00e1pido y tiempos de tr\u00e1nsito reducidos.<\/p>\n\t\t\t\t\t<\/div>\n\t\t\t\t\t\t<\/div>\n\t\t\t\t<\/div>\n\t\t\t\t<div class=\"elementor-element elementor-element-78556af elementor-widget elementor-widget-wd_text_block\" data-id=\"78556af\" data-element_type=\"widget\" data-widget_type=\"wd_text_block.default\">\n\t\t\t\t<div class=\"elementor-widget-container\">\n\t\t\t\t\t\t\t<div class=\"wd-text-block reset-last-child text-left\">\n\t\t\t\n\t\t\t<p>Proveedor directo de f\u00e1brica de Sluggers Halloween Edition 2g al por mayor en Vapewholesalees. Ofrecemos vapeadores desechables Sluggers vac\u00edos y Sluggers premium de 20 sabores al por mayor (OEM\/ODM).<\/p><p>Descubre la mejor f\u00e1brica de <a href=\"https:\/\/www.vapewholesalees.com\/en\/\">vaporizadores Wholesale en Vapewholesalees<\/a>.<\/p><ul><li style=\"text-align: left;\"><a href=\"https:\/\/vapewholesalees.com\/en\/product-category\/vape-de-marca\/\">Para saber m\u00e1s sobre otras marcas de productos de vapeo<\/a><\/li><li style=\"text-align: left;\">Por favor revise las siguientes p\u00e1ginas:<\/li><li style=\"text-align: left;\"><a href=\"https:\/\/www.vapewholesalees.com\/en\/product\/sluggers-hit-2g-desechables-con-filtro\/\"><strong>Sluggers 2g con pantalla<\/strong><\/a><\/li><li style=\"text-align: left;\"><a href=\"https:\/\/www.vapewholesalees.com\/en\/product\/sluggers-desechables-de-1-ml\/\"><strong>Sluggers desechables 1 ml<\/strong><\/a><\/li><li style=\"text-align: left;\"><a href=\"https:\/\/www.vapewholesalees.com\/en\/product\/sluggers-desechables-de-2-ml\/\"><strong>Sluggers Hit 2g<\/strong><\/a><\/li><\/ul>\n\t\t\t\t\t<\/div>\n\t\t\t\t\t\t<\/div>\n\t\t\t\t<\/div>\n\t\t\t\t\t<\/div>\n\t\t\t\t<\/div>\n\t\t\t\t<\/div>","protected":false},"excerpt":{"rendered":"<h1>Halloween Sluggers Disposable 2g al por mayor-Nuevos sabores Dual 20<\/h1>\n<h2>Sluggers Halloween Edition 2g-Nuevos sabores Dual 20<\/h2>\n<p>Dise\u00f1ado para envasadores con licencia que lanzan nuevos sabores al por mayor. La c\u00e1mara de 2 gramos se complementa con un sistema de carga Type-C y calentamiento cer\u00e1mico para un rendimiento uniforme y resistente a obstrucciones. El hardware incluye un flujo de aire antifugas para optimizar el cumplimiento normativo. Ideal para marcas OEM\/ODM y compras al por mayor; no incluye aceite.<\/p>\n<p>Tambi\u00e9n ofrecemos <a href=\"https:\/\/www.vapewholesalees.com\/en\/\">m\u00e1s opciones en <strong>Vapewholesale<\/strong><\/a>. \u00a1Compra con confianza!<\/p>\n<h3><strong>Bulk Made Affordable,Buy More, Save More:<\/strong><\/h3>\n<h3><strong>100+ 500+ 1000+ 2000+ 5000+<\/strong><\/h3>\n<h3><strong>4.38\u00a0 \u00a03.59\u00a0 \u00a0 3.51\u00a0 \u00a0 \u00a03.42\u00a0 \u00a0 \u00a0 3.34<\/strong><\/h3>","protected":false},"featured_media":18028,"comment_status":"open","ping_status":"closed","template":"","meta":[],"product_brand":[104],"product_cat":[20,107,85,76,83,82],"product_tag":[],"class_list":{"0":"post-18016","1":"product","2":"type-product","3":"status-publish","4":"has-post-thumbnail","6":"product_brand-sluggers","7":"product_cat-vapeo-desechable-vacio-de-diversas-capacidades-al-por-mayor","8":"product_cat-sluggers","9":"product_cat-vape-de-marca","10":"product_cat-vape-desechable-2g","11":"product_cat-vape-desechable-con-pantalla","12":"product_cat-vaporizadores-de-doble-camara","14":"first","15":"instock","16":"shipping-taxable","17":"purchasable","18":"product-type-simple"},"_links":{"self":[{"href":"https:\/\/www.vapewholesalees.com\/en\/wp-json\/wp\/v2\/product\/18016","targetHints":{"allow":["GET"]}}],"collection":[{"href":"https:\/\/www.vapewholesalees.com\/en\/wp-json\/wp\/v2\/product"}],"about":[{"href":"https:\/\/www.vapewholesalees.com\/en\/wp-json\/wp\/v2\/types\/product"}],"replies":[{"embeddable":true,"href":"https:\/\/www.vapewholesalees.com\/en\/wp-json\/wp\/v2\/comments?post=18016"}],"version-history":[{"count":9,"href":"https:\/\/www.vapewholesalees.com\/en\/wp-json\/wp\/v2\/product\/18016\/revisions"}],"predecessor-version":[{"id":18946,"href":"https:\/\/www.vapewholesalees.com\/en\/wp-json\/wp\/v2\/product\/18016\/revisions\/18946"}],"wp:featuredmedia":[{"embeddable":true,"href":"https:\/\/www.vapewholesalees.com\/en\/wp-json\/wp\/v2\/media\/18028"}],"wp:attachment":[{"href":"https:\/\/www.vapewholesalees.com\/en\/wp-json\/wp\/v2\/media?parent=18016"}],"wp:term":[{"taxonomy":"product_brand","embeddable":true,"href":"https:\/\/www.vapewholesalees.com\/en\/wp-json\/wp\/v2\/product_brand?post=18016"},{"taxonomy":"product_cat","embeddable":true,"href":"https:\/\/www.vapewholesalees.com\/en\/wp-json\/wp\/v2\/product_cat?post=18016"},{"taxonomy":"product_tag","embeddable":true,"href":"https:\/\/www.vapewholesalees.com\/en\/wp-json\/wp\/v2\/product_tag?post=18016"}],"curies":[{"name":"wp","href":"https:\/\/api.w.org\/{rel}","templated":true}]}}