{"id":19362,"date":"2025-10-31T07:28:52","date_gmt":"2025-10-31T07:28:52","guid":{"rendered":"https:\/\/www.vapewholesalees.com\/?post_type=product&#038;p=19362"},"modified":"2025-11-15T09:51:18","modified_gmt":"2025-11-15T09:51:18","slug":"canna-live-distillate-cartuchos","status":"publish","type":"product","link":"https:\/\/www.vapewholesalees.com\/en\/product\/canna-live-distillate-cartuchos\/","title":{"rendered":"Cartuchos de LIVE Distillate 1ML &#8211; Suministro de Canna Live nuevo"},"content":{"rendered":"<div data-elementor-type=\"product-post\" data-elementor-id=\"19362\" class=\"elementor elementor-19362\" data-elementor-post-type=\"product\">\n\t\t\t\t<div class=\"wd-negative-gap elementor-element elementor-element-c868610 e-flex e-con-boxed e-con e-parent\" data-id=\"c868610\" data-element_type=\"container\">\n\t\t\t\t\t<div class=\"e-con-inner\">\n\t\t\t\t<div class=\"elementor-element elementor-element-cc78c55 elementor-widget__width-initial elementor-widget elementor-widget-wd_text_block\" data-id=\"cc78c55\" data-element_type=\"widget\" data-widget_type=\"wd_text_block.default\">\n\t\t\t\t<div class=\"elementor-widget-container\">\n\t\t\t\t\t\t\t<div class=\"wd-text-block reset-last-child text-left\">\n\t\t\t\n\t\t\t<p>Canna Live distillate cartuchos al por mayor | Suministro vac\u00edo de CBD 420<\/p><p>Capacidad: 1.0 ml (vac\u00edo)<\/p><p>Valor de resistencia: 1.5\u03a9<\/p><p>Material: Ceramics<\/p><p>Di\u00e1metro del orificio: 4 x 2.0mm<\/p>\n\t\t\t\t\t<\/div>\n\t\t\t\t\t\t<\/div>\n\t\t\t\t<\/div>\n\t\t\t\t<div class=\"elementor-element elementor-element-20ab72c elementor-widget__width-initial elementor-widget elementor-widget-wd_text_block\" data-id=\"20ab72c\" data-element_type=\"widget\" data-widget_type=\"wd_text_block.default\">\n\t\t\t\t<div class=\"elementor-widget-container\">\n\t\t\t\t\t\t\t<div class=\"wd-text-block reset-last-child text-left\">\n\t\t\t\n\t\t\t<p>Servicio de Valor A\u00f1adido<br \/>\u2705 Para agilizar las entregas y aumentar la satisfacci\u00f3n del cliente, nuestra l\u00ednea Muha Meds cuenta con el respaldo de centros de inventario internacionales ubicados en California (EE. UU.), Nueva Jersey (EE. UU.), Chicago (EE. UU.), Reino Unido, Alemania, Italia y Polonia, lo que permite un cumplimiento regional m\u00e1s r\u00e1pido y tiempos de tr\u00e1nsito reducidos.<\/p>\n\t\t\t\t\t<\/div>\n\t\t\t\t\t\t<\/div>\n\t\t\t\t<\/div>\n\t\t\t\t<div class=\"elementor-element elementor-element-5de8a6e elementor-widget elementor-widget-wd_text_block\" data-id=\"5de8a6e\" data-element_type=\"widget\" data-widget_type=\"wd_text_block.default\">\n\t\t\t\t<div class=\"elementor-widget-container\">\n\t\t\t\t\t\t\t<div class=\"wd-text-block reset-last-child text-left\">\n\t\t\t\n\t\t\t<p>Proveedor directo de f\u00e1brica de GAMEPACK Edition KRT 0.8ml al por mayor en Vapewholesalees. Ofrecemos cartuchos vac\u00edos para vapear CBD y cartuchos KRT GAMEPACK Edition de alta calidad a granel (OEM\/ODM).<\/p><p>Descubre la mejor f\u00e1brica de <a href=\"https:\/\/www.vapewholesalees.com\/en\/\">vaporizadores Wholesale en <strong>Vapewholesalees<\/strong><\/a>.<\/p><p><a href=\"https:\/\/www.vapewholesalees.com\/en\/producto-de-vapeo\/\"><strong>Obtenga m\u00e1s informaci\u00f3n sobre otros productos de cigarrillos vapeo<\/strong><\/a>.<\/p>\n\t\t\t\t\t<\/div>\n\t\t\t\t\t\t<\/div>\n\t\t\t\t<\/div>\n\t\t\t\t\t<\/div>\n\t\t\t\t<\/div>\n\t\t\t\t<\/div>","protected":false},"excerpt":{"rendered":"<h1>Cartuchos de LIVE Distillate 1ML &#8211; Suministro de Canna Live nuevo<\/h1>\n<h2>Canna Live distillate cartuchos- Suministro de Canna Live nuevo<\/h2>\n<p><strong>Cartuchos de Live Distillate 1 ml (vac\u00edos)<\/strong> \u2014 cartucho 510 con n\u00facleo cer\u00e1mico de alta porosidad y tanque de vidrio, optimizado para aceites LIVE de alta viscosidad: sabor limpio, caladas uniformes y sellado anti-fugas. Compatible con llenado manual\/autom\u00e1tico, opciones OEM\/ODM (boquilla, grabado, empaque) y documentaci\u00f3n de calidad a solicitud (COA, metales pesados, RoHS). Solo hardware vac\u00edo; no incluye aceite.<\/p>\n<h4><strong>Bulk Made Affordable,Buy More, Save More:<\/strong><\/h4>\n<table style=\"border-collapse: collapse; width: 401.27pt;\" border=\"0\" width=\"535\" cellspacing=\"0\" cellpadding=\"0\">\n<tbody>\n<tr style=\"height: 18.75pt;\">\n<td class=\"et3\" style=\"height: 18.75pt; width: 77.25pt;\" width=\"103\" height=\"25\">\n<h3><span style=\"color: #ff9900;\"><strong>Quantities<\/strong><\/span><\/h3>\n<\/td>\n<td class=\"et4\" style=\"width: 54.00pt;\" width=\"72\">\n<h3><span style=\"color: #ff9900;\"><strong>100+<\/strong><\/span><\/h3>\n<\/td>\n<td class=\"et4\" style=\"width: 54.00pt;\" width=\"72\">\n<h3><span style=\"color: #ff9900;\"><strong>300+<\/strong><\/span><\/h3>\n<\/td>\n<td class=\"et4\" style=\"width: 54.00pt;\" width=\"72\">\n<h3><span style=\"color: #ff9900;\"><strong>500+<\/strong><\/span><\/h3>\n<\/td>\n<td class=\"et4\" style=\"width: 54.00pt;\" width=\"72\">\n<h3><span style=\"color: #ff9900;\"><strong>1000+<\/strong><\/span><\/h3>\n<\/td>\n<td class=\"et4\" style=\"width: 54.00pt;\" width=\"72\">\n<h3><span style=\"color: #ff9900;\"><strong>2000+<\/strong><\/span><\/h3>\n<\/td>\n<td class=\"et4\" style=\"width: 54.00pt;\" width=\"72\">\n<h3><span style=\"color: #ff9900;\"><strong>5000+<\/strong><\/span><\/h3>\n<\/td>\n<\/tr>\n<tr style=\"height: 18.75pt;\">\n<td class=\"et3\" style=\"height: 18.75pt;\" height=\"25\">\n<h3><span style=\"color: #ff9900;\"><strong>Unit Price<\/strong><\/span><\/h3>\n<\/td>\n<td class=\"et4\">\n<h3><span style=\"color: #ff9900;\"><strong>1.88<\/strong><\/span><\/h3>\n<\/td>\n<td class=\"et4\">\n<h3><span style=\"color: #ff9900;\"><strong>1.29<\/strong><\/span><\/h3>\n<\/td>\n<td class=\"et4\">\n<h3><span style=\"color: #ff9900;\"><strong>1.19<\/strong><\/span><\/h3>\n<\/td>\n<td class=\"et4\">\n<h3><span style=\"color: #ff9900;\"><strong>1.15<\/strong><\/span><\/h3>\n<\/td>\n<td class=\"et4\">\n<h3><span style=\"color: #ff9900;\"><strong>1.08<\/strong><\/span><\/h3>\n<\/td>\n<td class=\"et4\">\n<h3><span style=\"color: #ff9900;\"><strong>1.06<\/strong><\/span><\/h3>\n<\/td>\n<\/tr>\n<\/tbody>\n<\/table>","protected":false},"featured_media":19364,"comment_status":"open","ping_status":"closed","template":"","meta":[],"product_brand":[],"product_cat":[140,142],"product_tag":[],"class_list":{"0":"post-19362","1":"product","2":"type-product","3":"status-publish","4":"has-post-thumbnail","6":"product_cat-cartucho-de-vaper","7":"product_cat-cartuchos-de-1ml","9":"first","10":"instock","11":"shipping-taxable","12":"purchasable","13":"product-type-simple"},"_links":{"self":[{"href":"https:\/\/www.vapewholesalees.com\/en\/wp-json\/wp\/v2\/product\/19362","targetHints":{"allow":["GET"]}}],"collection":[{"href":"https:\/\/www.vapewholesalees.com\/en\/wp-json\/wp\/v2\/product"}],"about":[{"href":"https:\/\/www.vapewholesalees.com\/en\/wp-json\/wp\/v2\/types\/product"}],"replies":[{"embeddable":true,"href":"https:\/\/www.vapewholesalees.com\/en\/wp-json\/wp\/v2\/comments?post=19362"}],"version-history":[{"count":6,"href":"https:\/\/www.vapewholesalees.com\/en\/wp-json\/wp\/v2\/product\/19362\/revisions"}],"predecessor-version":[{"id":20368,"href":"https:\/\/www.vapewholesalees.com\/en\/wp-json\/wp\/v2\/product\/19362\/revisions\/20368"}],"wp:featuredmedia":[{"embeddable":true,"href":"https:\/\/www.vapewholesalees.com\/en\/wp-json\/wp\/v2\/media\/19364"}],"wp:attachment":[{"href":"https:\/\/www.vapewholesalees.com\/en\/wp-json\/wp\/v2\/media?parent=19362"}],"wp:term":[{"taxonomy":"product_brand","embeddable":true,"href":"https:\/\/www.vapewholesalees.com\/en\/wp-json\/wp\/v2\/product_brand?post=19362"},{"taxonomy":"product_cat","embeddable":true,"href":"https:\/\/www.vapewholesalees.com\/en\/wp-json\/wp\/v2\/product_cat?post=19362"},{"taxonomy":"product_tag","embeddable":true,"href":"https:\/\/www.vapewholesalees.com\/en\/wp-json\/wp\/v2\/product_tag?post=19362"}],"curies":[{"name":"wp","href":"https:\/\/api.w.org\/{rel}","templated":true}]}}