{"id":19490,"date":"2025-11-01T07:42:12","date_gmt":"2025-11-01T07:42:12","guid":{"rendered":"https:\/\/www.vapewholesalees.com\/?post_type=product&#038;p=19490"},"modified":"2025-11-15T08:57:17","modified_gmt":"2025-11-15T08:57:17","slug":"cartucho-de-vaper-tko-black-0-8-ml","status":"publish","type":"product","link":"https:\/\/www.vapewholesalees.com\/en\/product\/cartucho-de-vaper-tko-black-0-8-ml\/","title":{"rendered":"Caja negra TKO Extracts 0.8ML-Cartuchos al por mayor"},"content":{"rendered":"<div data-elementor-type=\"product-post\" data-elementor-id=\"19490\" class=\"elementor elementor-19490\" data-elementor-post-type=\"product\">\n\t\t\t\t<div class=\"wd-negative-gap elementor-element elementor-element-f3fa192 e-flex e-con-boxed e-con e-parent\" data-id=\"f3fa192\" data-element_type=\"container\">\n\t\t\t\t\t<div class=\"e-con-inner\">\n\t\t\t\t<div class=\"elementor-element elementor-element-20079d8 elementor-widget__width-initial elementor-widget elementor-widget-wd_text_block\" data-id=\"20079d8\" data-element_type=\"widget\" data-widget_type=\"wd_text_block.default\">\n\t\t\t\t<div class=\"elementor-widget-container\">\n\t\t\t\t\t\t\t<div class=\"wd-text-block reset-last-child text-left\">\n\t\t\t\n\t\t\t<p>Cartucho de vaper Tko Black 0.8 ml | Proveedor de cartuchos vac\u00edos<\/p><p>Capacidad: 0.8 ml (vac\u00edo)<\/p><p>Valor de resistencia: 1.2\u03a9<\/p><p>Material: Ceramics<\/p><p>Di\u00e1metro del orificio: 4 x 2.0mm<\/p>\n\t\t\t\t\t<\/div>\n\t\t\t\t\t\t<\/div>\n\t\t\t\t<\/div>\n\t\t\t\t<div class=\"elementor-element elementor-element-02d4d49 elementor-widget__width-initial elementor-widget elementor-widget-wd_text_block\" data-id=\"02d4d49\" data-element_type=\"widget\" data-widget_type=\"wd_text_block.default\">\n\t\t\t\t<div class=\"elementor-widget-container\">\n\t\t\t\t\t\t\t<div class=\"wd-text-block reset-last-child text-left\">\n\t\t\t\n\t\t\t<p>Servicio de Valor A\u00f1adido<br \/>\u2705 Para agilizar las entregas y aumentar la satisfacci\u00f3n del cliente, nuestra l\u00ednea Muha Meds cuenta con el respaldo de centros de inventario internacionales ubicados en California (EE. UU.), Nueva Jersey (EE. UU.), Chicago (EE. UU.), Reino Unido, Alemania, Italia y Polonia, lo que permite un cumplimiento regional m\u00e1s r\u00e1pido y tiempos de tr\u00e1nsito reducidos.<\/p>\n\t\t\t\t\t<\/div>\n\t\t\t\t\t\t<\/div>\n\t\t\t\t<\/div>\n\t\t\t\t<div class=\"elementor-element elementor-element-763ac4f elementor-widget elementor-widget-wd_text_block\" data-id=\"763ac4f\" data-element_type=\"widget\" data-widget_type=\"wd_text_block.default\">\n\t\t\t\t<div class=\"elementor-widget-container\">\n\t\t\t\t\t\t\t<div class=\"wd-text-block reset-last-child text-left\">\n\t\t\t\n\t\t\t<p>Proveedor directo de f\u00e1brica de Cartucho de vaper Tko Black 0.8 ml al por mayor en Vapewholesalees. Ofrecemos cartuchos vac\u00edos de vapeo con resistencia cer\u00e1mica y cartuchos TKO a granel (OEM\/ODM).<\/p><p>Descubre la mejor f\u00e1brica de <a href=\"https:\/\/www.vapewholesalees.com\/en\/\">vaporizadores Wholesale en <strong>Vapewholesalees<\/strong><\/a>.<\/p><p><a href=\"https:\/\/www.vapewholesalees.com\/en\/producto-de-vapeo\/\"><strong>Obtenga m\u00e1s informaci\u00f3n sobre otros productos de cigarrillos vapeo<\/strong><\/a>.<\/p><ul><li>Por favor revise las siguientes p\u00e1ginas:<\/li><li><a href=\"https:\/\/www.vapewholesalees.com\/en\/product\/cartuchos-tko-extracts-blanco-1-ml\/\"><strong>100 Pcs TKO blanco 1 ml<\/strong><\/a><\/li><li><a href=\"https:\/\/www.vapewholesalees.com\/en\/product\/cartuchos-tko-blanco-caja-0-8-ml\/\"><strong>Cartucho de vaper white Box 0.8 ml<\/strong><\/a><\/li><li><a href=\"https:\/\/www.vapewholesalees.com\/en\/product\/cartucho-de-vaper-tko-1-ml\/\"><strong>Ceramic Coil vaper Tko negro 1 ml<\/strong><\/a><\/li><\/ul>\n\t\t\t\t\t<\/div>\n\t\t\t\t\t\t<\/div>\n\t\t\t\t<\/div>\n\t\t\t\t\t<\/div>\n\t\t\t\t<\/div>\n\t\t\t\t<\/div>","protected":false},"excerpt":{"rendered":"<h1>Caja negra TKO Extracts 0.8ML-Cartuchos al por mayor<\/h1>\n<h2>Cartucho de vaper Tko Black 0.8 ml-Cartuchos al por mayor<\/h2>\n<p><strong data-start=\"0\" data-end=\"45\" data-is-only-node=\"\">TKO Extracts 0.8 ml \u201ccaja negra\u201d (vac\u00edos)<\/strong> \u2014 cartucho 510 con n\u00facleo cer\u00e1mico y tanque de vidrio, optimizado para aceites densos: sabor limpio, caladas estables y sellado anti-fugas. Empaque <strong data-start=\"194\" data-end=\"208\">caja negra<\/strong> listo para retail B2B; opciones <strong data-start=\"241\" data-end=\"252\">OEM\/ODM<\/strong> (boquilla, color, logo, etiquetas\/QR). Documentaci\u00f3n de calidad a solicitud (<strong data-start=\"330\" data-end=\"337\">COA<\/strong>, metales pesados, RoHS). <em data-start=\"363\" data-end=\"433\" data-is-last-node=\"\">Solo hardware vac\u00edo; sin aceite\/THC. Venta sujeta a normativa local.<\/em><\/p>\n<h4><strong>Bulk Made Affordable,Buy More, Save More:<\/strong><\/h4>\n<table width=\"463\">\n<tbody>\n<tr>\n<td width=\"103\">\n<h3><span style=\"color: #ff9900;\"><strong>Quantities<\/strong><\/span><\/h3>\n<\/td>\n<td width=\"72\">\n<h3><span style=\"color: #ff9900;\"><strong>100+<\/strong><\/span><\/h3>\n<\/td>\n<td width=\"72\">\n<h3><span style=\"color: #ff9900;\"><strong>500+<\/strong><\/span><\/h3>\n<\/td>\n<td width=\"72\">\n<h3><span style=\"color: #ff9900;\"><strong>1000+<\/strong><\/span><\/h3>\n<\/td>\n<td width=\"72\">\n<h3><span style=\"color: #ff9900;\"><strong>2000+<\/strong><\/span><\/h3>\n<\/td>\n<td width=\"72\">\n<h3><span style=\"color: #ff9900;\"><strong>5000+<\/strong><\/span><\/h3>\n<\/td>\n<\/tr>\n<tr>\n<td>\n<h3><span style=\"color: #ff9900;\"><strong>Unit Price<\/strong><\/span><\/h3>\n<\/td>\n<td>\n<h3><span style=\"color: #ff9900;\"><strong>1.58<\/strong><\/span><\/h3>\n<\/td>\n<td>\n<h3><span style=\"color: #ff9900;\"><strong>1.10\u00a0<\/strong><\/span><\/h3>\n<\/td>\n<td>\n<h3><span style=\"color: #ff9900;\"><strong>0.98<\/strong><\/span><\/h3>\n<\/td>\n<td>\n<h3><span style=\"color: #ff9900;\"><strong>0.89<\/strong><\/span><\/h3>\n<\/td>\n<td>\n<h3><span style=\"color: #ff9900;\"><strong>0.87<\/strong><\/span><\/h3>\n<\/td>\n<\/tr>\n<\/tbody>\n<\/table>","protected":false},"featured_media":19491,"comment_status":"open","ping_status":"closed","template":"","meta":[],"product_brand":[],"product_cat":[140,141],"product_tag":[],"class_list":{"0":"post-19490","1":"product","2":"type-product","3":"status-publish","4":"has-post-thumbnail","6":"product_cat-cartucho-de-vaper","7":"product_cat-cartucho-de-0-8-g","9":"first","10":"instock","11":"shipping-taxable","12":"purchasable","13":"product-type-simple"},"_links":{"self":[{"href":"https:\/\/www.vapewholesalees.com\/en\/wp-json\/wp\/v2\/product\/19490","targetHints":{"allow":["GET"]}}],"collection":[{"href":"https:\/\/www.vapewholesalees.com\/en\/wp-json\/wp\/v2\/product"}],"about":[{"href":"https:\/\/www.vapewholesalees.com\/en\/wp-json\/wp\/v2\/types\/product"}],"replies":[{"embeddable":true,"href":"https:\/\/www.vapewholesalees.com\/en\/wp-json\/wp\/v2\/comments?post=19490"}],"version-history":[{"count":15,"href":"https:\/\/www.vapewholesalees.com\/en\/wp-json\/wp\/v2\/product\/19490\/revisions"}],"predecessor-version":[{"id":20364,"href":"https:\/\/www.vapewholesalees.com\/en\/wp-json\/wp\/v2\/product\/19490\/revisions\/20364"}],"wp:featuredmedia":[{"embeddable":true,"href":"https:\/\/www.vapewholesalees.com\/en\/wp-json\/wp\/v2\/media\/19491"}],"wp:attachment":[{"href":"https:\/\/www.vapewholesalees.com\/en\/wp-json\/wp\/v2\/media?parent=19490"}],"wp:term":[{"taxonomy":"product_brand","embeddable":true,"href":"https:\/\/www.vapewholesalees.com\/en\/wp-json\/wp\/v2\/product_brand?post=19490"},{"taxonomy":"product_cat","embeddable":true,"href":"https:\/\/www.vapewholesalees.com\/en\/wp-json\/wp\/v2\/product_cat?post=19490"},{"taxonomy":"product_tag","embeddable":true,"href":"https:\/\/www.vapewholesalees.com\/en\/wp-json\/wp\/v2\/product_tag?post=19490"}],"curies":[{"name":"wp","href":"https:\/\/api.w.org\/{rel}","templated":true}]}}