{"id":19672,"date":"2025-11-04T10:40:08","date_gmt":"2025-11-04T10:40:08","guid":{"rendered":"https:\/\/www.vapewholesalees.com\/?post_type=product&#038;p=19672"},"modified":"2025-11-04T11:51:15","modified_gmt":"2025-11-04T11:51:15","slug":"whole-melt-sugar-extracts","status":"publish","type":"product","link":"https:\/\/www.vapewholesalees.com\/en\/product\/whole-melt-sugar-extracts\/","title":{"rendered":"WHOLE MELT EXTRACTS edici\u00f3n Dulce &#8211; Frascos de vidrio vac\u00edos 1oz"},"content":{"rendered":"<div data-elementor-type=\"product-post\" data-elementor-id=\"19672\" class=\"elementor elementor-19672\" data-elementor-post-type=\"product\">\n\t\t\t\t<div class=\"wd-negative-gap elementor-element elementor-element-460c5ed e-flex e-con-boxed e-con e-parent\" data-id=\"460c5ed\" data-element_type=\"container\">\n\t\t\t\t\t<div class=\"e-con-inner\">\n\t\t\t\t<div class=\"elementor-element elementor-element-b5bef05 elementor-widget__width-initial elementor-widget elementor-widget-wd_text_block\" data-id=\"b5bef05\" data-element_type=\"widget\" data-widget_type=\"wd_text_block.default\">\n\t\t\t\t<div class=\"elementor-widget-container\">\n\t\t\t\t\t\t\t<div class=\"wd-text-block reset-last-child text-left\">\n\t\t\t\n\t\t\t<p>Servicio de Valor A\u00f1adido<br \/>\u2705 Para agilizar las entregas y aumentar la satisfacci\u00f3n del cliente, nuestra l\u00ednea Muha Meds cuenta con el respaldo de centros de inventario internacionales ubicados en California (EE. UU.), Nueva Jersey (EE. UU.), Chicago (EE. UU.), Reino Unido, Alemania, Italia y Polonia, lo que permite un cumplimiento regional m\u00e1s r\u00e1pido y tiempos de tr\u00e1nsito reducidos.<\/p>\n\t\t\t\t\t<\/div>\n\t\t\t\t\t\t<\/div>\n\t\t\t\t<\/div>\n\t\t\t\t<div class=\"elementor-element elementor-element-a609e2a elementor-widget elementor-widget-wd_text_block\" data-id=\"a609e2a\" data-element_type=\"widget\" data-widget_type=\"wd_text_block.default\">\n\t\t\t\t<div class=\"elementor-widget-container\">\n\t\t\t\t\t\t\t<div class=\"wd-text-block reset-last-child text-left\">\n\t\t\t\n\t\t\t<p>Whole melt sugar extracts | Proveedores de frascos de vidrio vac\u00edos 1oz para concentrado<\/p><p>Proveedor directo de f\u00e1brica de Whole melt sugar extracts al por mayor en Vapewholesalees. Ofrecemos frascos de vidrio premium vac\u00edos para extractos de az\u00facar de fusi\u00f3n entera a granel \u2014 OEM\/ODM.<\/p><p>Descubre la mejor f\u00e1brica de <a href=\"https:\/\/www.vapewholesalees.com\/en\/\">vaporizadores Wholesale en <strong>Vapewholesalees<\/strong><\/a>.<\/p>\n\t\t\t\t\t<\/div>\n\t\t\t\t\t\t<\/div>\n\t\t\t\t<\/div>\n\t\t\t\t\t<\/div>\n\t\t\t\t<\/div>\n\t\t\t\t<\/div>","protected":false},"excerpt":{"rendered":"<h1>WHOLE MELT EXTRACTS edici\u00f3n Dulce &#8211; Frascos de vidrio vac\u00edos 1oz<\/h1>\n<h2>Whole melt sugar extracts- Frascos de vidrio vac\u00edos 1oz<\/h2>\n<p><strong>Whole melt sugar extracts<\/strong>\u2014 tarro de vidrio grueso grado alimentario con <strong data-start=\"97\" data-end=\"111\">boca ancha<\/strong> e interior liso, dise\u00f1ado para <strong data-start=\"143\" data-end=\"175\">rosin, shatter, budder y wax<\/strong>. Superficie apta para etiquetado limpio y almacenamiento estable. Ideal para compras <strong data-start=\"261\" data-end=\"268\">B2B<\/strong> con personalizaci\u00f3n <strong data-start=\"289\" data-end=\"300\">OEM\/ODM<\/strong> (serigraf\u00eda, etiquetas, cajas \u201cBESOS Concentrate\u201d). <em data-start=\"353\" data-end=\"388\" data-is-last-node=\"\">Solo envase vac\u00edo; sin contenido.<\/em><\/p>\n<h3><strong>Bulk Made Affordable,Buy More, Save More:<\/strong><\/h3>\n<h3><strong>10+ 15+ 20+ 50+ 100+ 2<\/strong><strong>00+<\/strong><\/h3>\n<h3><strong>46\u00a0 \u00a0 41\u00a0 \u00a039\u00a0 \u00a0 36\u00a0 \u00a0 \u00a034\u00a0 \u00a0 \u00a0 33\u00a0 \u00a0<\/strong><\/h3>","protected":false},"featured_media":19673,"comment_status":"open","ping_status":"closed","template":"","meta":[],"product_brand":[],"product_cat":[143],"product_tag":[],"class_list":{"0":"post-19672","1":"product","2":"type-product","3":"status-publish","4":"has-post-thumbnail","6":"product_cat-prerolls-y-latas","8":"first","9":"instock","10":"shipping-taxable","11":"purchasable","12":"product-type-simple"},"_links":{"self":[{"href":"https:\/\/www.vapewholesalees.com\/en\/wp-json\/wp\/v2\/product\/19672","targetHints":{"allow":["GET"]}}],"collection":[{"href":"https:\/\/www.vapewholesalees.com\/en\/wp-json\/wp\/v2\/product"}],"about":[{"href":"https:\/\/www.vapewholesalees.com\/en\/wp-json\/wp\/v2\/types\/product"}],"replies":[{"embeddable":true,"href":"https:\/\/www.vapewholesalees.com\/en\/wp-json\/wp\/v2\/comments?post=19672"}],"version-history":[{"count":5,"href":"https:\/\/www.vapewholesalees.com\/en\/wp-json\/wp\/v2\/product\/19672\/revisions"}],"predecessor-version":[{"id":19686,"href":"https:\/\/www.vapewholesalees.com\/en\/wp-json\/wp\/v2\/product\/19672\/revisions\/19686"}],"wp:featuredmedia":[{"embeddable":true,"href":"https:\/\/www.vapewholesalees.com\/en\/wp-json\/wp\/v2\/media\/19673"}],"wp:attachment":[{"href":"https:\/\/www.vapewholesalees.com\/en\/wp-json\/wp\/v2\/media?parent=19672"}],"wp:term":[{"taxonomy":"product_brand","embeddable":true,"href":"https:\/\/www.vapewholesalees.com\/en\/wp-json\/wp\/v2\/product_brand?post=19672"},{"taxonomy":"product_cat","embeddable":true,"href":"https:\/\/www.vapewholesalees.com\/en\/wp-json\/wp\/v2\/product_cat?post=19672"},{"taxonomy":"product_tag","embeddable":true,"href":"https:\/\/www.vapewholesalees.com\/en\/wp-json\/wp\/v2\/product_tag?post=19672"}],"curies":[{"name":"wp","href":"https:\/\/api.w.org\/{rel}","templated":true}]}}