{"id":19797,"date":"2025-11-07T06:34:10","date_gmt":"2025-11-07T06:34:10","guid":{"rendered":"https:\/\/www.vapewholesalees.com\/?post_type=product&#038;p=19797"},"modified":"2025-11-15T08:50:11","modified_gmt":"2025-11-15T08:50:11","slug":"tyson-punch-all-in-one-vaporizer","status":"publish","type":"product","link":"https:\/\/www.vapewholesalees.com\/en\/product\/tyson-punch-all-in-one-vaporizer\/","title":{"rendered":"Tyson Punch Starry Screen 2g &#8211; Vapeador vac\u00edo Tyson al por mayor"},"content":{"rendered":"<div data-elementor-type=\"product-post\" data-elementor-id=\"19797\" class=\"elementor elementor-19797\" data-elementor-post-type=\"product\">\n\t\t\t\t<div class=\"wd-negative-gap elementor-element elementor-element-8e9b948 e-flex e-con-boxed e-con e-parent\" data-id=\"8e9b948\" data-element_type=\"container\">\n\t\t\t\t\t<div class=\"e-con-inner\">\n\t\t\t\t<div class=\"elementor-element elementor-element-65c8464 elementor-widget__width-initial elementor-widget elementor-widget-wd_text_block\" data-id=\"65c8464\" data-element_type=\"widget\" data-widget_type=\"wd_text_block.default\">\n\t\t\t\t<div class=\"elementor-widget-container\">\n\t\t\t\t\t\t\t<div class=\"wd-text-block reset-last-child text-left\">\n\t\t\t\n\t\t\t<p>Tyson Punch ALL IN ONE VAPORIZER | Proveedor de desechables de 2 g<\/p><p>Sabores:<\/p><ul><li>STRAWBERRY TANGHULU<br \/>ICE CREAM COOKIES<br \/>FLORIDA PIE<br \/>BLUE BERRY OCTANE<br \/>FROZEN FIST<br \/>SUPER OG<br \/>PINK STARBURST<br \/>K.O.KUSH<br \/>ORANGE SODA<br \/>BUBBA TAPE<\/li><\/ul><p>Volumen del tanque: 2 ml (vac\u00edo)<\/p><p>Capacidad de la bater\u00eda: 370 mAh<\/p><p>Cargador: Type-C<\/p>\n\t\t\t\t\t<\/div>\n\t\t\t\t\t\t<\/div>\n\t\t\t\t<\/div>\n\t\t\t\t<div class=\"elementor-element elementor-element-b03490a elementor-widget__width-initial elementor-widget elementor-widget-wd_text_block\" data-id=\"b03490a\" data-element_type=\"widget\" data-widget_type=\"wd_text_block.default\">\n\t\t\t\t<div class=\"elementor-widget-container\">\n\t\t\t\t\t\t\t<div class=\"wd-text-block reset-last-child text-left\">\n\t\t\t\n\t\t\t<p>Servicio de Valor A\u00f1adido<br \/>\u2705 Para agilizar las entregas y aumentar la satisfacci\u00f3n del cliente, nuestra l\u00ednea Muha Meds cuenta con el respaldo de centros de inventario internacionales ubicados en California (EE. UU.), Nueva Jersey (EE. UU.), Chicago (EE. UU.), Reino Unido, Alemania, Italia y Polonia, lo que permite un cumplimiento regional m\u00e1s r\u00e1pido y tiempos de tr\u00e1nsito reducidos.<\/p>\n\t\t\t\t\t<\/div>\n\t\t\t\t\t\t<\/div>\n\t\t\t\t<\/div>\n\t\t\t\t<div class=\"elementor-element elementor-element-17fa731 elementor-widget elementor-widget-wd_text_block\" data-id=\"17fa731\" data-element_type=\"widget\" data-widget_type=\"wd_text_block.default\">\n\t\t\t\t<div class=\"elementor-widget-container\">\n\t\t\t\t\t\t\t<div class=\"wd-text-block reset-last-child text-left\">\n\t\t\t\n\t\t\t<p>Proveedor directo de f\u00e1brica de Muha Meds Live Resin 3.5g al por mayor en Vapewholesalees. Ofrecemos envases vac\u00edos de Muha Meds de 3.5 g y el nuevo MM THC de 3500 mg a granel \u2014 OEM\/ODM.<\/p><p>Descubre la mejor f\u00e1brica de <a href=\"https:\/\/www.vapewholesalees.com\/en\/\">vaporizadores Wholesale en Vapewholesalees<\/a>.<\/p><ul><li><a href=\"https:\/\/vapewholesalees.com\/en\/product-category\/vape-de-marca\/\">Para saber m\u00e1s sobre otras marcas de productos de vapeo<\/a><\/li><li>Por favor revise las siguientes p\u00e1ginas:<\/li><li><a href=\"https:\/\/www.vapewholesalees.com\/en\/product\/tyson-pod-v2-1ml-wholesale\/\"><strong>Tyson Pod V2 desechable 1ml vac\u00edos<\/strong><\/a><\/li><\/ul>\n\t\t\t\t\t<\/div>\n\t\t\t\t\t\t<\/div>\n\t\t\t\t<\/div>\n\t\t\t\t\t<\/div>\n\t\t\t\t<\/div>\n\t\t\t\t<\/div>","protected":false},"excerpt":{"rendered":"<h1>Tyson Punch Starry Screen 2g &#8211; Vapeador vac\u00edo Tyson al por mayor<\/h1>\n<h2>Tyson Punch ALL IN ONE VAPORIZER- Vapeador vac\u00edo Tyson al por mayor<\/h2>\n<p>Dise\u00f1ado para envasadores con licencia que lanzan nuevos sabores al por mayor. La c\u00e1mara de 2 gramos se complementa con un sistema de carga USB-C y calentamiento cer\u00e1mico para un rendimiento uniforme y resistente a obstrucciones. El hardware incluye un flujo de aire antifugas para optimizar el cumplimiento normativo. Ideal para marcas OEM\/ODM y compras al por mayor; no incluye aceite.<\/p>\n<p>Tambi\u00e9n ofrecemos <a href=\"https:\/\/www.vapewholesalees.com\/en\/\">m\u00e1s opciones en <strong>Vapewholesale<\/strong><\/a>. \u00a1Compra con confianza!<\/p>\n<h4><strong>Bulk Made Affordable,Buy More, Save More:<\/strong><\/h4>\n<table style=\"border-collapse: collapse; width: 347.27pt;\" border=\"0\" width=\"463\" cellspacing=\"0\" cellpadding=\"0\">\n<tbody>\n<tr style=\"height: 18.75pt;\">\n<td class=\"et3\" style=\"height: 18.75pt; width: 77.25pt;\" width=\"103\" height=\"25\">\n<h3><span style=\"color: #ff9900;\"><strong>Quantities<\/strong><\/span><\/h3>\n<\/td>\n<td class=\"et4\" style=\"width: 54.00pt;\" width=\"72\">\n<h3><span style=\"color: #ff9900;\"><strong>100+<\/strong><\/span><\/h3>\n<\/td>\n<td class=\"et4\" style=\"width: 54.00pt;\" width=\"72\">\n<h3><span style=\"color: #ff9900;\"><strong>500+<\/strong><\/span><\/h3>\n<\/td>\n<td class=\"et4\" style=\"width: 54.00pt;\" width=\"72\">\n<h3><span style=\"color: #ff9900;\"><strong>1000+<\/strong><\/span><\/h3>\n<\/td>\n<td class=\"et4\" style=\"width: 54.00pt;\" width=\"72\">\n<h3><span style=\"color: #ff9900;\"><strong>2000+<\/strong><\/span><\/h3>\n<\/td>\n<td class=\"et4\" style=\"width: 54.00pt;\" width=\"72\">\n<h3><span style=\"color: #ff9900;\"><strong>5000+<\/strong><\/span><\/h3>\n<\/td>\n<\/tr>\n<tr style=\"height: 18.75pt;\">\n<td class=\"et3\" style=\"height: 18.75pt;\" height=\"25\">\n<h3><span style=\"color: #ff9900;\"><strong>Unit Price<\/strong><\/span><\/h3>\n<\/td>\n<td class=\"et4\">\n<h3><span style=\"color: #ff9900;\"><strong>5.58<\/strong><\/span><\/h3>\n<\/td>\n<td class=\"et4\">\n<h3><span style=\"color: #ff9900;\"><strong>4.26<\/strong><\/span><\/h3>\n<\/td>\n<td class=\"et4\">\n<h3><span style=\"color: #ff9900;\"><strong>4.15<\/strong><\/span><\/h3>\n<\/td>\n<td class=\"et4\">\n<h3><span style=\"color: #ff9900;\"><strong>4.05<\/strong><\/span><\/h3>\n<\/td>\n<td class=\"et4\">\n<h3><span style=\"color: #ff9900;\"><strong>3.49<\/strong><\/span><\/h3>\n<\/td>\n<\/tr>\n<\/tbody>\n<\/table>","protected":false},"featured_media":19802,"comment_status":"open","ping_status":"closed","template":"","meta":[],"product_brand":[],"product_cat":[20,76,85,149],"product_tag":[],"class_list":{"0":"post-19797","1":"product","2":"type-product","3":"status-publish","4":"has-post-thumbnail","6":"product_cat-vapeo-desechable-vacio-de-diversas-capacidades-al-por-mayor","7":"product_cat-vape-desechable-2g","8":"product_cat-vape-de-marca","9":"product_cat-tyson","11":"first","12":"instock","13":"shipping-taxable","14":"purchasable","15":"product-type-simple"},"_links":{"self":[{"href":"https:\/\/www.vapewholesalees.com\/en\/wp-json\/wp\/v2\/product\/19797","targetHints":{"allow":["GET"]}}],"collection":[{"href":"https:\/\/www.vapewholesalees.com\/en\/wp-json\/wp\/v2\/product"}],"about":[{"href":"https:\/\/www.vapewholesalees.com\/en\/wp-json\/wp\/v2\/types\/product"}],"replies":[{"embeddable":true,"href":"https:\/\/www.vapewholesalees.com\/en\/wp-json\/wp\/v2\/comments?post=19797"}],"version-history":[{"count":7,"href":"https:\/\/www.vapewholesalees.com\/en\/wp-json\/wp\/v2\/product\/19797\/revisions"}],"predecessor-version":[{"id":20359,"href":"https:\/\/www.vapewholesalees.com\/en\/wp-json\/wp\/v2\/product\/19797\/revisions\/20359"}],"wp:featuredmedia":[{"embeddable":true,"href":"https:\/\/www.vapewholesalees.com\/en\/wp-json\/wp\/v2\/media\/19802"}],"wp:attachment":[{"href":"https:\/\/www.vapewholesalees.com\/en\/wp-json\/wp\/v2\/media?parent=19797"}],"wp:term":[{"taxonomy":"product_brand","embeddable":true,"href":"https:\/\/www.vapewholesalees.com\/en\/wp-json\/wp\/v2\/product_brand?post=19797"},{"taxonomy":"product_cat","embeddable":true,"href":"https:\/\/www.vapewholesalees.com\/en\/wp-json\/wp\/v2\/product_cat?post=19797"},{"taxonomy":"product_tag","embeddable":true,"href":"https:\/\/www.vapewholesalees.com\/en\/wp-json\/wp\/v2\/product_tag?post=19797"}],"curies":[{"name":"wp","href":"https:\/\/api.w.org\/{rel}","templated":true}]}}