{"id":20148,"date":"2025-11-13T08:00:16","date_gmt":"2025-11-13T08:00:16","guid":{"rendered":"https:\/\/www.vapewholesalees.com\/?post_type=product&#038;p=20148"},"modified":"2025-11-15T08:31:54","modified_gmt":"2025-11-15T08:31:54","slug":"packwoods-desechable-dual-2g","status":"publish","type":"product","link":"https:\/\/www.vapewholesalees.com\/en\/product\/packwoods-desechable-dual-2g\/","title":{"rendered":"Packwoods Switch 1g+1g-C\u00e1mara doble vac\u00eda al por mayor"},"content":{"rendered":"<div data-elementor-type=\"product-post\" data-elementor-id=\"20148\" class=\"elementor elementor-20148\" data-elementor-post-type=\"product\">\n\t\t\t\t<div class=\"wd-negative-gap elementor-element elementor-element-e9eaaa9 e-flex e-con-boxed e-con e-parent\" data-id=\"e9eaaa9\" data-element_type=\"container\">\n\t\t\t\t\t<div class=\"e-con-inner\">\n\t\t\t\t<div class=\"elementor-element elementor-element-6bf7559 elementor-widget__width-initial elementor-widget elementor-widget-wd_text_block\" data-id=\"6bf7559\" data-element_type=\"widget\" data-widget_type=\"wd_text_block.default\">\n\t\t\t\t<div class=\"elementor-widget-container\">\n\t\t\t\t\t\t\t<div class=\"wd-text-block reset-last-child text-left\">\n\t\t\t\n\t\t\t<p>Packwoods Desechable Dual 2g al por mayor | Venta al por mayor de envases vac\u00edos con filtro<\/p><p>Sabores:<\/p><ul><li>ORANGE CREAMSICLE + SILK CANDY<br \/>MIAMI HAZE + BLACKCHERRY GELATO<br \/>BIG RED APPLE + BLACKBERRY KUSH<br \/>PEACH PUNCH +GELATO FREEZE<br \/>GUAVA BUBBLEGUM + PINK PINEAPPLE<br \/>UNICORN SHERBET + SUGAR PLUM<br \/>SOUR GUSHERS + MARSHMALLOW FLUFF<br \/>JELLY DULCE + BISCOTTI LATTE<br \/>BANANA FLAMBE + STRAWBRRIES &amp;CREAM<br \/>BLUE SLUSHIE + RAINBOW SORBET<\/li><\/ul><p>Volumen del tanque: 2 ml (vac\u00edo)<\/p><p>Capacidad de la bater\u00eda: 350 mAh<\/p><p>Cargador: Type-C<\/p>\n\t\t\t\t\t<\/div>\n\t\t\t\t\t\t<\/div>\n\t\t\t\t<\/div>\n\t\t\t\t<div class=\"elementor-element elementor-element-a287589 elementor-widget__width-initial elementor-widget elementor-widget-wd_text_block\" data-id=\"a287589\" data-element_type=\"widget\" data-widget_type=\"wd_text_block.default\">\n\t\t\t\t<div class=\"elementor-widget-container\">\n\t\t\t\t\t\t\t<div class=\"wd-text-block reset-last-child text-left\">\n\t\t\t\n\t\t\t<p>Servicio de Valor A\u00f1adido<br \/>\u2705 Para agilizar las entregas y aumentar la satisfacci\u00f3n del cliente, nuestra l\u00ednea Muha Meds cuenta con el respaldo de centros de inventario internacionales ubicados en California (EE. UU.), Nueva Jersey (EE. UU.), Chicago (EE. UU.), Reino Unido, Alemania, Italia y Polonia, lo que permite un cumplimiento regional m\u00e1s r\u00e1pido y tiempos de tr\u00e1nsito reducidos.<\/p>\n\t\t\t\t\t<\/div>\n\t\t\t\t\t\t<\/div>\n\t\t\t\t<\/div>\n\t\t\t\t<div class=\"elementor-element elementor-element-3bd4b6f elementor-widget elementor-widget-wd_text_block\" data-id=\"3bd4b6f\" data-element_type=\"widget\" data-widget_type=\"wd_text_block.default\">\n\t\t\t\t<div class=\"elementor-widget-container\">\n\t\t\t\t\t\t\t<div class=\"wd-text-block reset-last-child text-left\">\n\t\t\t\n\t\t\t<p>Proveedor directo de f\u00e1brica de Packwoods Desechable Dual 2g al por mayor en Vapewholesalees. Ofrecemos vaporizadores desechables vac\u00edos de THC y sabores Packwoods Dual al mejor precio en compras al por mayor (OEM\/ODM).<\/p><p>Descubre la mejor f\u00e1brica de <a href=\"https:\/\/www.vapewholesalees.com\/en\/\">vaporizadores Wholesale en <strong>Vapewholesalees<\/strong><\/a>.<\/p><ul><li style=\"text-align: left;\"><a href=\"https:\/\/vapewholesalees.com\/en\/product-category\/vape-de-marca\/\">Para saber m\u00e1s sobre otras marcas de productos de vapeo<\/a><\/li><li style=\"text-align: left;\">Por favor revise las siguientes p\u00e1ginas:<\/li><li style=\"text-align: left;\"><strong><a href=\"https:\/\/www.vapewholesalees.com\/en\/product\/packwoods-x-runtz-v2-2g\/\">Packwoods X Runtz V2<\/a><\/strong><\/li><li style=\"text-align: left;\"><strong><a href=\"https:\/\/www.vapewholesalees.com\/en\/product\/extractos-packwoods-x-runtz-1000-mg\/\">Packwoods x Runtz Long Edition<\/a><\/strong><\/li><li style=\"text-align: left;\"><a href=\"https:\/\/www.vapewholesalees.com\/en\/product\/gas-house-x-packwoods-2g-con-pantalla-led\/\"><strong>Gas House Packwoods 2 gramos<\/strong><\/a><\/li><\/ul>\n\t\t\t\t\t<\/div>\n\t\t\t\t\t\t<\/div>\n\t\t\t\t<\/div>\n\t\t\t\t\t<\/div>\n\t\t\t\t<\/div>\n\t\t\t\t<\/div>","protected":false},"excerpt":{"rendered":"<h1>Packwoods Switch 1g+1g-C\u00e1mara doble vac\u00eda al por mayor<\/h1>\n<h3>Packwoods Desechable Dual 2g-C\u00e1mara doble vac\u00eda al por mayor<\/h3>\n<p>Dise\u00f1ado para envasadores con licencia que lanzan nuevos sabores al por mayor. La c\u00e1mara de 2 gramos se complementa con un sistema de carga USB-C y calentamiento cer\u00e1mico para un rendimiento uniforme y resistente a obstrucciones. El hardware incluye un flujo de aire antifugas para optimizar el cumplimiento normativo. Ideal para marcas OEM\/ODM y compras al por mayor; no incluye aceite.<\/p>\n<p>Tambi\u00e9n ofrecemos <a href=\"https:\/\/www.vapewholesalees.com\/en\/\">m\u00e1s opciones en <strong>Vapewholesale<\/strong><\/a>. \u00a1Compra con confianza!<\/p>\n<h4><strong>Bulk Made Affordable,Buy More, Save More:<\/strong><\/h4>\n<table width=\"463\">\n<tbody>\n<tr>\n<td width=\"103\">\n<h3><span style=\"color: #ff9900;\"><strong>Quantities<\/strong><\/span><\/h3>\n<\/td>\n<td width=\"72\">\n<h3><span style=\"color: #ff9900;\"><strong>100+<\/strong><\/span><\/h3>\n<\/td>\n<td width=\"72\">\n<h3><span style=\"color: #ff9900;\"><strong>500+<\/strong><\/span><\/h3>\n<\/td>\n<td width=\"72\">\n<h3><span style=\"color: #ff9900;\"><strong>1000+<\/strong><\/span><\/h3>\n<\/td>\n<td width=\"72\">\n<h3><span style=\"color: #ff9900;\"><strong>2000+<\/strong><\/span><\/h3>\n<\/td>\n<td width=\"72\">\n<h3><span style=\"color: #ff9900;\"><strong>5000+<\/strong><\/span><\/h3>\n<\/td>\n<\/tr>\n<tr>\n<td>\n<h3><span style=\"color: #ff9900;\"><strong>Unit Price<\/strong><\/span><\/h3>\n<\/td>\n<td>\n<h3><span style=\"color: #ff9900;\"><strong>4.58<\/strong><\/span><\/h3>\n<\/td>\n<td>\n<h3><span style=\"color: #ff9900;\"><strong>3.58<\/strong><\/span><\/h3>\n<\/td>\n<td>\n<h3><span style=\"color: #ff9900;\"><strong>3.50\u00a0<\/strong><\/span><\/h3>\n<\/td>\n<td>\n<h3><span style=\"color: #ff9900;\"><strong>3.41<\/strong><\/span><\/h3>\n<\/td>\n<td>\n<h3><span style=\"color: #ff9900;\"><strong>3.32<\/strong><\/span><\/h3>\n<\/td>\n<\/tr>\n<\/tbody>\n<\/table>","protected":false},"featured_media":20149,"comment_status":"open","ping_status":"closed","template":"","meta":[],"product_brand":[105],"product_cat":[20,108,85,76,82],"product_tag":[],"class_list":{"0":"post-20148","1":"product","2":"type-product","3":"status-publish","4":"has-post-thumbnail","6":"product_brand-packwoods","7":"product_cat-vapeo-desechable-vacio-de-diversas-capacidades-al-por-mayor","8":"product_cat-packwoods","9":"product_cat-vape-de-marca","10":"product_cat-vape-desechable-2g","11":"product_cat-vaporizadores-de-doble-camara","13":"first","14":"instock","15":"shipping-taxable","16":"purchasable","17":"product-type-simple"},"_links":{"self":[{"href":"https:\/\/www.vapewholesalees.com\/en\/wp-json\/wp\/v2\/product\/20148","targetHints":{"allow":["GET"]}}],"collection":[{"href":"https:\/\/www.vapewholesalees.com\/en\/wp-json\/wp\/v2\/product"}],"about":[{"href":"https:\/\/www.vapewholesalees.com\/en\/wp-json\/wp\/v2\/types\/product"}],"replies":[{"embeddable":true,"href":"https:\/\/www.vapewholesalees.com\/en\/wp-json\/wp\/v2\/comments?post=20148"}],"version-history":[{"count":21,"href":"https:\/\/www.vapewholesalees.com\/en\/wp-json\/wp\/v2\/product\/20148\/revisions"}],"predecessor-version":[{"id":20351,"href":"https:\/\/www.vapewholesalees.com\/en\/wp-json\/wp\/v2\/product\/20148\/revisions\/20351"}],"wp:featuredmedia":[{"embeddable":true,"href":"https:\/\/www.vapewholesalees.com\/en\/wp-json\/wp\/v2\/media\/20149"}],"wp:attachment":[{"href":"https:\/\/www.vapewholesalees.com\/en\/wp-json\/wp\/v2\/media?parent=20148"}],"wp:term":[{"taxonomy":"product_brand","embeddable":true,"href":"https:\/\/www.vapewholesalees.com\/en\/wp-json\/wp\/v2\/product_brand?post=20148"},{"taxonomy":"product_cat","embeddable":true,"href":"https:\/\/www.vapewholesalees.com\/en\/wp-json\/wp\/v2\/product_cat?post=20148"},{"taxonomy":"product_tag","embeddable":true,"href":"https:\/\/www.vapewholesalees.com\/en\/wp-json\/wp\/v2\/product_tag?post=20148"}],"curies":[{"name":"wp","href":"https:\/\/api.w.org\/{rel}","templated":true}]}}