{"id":20567,"date":"2025-11-20T08:25:55","date_gmt":"2025-11-20T08:25:55","guid":{"rendered":"https:\/\/www.vapewholesalees.com\/?post_type=product&#038;p=20567"},"modified":"2025-11-20T08:34:43","modified_gmt":"2025-11-20T08:34:43","slug":"pressure-combinacion-de-sabores-desechables-pressure-2-gramos-al-por-mayor","status":"publish","type":"product","link":"https:\/\/www.vapewholesalees.com\/en\/product\/pressure-combinacion-de-sabores-desechables-pressure-2-gramos-al-por-mayor\/","title":{"rendered":"Pressure Combinaci\u00f3n de sabores desechables-Pressure 2 GRAMOS al por mayor"},"content":{"rendered":"<div data-elementor-type=\"product-post\" data-elementor-id=\"20567\" class=\"elementor elementor-20567\" data-elementor-post-type=\"product\">\n\t\t\t\t<div class=\"wd-negative-gap elementor-element elementor-element-e05801f e-flex e-con-boxed e-con e-parent\" data-id=\"e05801f\" data-element_type=\"container\">\n\t\t\t\t\t<div class=\"e-con-inner\">\n\t\t\t\t<div class=\"elementor-element elementor-element-3deeee8 elementor-widget__width-initial elementor-widget elementor-widget-wd_text_block\" data-id=\"3deeee8\" data-element_type=\"widget\" data-widget_type=\"wd_text_block.default\">\n\t\t\t\t<div class=\"elementor-widget-container\">\n\t\t\t\t\t\t\t<div class=\"wd-text-block reset-last-child text-left\">\n\t\t\t\n\t\t\t<p>Pressure 2g resina viva desechable a granel | Venta al por mayor de vaporizadores desechables de THC<\/p><p>Volumen del tanque: 2 ml (vac\u00edo)<\/p><p>Capacidad de la bater\u00eda: 300 mAh<\/p><p>Cargador: Type-C<\/p>\n\t\t\t\t\t<\/div>\n\t\t\t\t\t\t<\/div>\n\t\t\t\t<\/div>\n\t\t\t\t<div class=\"elementor-element elementor-element-def1b2c elementor-widget__width-initial elementor-widget elementor-widget-wd_text_block\" data-id=\"def1b2c\" data-element_type=\"widget\" data-widget_type=\"wd_text_block.default\">\n\t\t\t\t<div class=\"elementor-widget-container\">\n\t\t\t\t\t\t\t<div class=\"wd-text-block reset-last-child text-left\">\n\t\t\t\n\t\t\t<p>Servicio de Valor A\u00f1adido<br \/>\u2705 Para agilizar las entregas y aumentar la satisfacci\u00f3n del cliente, nuestra l\u00ednea Muha Meds cuenta con el respaldo de centros de inventario internacionales ubicados en California (EE. UU.), Nueva Jersey (EE. UU.), Chicago (EE. UU.), Reino Unido, Alemania, Italia y Polonia, lo que permite un cumplimiento regional m\u00e1s r\u00e1pido y tiempos de tr\u00e1nsito reducidos.<\/p>\n\t\t\t\t\t<\/div>\n\t\t\t\t\t\t<\/div>\n\t\t\t\t<\/div>\n\t\t\t\t<div class=\"elementor-element elementor-element-4dbcbc1 elementor-widget elementor-widget-wd_text_block\" data-id=\"4dbcbc1\" data-element_type=\"widget\" data-widget_type=\"wd_text_block.default\">\n\t\t\t\t<div class=\"elementor-widget-container\">\n\t\t\t\t\t\t\t<div class=\"wd-text-block reset-last-child text-left\">\n\t\t\t\n\t\t\t<p>Proveedor directo de f\u00e1brica de Pressure 2g resina viva desechable al por mayor en Vapewholesalees. Ofrecemos vaporizadores desechables Pressure de 2 g vac\u00edos y vaporizadores desechables Pressure de doble sabor en almac\u00e9n en EE. UU.<\/p><p>Descubre la mejor f\u00e1brica de <a href=\"https:\/\/www.vapewholesalees.com\/en\/\">vaporizadores Wholesale en Vapewholesalees<\/a>.<\/p><ul><li style=\"text-align: left;\"><a href=\"https:\/\/vapewholesalees.com\/en\/product-category\/vape-de-marca\/\">Para saber m\u00e1s sobre otras marcas de productos de vapeo<\/a><\/li><\/ul>\n\t\t\t\t\t<\/div>\n\t\t\t\t\t\t<\/div>\n\t\t\t\t<\/div>\n\t\t\t\t\t<\/div>\n\t\t\t\t<\/div>\n\t\t\t\t<\/div>","protected":false},"excerpt":{"rendered":"<h1>Pressure Combinaci\u00f3n de sabores desechables-Pressure 2 GRAMOS al por mayor<\/h1>\n<h2>Pressure 2g resina viva desechable-Pressure 2 GRAMOS al por mayor<\/h2>\n<p>Dise\u00f1ado para envasadores con licencia que lanzan nuevos sabores al por mayor. La c\u00e1mara de 2 gramos se complementa con un sistema de carga USB-C y calentamiento cer\u00e1mico para un rendimiento uniforme y resistente a obstrucciones. El hardware incluye un flujo de aire antifugas para optimizar el cumplimiento normativo. Ideal para marcas OEM\/ODM y compras al por mayor; no incluye aceite.<\/p>\n<p>Tambi\u00e9n ofrecemos <a href=\"https:\/\/www.vapewholesalees.com\/en\/\">m\u00e1s opciones en <strong>Vapewholesale<\/strong><\/a>. \u00a1Compra con confianza!<\/p>\n<h4>Bulk Made Affordable,Buy More, Save <span style=\"color: #000000;\">More:<\/span><\/h4>\n<table style=\"border-collapse: collapse; width: 347.27pt;\" border=\"0\" width=\"463\" cellspacing=\"0\" cellpadding=\"0\">\n<tbody>\n<tr style=\"height: 18.75pt;\">\n<td class=\"et3\" style=\"height: 18.75pt; width: 77.25pt;\" width=\"103\" height=\"25\">\n<h3><span style=\"color: #ff9900;\"><strong>Quantities<\/strong><\/span><\/h3>\n<\/td>\n<td class=\"et4\" style=\"width: 54.00pt;\" width=\"72\">\n<h3><span style=\"color: #ff9900;\"><strong>500+<\/strong><\/span><\/h3>\n<\/td>\n<td class=\"et4\" style=\"width: 54.00pt;\" width=\"72\">\n<h3><span style=\"color: #ff9900;\"><strong>1000+<\/strong><\/span><\/h3>\n<\/td>\n<td class=\"et4\" style=\"width: 54.00pt;\" width=\"72\">\n<h3><span style=\"color: #ff9900;\"><strong>2000+<\/strong><\/span><\/h3>\n<\/td>\n<td class=\"et4\" style=\"width: 54.00pt;\" width=\"72\">\n<h3><span style=\"color: #ff9900;\"><strong>5000+<\/strong><\/span><\/h3>\n<\/td>\n<td class=\"et4\" style=\"width: 54.00pt;\" width=\"72\">\n<h3><\/h3>\n<\/td>\n<\/tr>\n<tr style=\"height: 18.75pt;\">\n<td class=\"et3\" style=\"height: 18.75pt;\" height=\"25\">\n<h3><span style=\"color: #ff9900;\"><strong>Unit Price<\/strong><\/span><\/h3>\n<\/td>\n<td class=\"et4\">\n<h3><span style=\"color: #ff9900;\"><strong>2.48<\/strong><\/span><\/h3>\n<\/td>\n<td class=\"et4\">\n<h3><span style=\"color: #ff9900;\"><strong>2.48<\/strong><\/span><\/h3>\n<\/td>\n<td class=\"et4\">\n<h3><span style=\"color: #ff9900;\"><strong>2.38<\/strong><\/span><\/h3>\n<\/td>\n<td class=\"et4\">\n<h3><span style=\"color: #ff9900;\"><strong>2.38<\/strong><\/span><\/h3>\n<\/td>\n<td class=\"et4\">\n<h3><\/h3>\n<\/td>\n<\/tr>\n<\/tbody>\n<\/table>","protected":false},"featured_media":20568,"comment_status":"open","ping_status":"closed","template":"","meta":[],"product_brand":[138],"product_cat":[20,137,85,76,145],"product_tag":[],"class_list":{"0":"post-20567","1":"product","2":"type-product","3":"status-publish","4":"has-post-thumbnail","6":"product_brand-otras-marcas","7":"product_cat-vapeo-desechable-vacio-de-diversas-capacidades-al-por-mayor","8":"product_cat-otras-marcas","9":"product_cat-vape-de-marca","10":"product_cat-vape-desechable-2g","11":"product_cat-vaporizadores-vacios-al-por-mayor-en-estados-unidos","13":"first","14":"instock","15":"shipping-taxable","16":"product-type-simple"},"_links":{"self":[{"href":"https:\/\/www.vapewholesalees.com\/en\/wp-json\/wp\/v2\/product\/20567","targetHints":{"allow":["GET"]}}],"collection":[{"href":"https:\/\/www.vapewholesalees.com\/en\/wp-json\/wp\/v2\/product"}],"about":[{"href":"https:\/\/www.vapewholesalees.com\/en\/wp-json\/wp\/v2\/types\/product"}],"replies":[{"embeddable":true,"href":"https:\/\/www.vapewholesalees.com\/en\/wp-json\/wp\/v2\/comments?post=20567"}],"version-history":[{"count":6,"href":"https:\/\/www.vapewholesalees.com\/en\/wp-json\/wp\/v2\/product\/20567\/revisions"}],"predecessor-version":[{"id":20740,"href":"https:\/\/www.vapewholesalees.com\/en\/wp-json\/wp\/v2\/product\/20567\/revisions\/20740"}],"wp:featuredmedia":[{"embeddable":true,"href":"https:\/\/www.vapewholesalees.com\/en\/wp-json\/wp\/v2\/media\/20568"}],"wp:attachment":[{"href":"https:\/\/www.vapewholesalees.com\/en\/wp-json\/wp\/v2\/media?parent=20567"}],"wp:term":[{"taxonomy":"product_brand","embeddable":true,"href":"https:\/\/www.vapewholesalees.com\/en\/wp-json\/wp\/v2\/product_brand?post=20567"},{"taxonomy":"product_cat","embeddable":true,"href":"https:\/\/www.vapewholesalees.com\/en\/wp-json\/wp\/v2\/product_cat?post=20567"},{"taxonomy":"product_tag","embeddable":true,"href":"https:\/\/www.vapewholesalees.com\/en\/wp-json\/wp\/v2\/product_tag?post=20567"}],"curies":[{"name":"wp","href":"https:\/\/api.w.org\/{rel}","templated":true}]}}