{"id":21852,"date":"2025-12-30T08:39:49","date_gmt":"2025-12-30T08:39:49","guid":{"rendered":"https:\/\/www.vapewholesalees.com\/?post_type=product&#038;p=21852"},"modified":"2026-01-06T06:57:35","modified_gmt":"2026-01-06T06:57:35","slug":"desechable-omakase-de-1-8-g","status":"publish","type":"product","link":"https:\/\/www.vapewholesalees.com\/en\/product\/desechable-omakase-de-1-8-g\/","title":{"rendered":"Desechable Omakase vac\u00edo de 1.8 g: 10 sabores triples al por mayor"},"content":{"rendered":"<p>Dise\u00f1ado para envasadores con licencia que lanzan nuevos sabores al por mayor. Las tres c\u00e1maras de 1.8 g se combinan con carga USB-C inferior y calentamiento cer\u00e1mico para un rendimiento uniforme y resistente a obstrucciones. El hardware incluye un flujo de aire antifugas para apoyar los requisitos de cumplimiento normativo. Ideal para marcas OEM\/ODM y compras al por mayor; no incluye aceite.<\/p>\n<p>Tambi\u00e9n ofrecemos <a href=\"https:\/\/www.vapewholesalees.com\/en\/\">m\u00e1s opciones en Vapewholesale<\/a>. \u00a1Compra con confianza!<\/p>\n<p>Bulk Made Affordable,Buy More, Save More:<\/p>\n<table style=\"border-collapse: collapse; width: 324.02pt;\" border=\"0\" width=\"432\" cellspacing=\"0\" cellpadding=\"0\">\n<tbody>\n<tr style=\"height: 13.50pt;\">\n<td class=\"et3\" style=\"height: 13.50pt; width: 54.00pt;\" width=\"72\" height=\"18\">Quantities<\/td>\n<td class=\"et3\" style=\"width: 54.00pt;\" width=\"72\">100+<\/td>\n<td class=\"et3\" style=\"width: 54.00pt;\" width=\"72\">500+<\/td>\n<td class=\"et3\" style=\"width: 54.00pt;\" width=\"72\">1000+<\/td>\n<td class=\"et3\" style=\"width: 54.00pt;\" width=\"72\">2000+<\/td>\n<td class=\"et3\" style=\"width: 54.00pt;\" width=\"72\">5000+<\/td>\n<\/tr>\n<tr style=\"height: 13.50pt;\">\n<td class=\"et4\" style=\"height: 13.50pt;\" height=\"18\">Unit Price<\/td>\n<td class=\"et4\">$4.98<\/td>\n<td class=\"et4\">$3.94<\/td>\n<td class=\"et4\">$3.85<\/td>\n<td class=\"et4\">$3.75<\/td>\n<td class=\"et4\">$3.66<\/td>\n<\/tr>\n<\/tbody>\n<\/table>","protected":false},"excerpt":{"rendered":"<p>Desechable Omakase vac\u00edo de 1.8 g: 10 sabores triples al por mayor<\/p>\n<p>desechable Omakase de 1.8 g: vape vac\u00edo de 3 tanques y sabores<\/p>\n<p>Dise\u00f1ado para envasadores con licencia que lanzan nuevos sabores al por mayor. Las tres c\u00e1maras de 1.8 g se combinan con carga USB-C inferior y calentamiento cer\u00e1mico para un rendimiento uniforme y resistente a obstrucciones. El hardware incluye un flujo de aire antifugas para apoyar los requisitos de cumplimiento normativo. Ideal para marcas OEM\/ODM y compras al por mayor; no incluye aceite.<\/p>\n<p>Tambi\u00e9n ofrecemos <a href=\"https:\/\/www.vapewholesalees.com\/en\/\">m\u00e1s opciones en Vapewholesale<\/a>. \u00a1Compra con confianza!<\/p>\n<p>Bulk Made Affordable,Buy More, Save More:<\/p>\n<table style=\"border-collapse: collapse; width: 324.02pt;\" border=\"0\" width=\"432\" cellspacing=\"0\" cellpadding=\"0\">\n<tbody>\n<tr style=\"height: 13.50pt;\">\n<td class=\"et3\" style=\"height: 13.50pt; width: 54.00pt;\" width=\"72\" height=\"18\">Quantities<\/td>\n<td class=\"et3\" style=\"width: 54.00pt;\" width=\"72\">100+<\/td>\n<td class=\"et3\" style=\"width: 54.00pt;\" width=\"72\">500+<\/td>\n<td class=\"et3\" style=\"width: 54.00pt;\" width=\"72\">1000+<\/td>\n<td class=\"et3\" style=\"width: 54.00pt;\" width=\"72\">2000+<\/td>\n<td class=\"et3\" style=\"width: 54.00pt;\" width=\"72\">5000+<\/td>\n<\/tr>\n<tr style=\"height: 13.50pt;\">\n<td class=\"et4\" style=\"height: 13.50pt;\" height=\"18\">Unit Price<\/td>\n<td class=\"et4\">$4.98<\/td>\n<td class=\"et4\">$3.94<\/td>\n<td class=\"et4\">$3.85<\/td>\n<td class=\"et4\">$3.75<\/td>\n<td class=\"et4\">$3.66<\/td>\n<\/tr>\n<\/tbody>\n<\/table>","protected":false},"featured_media":21853,"comment_status":"open","ping_status":"closed","template":"","meta":[],"product_brand":[161],"product_cat":[83,82,145],"product_tag":[],"class_list":{"0":"post-21852","1":"product","2":"type-product","3":"status-publish","4":"has-post-thumbnail","6":"product_brand-omakase","7":"product_cat-vape-desechable-con-pantalla","8":"product_cat-vaporizadores-de-doble-camara","9":"product_cat-vaporizadores-vacios-al-por-mayor-en-estados-unidos","11":"first","12":"instock","13":"shipping-taxable","14":"purchasable","15":"product-type-simple"},"_links":{"self":[{"href":"https:\/\/www.vapewholesalees.com\/en\/wp-json\/wp\/v2\/product\/21852","targetHints":{"allow":["GET"]}}],"collection":[{"href":"https:\/\/www.vapewholesalees.com\/en\/wp-json\/wp\/v2\/product"}],"about":[{"href":"https:\/\/www.vapewholesalees.com\/en\/wp-json\/wp\/v2\/types\/product"}],"replies":[{"embeddable":true,"href":"https:\/\/www.vapewholesalees.com\/en\/wp-json\/wp\/v2\/comments?post=21852"}],"version-history":[{"count":1,"href":"https:\/\/www.vapewholesalees.com\/en\/wp-json\/wp\/v2\/product\/21852\/revisions"}],"predecessor-version":[{"id":21880,"href":"https:\/\/www.vapewholesalees.com\/en\/wp-json\/wp\/v2\/product\/21852\/revisions\/21880"}],"wp:featuredmedia":[{"embeddable":true,"href":"https:\/\/www.vapewholesalees.com\/en\/wp-json\/wp\/v2\/media\/21853"}],"wp:attachment":[{"href":"https:\/\/www.vapewholesalees.com\/en\/wp-json\/wp\/v2\/media?parent=21852"}],"wp:term":[{"taxonomy":"product_brand","embeddable":true,"href":"https:\/\/www.vapewholesalees.com\/en\/wp-json\/wp\/v2\/product_brand?post=21852"},{"taxonomy":"product_cat","embeddable":true,"href":"https:\/\/www.vapewholesalees.com\/en\/wp-json\/wp\/v2\/product_cat?post=21852"},{"taxonomy":"product_tag","embeddable":true,"href":"https:\/\/www.vapewholesalees.com\/en\/wp-json\/wp\/v2\/product_tag?post=21852"}],"curies":[{"name":"wp","href":"https:\/\/api.w.org\/{rel}","templated":true}]}}