{"id":22221,"date":"2026-01-22T08:35:35","date_gmt":"2026-01-22T08:35:35","guid":{"rendered":"https:\/\/www.vapewholesalees.com\/?post_type=product&#038;p=22221"},"modified":"2026-01-22T08:47:08","modified_gmt":"2026-01-22T08:47:08","slug":"california-honey-anillo-2ml","status":"publish","type":"product","link":"https:\/\/www.vapewholesalees.com\/en\/product\/california-honey-anillo-2ml\/","title":{"rendered":"desechable California Honey con pantalla de anillo de 2 ml"},"content":{"rendered":"<h1>desechable California Honey con pantalla de anillo de 2 ml<\/h1>\n<h2>Resumen para compras al por mayor<\/h2>\n<p>El <strong>desechable California Honey con pantalla de anillo de 2 ml<\/strong> est\u00e1 pensado para envasadores con licencia y marcas OEM\/ODM que necesitan<br \/>\nuna identificaci\u00f3n de versi\u00f3n clara para listados, recepci\u00f3n y control de lotes. El formato integra <strong>pantalla de anillo<\/strong> para una lectura r\u00e1pida<br \/>\ny una <strong>capacidad nominal de 2 ml<\/strong>, con opci\u00f3n de <strong>10 perfiles de sabor<\/strong> (seg\u00fan etiqueta\/presentaci\u00f3n), orientado a consistencia de l\u00ednea<br \/>\ny menos confusiones por mix-ups en almac\u00e9n.<\/p>\n<h2>Datos log\u00edsticos (referencia)<\/h2>\n<p><strong>Vapes:<\/strong> 13.62 kg\/500 pcs (490\u00d7400\u00d7250 mm) \u00a0|<br \/>\n<strong>Packages:<\/strong> 17.6 kg\/500 pcs (580\u00d7310\u00d7480 mm)<\/p>\n<p><strong>Empty only:<\/strong> no incluye aceite.<\/p>","protected":false},"excerpt":{"rendered":"<h1>desechable California Honey con pantalla de anillo de 2 ml<\/h1>\n<h2>Resumen para compras al por mayor<\/h2>\n<p>El <strong>desechable California Honey con pantalla de anillo de 2 ml<\/strong> est\u00e1 pensado para envasadores con licencia y marcas OEM\/ODM que necesitan<br \/>\nuna identificaci\u00f3n de versi\u00f3n clara para listados, recepci\u00f3n y control de lotes. El formato integra <strong>pantalla de anillo<\/strong> para una lectura r\u00e1pida<br \/>\ny una <strong>capacidad nominal de 2 ml<\/strong>, con opci\u00f3n de <strong>10 perfiles de sabor<\/strong> (seg\u00fan etiqueta\/presentaci\u00f3n), orientado a consistencia de l\u00ednea<br \/>\ny menos confusiones por mix-ups en almac\u00e9n.<\/p>\n<h2>Datos log\u00edsticos (referencia)<\/h2>\n<p><strong>Vapes:<\/strong> 13.62 kg\/500 pcs (490\u00d7400\u00d7250 mm) \u00a0|<br \/>\n<strong>Packages:<\/strong> 17.6 kg\/500 pcs (580\u00d7310\u00d7480 mm)<\/p>\n<p><strong>Empty only:<\/strong> no incluye aceite.<\/p>","protected":false},"featured_media":22223,"comment_status":"open","ping_status":"closed","template":"","meta":[],"product_brand":[128],"product_cat":[129,76,83,145,159],"product_tag":[],"class_list":{"0":"post-22221","1":"product","2":"type-product","3":"status-publish","4":"has-post-thumbnail","6":"product_brand-california-honey","7":"product_cat-california-honey","8":"product_cat-vape-desechable-2g","9":"product_cat-vape-desechable-con-pantalla","10":"product_cat-vaporizadores-vacios-al-por-mayor-en-estados-unidos","11":"product_cat-vaporizadores-vacios-al-por-mayor-en-reino-unido","13":"first","14":"instock","15":"shipping-taxable","16":"purchasable","17":"product-type-simple"},"_links":{"self":[{"href":"https:\/\/www.vapewholesalees.com\/en\/wp-json\/wp\/v2\/product\/22221","targetHints":{"allow":["GET"]}}],"collection":[{"href":"https:\/\/www.vapewholesalees.com\/en\/wp-json\/wp\/v2\/product"}],"about":[{"href":"https:\/\/www.vapewholesalees.com\/en\/wp-json\/wp\/v2\/types\/product"}],"replies":[{"embeddable":true,"href":"https:\/\/www.vapewholesalees.com\/en\/wp-json\/wp\/v2\/comments?post=22221"}],"version-history":[{"count":3,"href":"https:\/\/www.vapewholesalees.com\/en\/wp-json\/wp\/v2\/product\/22221\/revisions"}],"predecessor-version":[{"id":22243,"href":"https:\/\/www.vapewholesalees.com\/en\/wp-json\/wp\/v2\/product\/22221\/revisions\/22243"}],"wp:featuredmedia":[{"embeddable":true,"href":"https:\/\/www.vapewholesalees.com\/en\/wp-json\/wp\/v2\/media\/22223"}],"wp:attachment":[{"href":"https:\/\/www.vapewholesalees.com\/en\/wp-json\/wp\/v2\/media?parent=22221"}],"wp:term":[{"taxonomy":"product_brand","embeddable":true,"href":"https:\/\/www.vapewholesalees.com\/en\/wp-json\/wp\/v2\/product_brand?post=22221"},{"taxonomy":"product_cat","embeddable":true,"href":"https:\/\/www.vapewholesalees.com\/en\/wp-json\/wp\/v2\/product_cat?post=22221"},{"taxonomy":"product_tag","embeddable":true,"href":"https:\/\/www.vapewholesalees.com\/en\/wp-json\/wp\/v2\/product_tag?post=22221"}],"curies":[{"name":"wp","href":"https:\/\/api.w.org\/{rel}","templated":true}]}}