{"id":361,"date":"2021-08-27T11:55:26","date_gmt":"2021-08-27T11:55:26","guid":{"rendered":"http:\/\/dummy.xtemos.com\/woodmart2\/elementor\/?post_type=product&#038;p=361"},"modified":"2025-10-20T07:02:36","modified_gmt":"2025-10-20T07:02:36","slug":"muha-meds-2g-interruptor-de-doble-camara","status":"publish","type":"product","link":"https:\/\/www.vapewholesalees.com\/en\/product\/muha-meds-2g-interruptor-de-doble-camara\/","title":{"rendered":"Muha Meds 2g interruptor de doble c\u00e1mara a granel-MM vac\u00eda con pantalla LED"},"content":{"rendered":"<div data-elementor-type=\"wp-post\" data-elementor-id=\"361\" class=\"elementor elementor-361\" data-elementor-post-type=\"product\">\n\t\t\t\t<div class=\"wd-negative-gap elementor-element elementor-element-7ba917d e-flex e-con-boxed e-con e-parent\" data-id=\"7ba917d\" data-element_type=\"container\">\n\t\t\t\t\t<div class=\"e-con-inner\">\n\t\t<div class=\"elementor-element elementor-element-836b10c e-con-full e-flex e-con e-child\" data-id=\"836b10c\" data-element_type=\"container\">\n\t\t\t\t<div class=\"elementor-element elementor-element-1cb5edc elementor-widget elementor-widget-wd_text_block\" data-id=\"1cb5edc\" data-element_type=\"widget\" data-widget_type=\"wd_text_block.default\">\n\t\t\t\t<div class=\"elementor-widget-container\">\n\t\t\t\t\t\t\t<div class=\"wd-text-block reset-last-child text-left\">\n\t\t\t\n\t\t\t<p>Muha Meds 2g interruptor de doble c\u00e1mara | MM vac\u00eda con pantalla LED<\/p><p>Sabores:<\/p><ul><li>Strawberry Shortcake+Donnie Burger<br \/>Bulebble Gum Burst+Fatso<br \/>Pineapple Express+TropicanaCherry<br \/>Hibibi+Strawberry Runtz<br \/>Sour Watermelon Squirt+Temptation<br \/>Lemonado+Sugardaddypunch<br \/>Blue Slushie+Tahoe OG<br \/>Pineapple Runtz+Candy Apple<br \/>BlueBerry Muffin+Garlic Jelly<br \/>Miucesa+Blueberry Cookies<\/li><\/ul><p>Volumen del tanque: 1+1 ml (vac\u00edo)<\/p><p>Capacidad de la bater\u00eda: 500 mAh<\/p><p>Cargador: type c<\/p>\n\t\t\t\t\t<\/div>\n\t\t\t\t\t\t<\/div>\n\t\t\t\t<\/div>\n\t\t\t\t<\/div>\n\t\t<div class=\"elementor-element elementor-element-e91f64e e-con-full e-flex e-con e-child\" data-id=\"e91f64e\" data-element_type=\"container\">\n\t\t\t\t<div class=\"elementor-element elementor-element-ed4e84b elementor-widget elementor-widget-wd_text_block\" data-id=\"ed4e84b\" data-element_type=\"widget\" data-widget_type=\"wd_text_block.default\">\n\t\t\t\t<div class=\"elementor-widget-container\">\n\t\t\t\t\t\t\t<div class=\"wd-text-block reset-last-child text-left\">\n\t\t\t\n\t\t\t<p>Servicio de Valor A\u00f1adido<br \/>\u2705 Para agilizar las entregas y aumentar la satisfacci\u00f3n del cliente, nuestra l\u00ednea Muha Meds cuenta con el respaldo de centros de inventario internacionales ubicados en California (EE. UU.), Nueva Jersey (EE. UU.), Chicago (EE. UU.), Reino Unido, Alemania, Italia y Polonia, lo que permite un cumplimiento regional m\u00e1s r\u00e1pido y tiempos de tr\u00e1nsito reducidos.<\/p><p>Detalles sobre los cartuchos desechables de doble c\u00e1mara Muha Meds<\/p><p>El dispositivo vac\u00edo desechable de doble c\u00e1mara 2G Muha Meds es la soluci\u00f3n ideal. Est\u00e1 dise\u00f1ado espec\u00edficamente para clientes mayoristas y marcas que buscan un dispositivo vac\u00edo de primera calidad, con una flexibilidad inigualable y una calidad excepcional.<br \/>Este innovador dispositivo de doble c\u00e1mara integra dos tanques de almacenamiento de aceite independientes, lo que permite inyectar f\u00e1cilmente dos f\u00f3rmulas complementarias para crear una mezcla \u00fanica de sabores o potenciar los niveles de efecto. Cada cartucho desechable Muha Meds se somete a rigurosas inspecciones de calidad para garantizar una experiencia de sabor suave, estable y aut\u00e9ntica en todo momento.<\/p><p>\u00a0<\/p>\n\t\t\t\t\t<\/div>\n\t\t\t\t\t\t<\/div>\n\t\t\t\t<\/div>\n\t\t\t\t<\/div>\n\t\t<div class=\"elementor-element elementor-element-3a86271 e-con-full e-flex e-con e-child\" data-id=\"3a86271\" data-element_type=\"container\">\n\t\t\t\t<div class=\"elementor-element elementor-element-e9a2f3f elementor-widget elementor-widget-wd_text_block\" data-id=\"e9a2f3f\" data-element_type=\"widget\" data-widget_type=\"wd_text_block.default\">\n\t\t\t\t<div class=\"elementor-widget-container\">\n\t\t\t\t\t\t\t<div class=\"wd-text-block reset-last-child text-left\">\n\t\t\t\n\t\t\t<p>Proveedor directo de f\u00e1brica de Muha Meds 2g interruptor de doble c\u00e1mara al por mayor en Vapewholesalees. Ofrecemos MM vac\u00edos con pantalla LED y El m\u00e1s nuevo sabor doble MM de 2g al por mayor (OEM\/ODM).<\/p><p>Descubre la mejor f\u00e1brica de <a href=\"https:\/\/www.vapewholesalees.com\/en\/\">vaporizadores Wholesale en Vapewholesalees<\/a>.<\/p><ul><li><a href=\"https:\/\/vapewholesalees.com\/en\/product-category\/vape-de-marca\/\">Para saber m\u00e1s sobre otras marcas de productos de vapeo<\/a><\/li><li>Por favor revise las siguientes p\u00e1ginas:<\/li><li><a href=\"https:\/\/www.vapewholesalees.com\/en\/product\/muha-meds-2g-led\/\">Muha Meds 2G LED<\/a><\/li><li><a href=\"https:\/\/www.vapewholesalees.com\/en\/product\/muha-meds-2g-spring-edition\/\">Muha Meds SPRING<\/a><\/li><li><a href=\"https:\/\/www.vapewholesalees.com\/en\/product\/pantalla-led-muha-meds-2g\/\">MM vac\u00edo con pantalla<\/a><\/li><\/ul>\n\t\t\t\t\t<\/div>\n\t\t\t\t\t\t<\/div>\n\t\t\t\t<\/div>\n\t\t\t\t<\/div>\n\t\t\t\t\t<\/div>\n\t\t\t\t<\/div>\n\t\t\t\t<\/div>","protected":false},"excerpt":{"rendered":"<h1>Muha Meds 2g Dual Chamber \u2014\u00a0 El m\u00e1s nuevo sabor doble vac\u00eda MM<\/h1>\n<h2>a granel<\/h2>\n<h2>Muha Meds 2g interruptor de doble c\u00e1mara a granel-MM vac\u00eda con pantalla LED<\/h2>\n<p>Dise\u00f1ado para envasadores con licencia que lanzan nuevos sabores al por mayor, con Postless Design y Minimalist ClassicBody que facilitan el white-label. La c\u00e1mara de 2 gramos se combina con Type-C Charging Port y calentamiento cer\u00e1mico para un rendimiento uniforme y resistente a obstrucciones. Su Leak-Resistant Structure optimiza el flujo de aire y el cumplimiento normativo, mientras la Long Lasting Battery refuerza la estabilidad tras el llenado. Ideal para programas OEM\/ODM y compras al por mayor; no incluye aceite.<\/p>\n<p>Tambi\u00e9n ofrecemos <a href=\"https:\/\/www.vapewholesalees.com\/en\/\">m\u00e1s opciones en <strong>Vapewholesale<\/strong><\/a>. \u00a1Compra con confianza!<\/p>\n<h3><strong>Bulk Made Affordable,Buy More, Save More:<\/strong><\/h3>\n<h3><strong>100+ 500+ 1000+ 2000+ 5000+<\/strong><\/h3>\n<h3><strong>4.68\u00a0 3.85\u00a0 \u00a03.75\u00a0 \u00a0 \u00a0 3.66\u00a0 \u00a0 \u00a03.58<\/strong><\/h3>","protected":false},"featured_media":16341,"comment_status":"open","ping_status":"closed","template":"","meta":[],"product_brand":[87],"product_cat":[20,76,82,83,84,85,86],"product_tag":[],"class_list":{"0":"post-361","1":"product","2":"type-product","3":"status-publish","4":"has-post-thumbnail","6":"product_brand-muha-meds","7":"product_cat-vapeo-desechable-vacio-de-diversas-capacidades-al-por-mayor","8":"product_cat-vape-desechable-2g","9":"product_cat-vaporizadores-de-doble-camara","10":"product_cat-vape-desechable-con-pantalla","11":"product_cat-vape-desechable-sin-postes","12":"product_cat-vape-de-marca","13":"product_cat-muha-meds","15":"first","16":"instock","17":"shipping-taxable","18":"purchasable","19":"product-type-simple"},"_links":{"self":[{"href":"https:\/\/www.vapewholesalees.com\/en\/wp-json\/wp\/v2\/product\/361","targetHints":{"allow":["GET"]}}],"collection":[{"href":"https:\/\/www.vapewholesalees.com\/en\/wp-json\/wp\/v2\/product"}],"about":[{"href":"https:\/\/www.vapewholesalees.com\/en\/wp-json\/wp\/v2\/types\/product"}],"replies":[{"embeddable":true,"href":"https:\/\/www.vapewholesalees.com\/en\/wp-json\/wp\/v2\/comments?post=361"}],"version-history":[{"count":15,"href":"https:\/\/www.vapewholesalees.com\/en\/wp-json\/wp\/v2\/product\/361\/revisions"}],"predecessor-version":[{"id":18455,"href":"https:\/\/www.vapewholesalees.com\/en\/wp-json\/wp\/v2\/product\/361\/revisions\/18455"}],"wp:featuredmedia":[{"embeddable":true,"href":"https:\/\/www.vapewholesalees.com\/en\/wp-json\/wp\/v2\/media\/16341"}],"wp:attachment":[{"href":"https:\/\/www.vapewholesalees.com\/en\/wp-json\/wp\/v2\/media?parent=361"}],"wp:term":[{"taxonomy":"product_brand","embeddable":true,"href":"https:\/\/www.vapewholesalees.com\/en\/wp-json\/wp\/v2\/product_brand?post=361"},{"taxonomy":"product_cat","embeddable":true,"href":"https:\/\/www.vapewholesalees.com\/en\/wp-json\/wp\/v2\/product_cat?post=361"},{"taxonomy":"product_tag","embeddable":true,"href":"https:\/\/www.vapewholesalees.com\/en\/wp-json\/wp\/v2\/product_tag?post=361"}],"curies":[{"name":"wp","href":"https:\/\/api.w.org\/{rel}","templated":true}]}}