{"id":381,"date":"2021-08-27T12:02:01","date_gmt":"2021-08-27T12:02:01","guid":{"rendered":"http:\/\/dummy.xtemos.com\/woodmart2\/elementor\/?post_type=product&#038;p=381"},"modified":"2025-10-20T07:01:23","modified_gmt":"2025-10-20T07:01:23","slug":"muha-meds-2025-summer-edition-new-york-2g","status":"publish","type":"product","link":"https:\/\/www.vapewholesalees.com\/en\/product\/muha-meds-2025-summer-edition-new-york-2g\/","title":{"rendered":"MUHA MEDS 2025 SUMMER EDITION New York 2g-Los mejores desechables al por mayor"},"content":{"rendered":"<div data-elementor-type=\"wp-post\" data-elementor-id=\"381\" class=\"elementor elementor-381\" data-elementor-post-type=\"product\">\n\t\t\t\t<div class=\"wd-negative-gap elementor-element elementor-element-2f0d357 e-flex e-con-boxed e-con e-parent\" data-id=\"2f0d357\" data-element_type=\"container\">\n\t\t\t\t\t<div class=\"e-con-inner\">\n\t\t\t\t<div class=\"elementor-element elementor-element-fbaa851 elementor-widget__width-initial elementor-widget elementor-widget-wd_text_block\" data-id=\"fbaa851\" data-element_type=\"widget\" data-widget_type=\"wd_text_block.default\">\n\t\t\t\t<div class=\"elementor-widget-container\">\n\t\t\t\t\t\t\t<div class=\"wd-text-block reset-last-child text-left\">\n\t\t\t\n\t\t\t<p>MUHA MEDS 2025 SUMMER EDITION New York 2g | Suministro directo de CBD de f\u00e1brica<\/p><p>Sabores:<\/p><ul><li>H\u00cdBRIDO: BLUE DREAM; GREEN APPLE ELIXIR; PINEAPPLE EXPIESS; BERRY GELATO<\/li><li>SATIVA: STRAWBERRY COUGH; SUPER SOUR DIESEL<\/li><li>\u00cdNDICA: BLUE SLUSHIE; GRAND DADDY PURP; Skywalker Og;WATERMELON OG<\/li><\/ul><p>Volumen del tanque: 2 ml (vac\u00edo)<\/p><p>Capacidad de la bater\u00eda: 240 mAh<\/p><p>Orificio de entrada de aceite: 2 x 1.8 mm<\/p><p>Cargador: USB-C<\/p>\n\t\t\t\t\t<\/div>\n\t\t\t\t\t\t<\/div>\n\t\t\t\t<\/div>\n\t\t\t\t<div class=\"elementor-element elementor-element-49ddc92 elementor-widget__width-initial elementor-widget elementor-widget-wd_text_block\" data-id=\"49ddc92\" data-element_type=\"widget\" data-widget_type=\"wd_text_block.default\">\n\t\t\t\t<div class=\"elementor-widget-container\">\n\t\t\t\t\t\t\t<div class=\"wd-text-block reset-last-child text-left\">\n\t\t\t\n\t\t\t<p>Servicio de Valor A\u00f1adido<br \/>\u2705 Para agilizar las entregas y aumentar la satisfacci\u00f3n del cliente, nuestra l\u00ednea Muha Meds cuenta con el respaldo de centros de inventario internacionales ubicados en California (EE. UU.), Nueva Jersey (EE. UU.), Chicago (EE. UU.), Reino Unido, Alemania, Italia y Polonia, lo que permite un cumplimiento regional m\u00e1s r\u00e1pido y tiempos de tr\u00e1nsito reducidos.<\/p><p>Detalles sobre Muha Meds Summer Disposable 2 gramos New York<\/p><p>El Muha Meds Edici\u00f3n Verano Desechable ofrece la experiencia de vapeo m\u00e1s refrescante de la temporada. Esta edici\u00f3n limitada de Muha Meds Edici\u00f3n Verano incluye sabores exclusivos de Muha Meds en mezclas tropicales y heladas, ideales para climas c\u00e1lidos.<\/p>\n\t\t\t\t\t<\/div>\n\t\t\t\t\t\t<\/div>\n\t\t\t\t<\/div>\n\t\t\t\t<div class=\"elementor-element elementor-element-6587319 elementor-widget elementor-widget-wd_text_block\" data-id=\"6587319\" data-element_type=\"widget\" data-widget_type=\"wd_text_block.default\">\n\t\t\t\t<div class=\"elementor-widget-container\">\n\t\t\t\t\t\t\t<div class=\"wd-text-block reset-last-child text-left\">\n\t\t\t\n\t\t\t<p>Proveedor directo de f\u00e1brica de MUHA MEDS 2025 SUMMER EDITION New York 2g al por mayor en Vapewholesalees. Ofrecemos vapes vac\u00edos con sabores de verano y desechables Muha Meds 2025 al por mayor (OEM\/ODM).<\/p><p>Descubre la mejor f\u00e1brica de <a href=\"https:\/\/www.vapewholesalees.com\/en\/\">vaporizadores Wholesale en Vapewholesalees<\/a>.<\/p><ul><li><a href=\"https:\/\/vapewholesalees.com\/en\/product-category\/vape-de-marca\/\">Para saber m\u00e1s sobre otras marcas de productos de vapeo<\/a><\/li><li>Por favor revise las siguientes p\u00e1ginas:\u00a0<\/li><li><a href=\"https:\/\/www.vapewholesalees.com\/en\/product\/muha-meds-2g-led\/\">Muha Meds 2G LED<\/a><\/li><li><a href=\"https:\/\/www.vapewholesalees.com\/en\/product\/muha-meds-2g-spring-edition\/\">Muha Meds SPRING<\/a><\/li><li><a href=\"https:\/\/www.vapewholesalees.com\/en\/product\/muha-meds-2025-summer-edition-swan-2ml\/\">MUHA MEDS SUMMER Swan<\/a><\/li><\/ul>\n\t\t\t\t\t<\/div>\n\t\t\t\t\t\t<\/div>\n\t\t\t\t<\/div>\n\t\t\t\t\t<\/div>\n\t\t\t\t<\/div>\n\t\t\t\t<\/div>","protected":false},"excerpt":{"rendered":"<h1 class=\"product-name line-limit--5\">Muha Meds SUMMER EDITION New York 2025 \u2014 Nueva York 2 g (Dispositivo vac\u00edo)<\/h1>\n<h2>MUHA MEDS 2025 SUMMER EDITION New York 2g-Los mejores desechables al por mayor<\/h2>\n<p>Dise\u00f1ado para envasadores con licencia que lanzan nuevos sabores al por mayor. La c\u00e1mara de 2 gramos se complementa con un sistema de carga USB-C y calentamiento cer\u00e1mico para un rendimiento uniforme y resistente a obstrucciones. El hardware incluye un flujo de aire antifugas para optimizar el cumplimiento normativo. Ideal para marcas OEM\/ODM y compras al por mayor; no incluye aceite.<\/p>\n<p>Tambi\u00e9n ofrecemos <a href=\"https:\/\/www.vapewholesalees.com\/en\/\">m\u00e1s opciones en <strong>Vapewholesale<\/strong><\/a>. \u00a1Compra con confianza!<\/p>\n<h3><strong>Bulk Made Affordable,Buy More, Save More:<\/strong><\/h3>\n<h3><strong>100+ 300+ 500+ 1000+ 2000+ 5000+<\/strong><\/h3>\n<h3><strong>3.50\u00a0 \u00a02.90\u00a0 \u00a02.70\u00a0 \u00a02.60\u00a0 \u00a0 2.54\u00a0 \u00a0 \u00a0 2.47<\/strong><\/h3>","protected":false},"featured_media":16321,"comment_status":"open","ping_status":"closed","template":"","meta":[],"product_brand":[87],"product_cat":[20,86,85,76],"product_tag":[],"class_list":{"0":"post-381","1":"product","2":"type-product","3":"status-publish","4":"has-post-thumbnail","6":"product_brand-muha-meds","7":"product_cat-vapeo-desechable-vacio-de-diversas-capacidades-al-por-mayor","8":"product_cat-muha-meds","9":"product_cat-vape-de-marca","10":"product_cat-vape-desechable-2g","12":"first","13":"instock","14":"shipping-taxable","15":"purchasable","16":"product-type-simple"},"_links":{"self":[{"href":"https:\/\/www.vapewholesalees.com\/en\/wp-json\/wp\/v2\/product\/381","targetHints":{"allow":["GET"]}}],"collection":[{"href":"https:\/\/www.vapewholesalees.com\/en\/wp-json\/wp\/v2\/product"}],"about":[{"href":"https:\/\/www.vapewholesalees.com\/en\/wp-json\/wp\/v2\/types\/product"}],"replies":[{"embeddable":true,"href":"https:\/\/www.vapewholesalees.com\/en\/wp-json\/wp\/v2\/comments?post=381"}],"version-history":[{"count":23,"href":"https:\/\/www.vapewholesalees.com\/en\/wp-json\/wp\/v2\/product\/381\/revisions"}],"predecessor-version":[{"id":18453,"href":"https:\/\/www.vapewholesalees.com\/en\/wp-json\/wp\/v2\/product\/381\/revisions\/18453"}],"wp:featuredmedia":[{"embeddable":true,"href":"https:\/\/www.vapewholesalees.com\/en\/wp-json\/wp\/v2\/media\/16321"}],"wp:attachment":[{"href":"https:\/\/www.vapewholesalees.com\/en\/wp-json\/wp\/v2\/media?parent=381"}],"wp:term":[{"taxonomy":"product_brand","embeddable":true,"href":"https:\/\/www.vapewholesalees.com\/en\/wp-json\/wp\/v2\/product_brand?post=381"},{"taxonomy":"product_cat","embeddable":true,"href":"https:\/\/www.vapewholesalees.com\/en\/wp-json\/wp\/v2\/product_cat?post=381"},{"taxonomy":"product_tag","embeddable":true,"href":"https:\/\/www.vapewholesalees.com\/en\/wp-json\/wp\/v2\/product_tag?post=381"}],"curies":[{"name":"wp","href":"https:\/\/api.w.org\/{rel}","templated":true}]}}