{"id":395,"date":"2021-08-27T12:11:46","date_gmt":"2021-08-27T12:11:46","guid":{"rendered":"http:\/\/dummy.xtemos.com\/woodmart2\/elementor\/?post_type=product&#038;p=395"},"modified":"2025-10-20T07:00:43","modified_gmt":"2025-10-20T07:00:43","slug":"muha-meds-2g-spring-edition","status":"publish","type":"product","link":"https:\/\/www.vapewholesalees.com\/en\/product\/muha-meds-2g-spring-edition\/","title":{"rendered":"Muha Meds 2G SPRING EDITION-Compra al por mayor de nuevos Muha Meds"},"content":{"rendered":"<div data-elementor-type=\"wp-post\" data-elementor-id=\"395\" class=\"elementor elementor-395\" data-elementor-post-type=\"product\">\n\t\t\t\t<div class=\"wd-negative-gap elementor-element elementor-element-3171f4f e-flex e-con-boxed e-con e-parent\" data-id=\"3171f4f\" data-element_type=\"container\">\n\t\t\t\t\t<div class=\"e-con-inner\">\n\t\t<div class=\"elementor-element elementor-element-03880f6 e-con-full e-flex e-con e-child\" data-id=\"03880f6\" data-element_type=\"container\">\n\t\t\t\t<div class=\"elementor-element elementor-element-649444a elementor-widget elementor-widget-wd_text_block\" data-id=\"649444a\" data-element_type=\"widget\" data-widget_type=\"wd_text_block.default\">\n\t\t\t\t<div class=\"elementor-widget-container\">\n\t\t\t\t\t\t\t<div class=\"wd-text-block reset-last-child text-left\">\n\t\t\t\n\t\t\t<p>Muha Meds 2G SPRING EDITION | Compra al por mayor nuevos sabores de spring<\/p><p>Sabores:<\/p><ul><li>H\u00cdBRIDO: BLUE SLUHIE; BERRY GELATO; BLUE DREAM; GREEN EAPPLE ELIXIR<\/li><li>SATIVA: PINEAPPLE EXPIESS;SUPEI SOWI DIESEL; strawberry COUGH<\/li><li>\u00cdNDICA: WATERMELON OG; SKYWALKER OG; GRAND DADDY PURP<\/li><\/ul><p>Volumen del tanque: 2 ml (vac\u00edo)<\/p><p>Capacidad de la bater\u00eda: 240 mAh<\/p><p>Orificio de entrada de aceite: 2 x 1,8 mm<\/p><p>Cargador: USB-C<\/p>\n\t\t\t\t\t<\/div>\n\t\t\t\t\t\t<\/div>\n\t\t\t\t<\/div>\n\t\t\t\t<\/div>\n\t\t<div class=\"elementor-element elementor-element-a58d158 e-con-full e-flex e-con e-child\" data-id=\"a58d158\" data-element_type=\"container\">\n\t\t\t\t<div class=\"elementor-element elementor-element-127b3ba elementor-widget elementor-widget-wd_infobox\" data-id=\"127b3ba\" data-element_type=\"widget\" data-widget_type=\"wd_infobox.default\">\n\t\t\t\t<div class=\"elementor-widget-container\">\n\t\t\t\t\t\t\t<div class=\"info-box-wrapper\">\n\t\t\t<div class=\"wd-info-box text-center box-icon-align-top box-style-base color-scheme-\">\n\t\t\t\t\n\t\t\t\t<div class=\"info-box-content\">\n\t\t\t\t\t\n\t\t\t\t\t\n\t\t\t\t\t<div class=\"info-box-inner reset-last-child\"data-elementor-setting-key=\"content\"><p style=\"text-align: left;\">Servicio de Valor A\u00f1adido<br \/>\u2705 Para agilizar las entregas y aumentar la satisfacci\u00f3n del cliente, nuestra l\u00ednea Muha Meds cuenta con el respaldo de centros de inventario internacionales ubicados en California (EE. UU.), Nueva Jersey (EE. UU.), Chicago (EE. UU.), Reino Unido, Alemania, Italia y Polonia, lo que permite un cumplimiento regional m\u00e1s r\u00e1pido y tiempos de tr\u00e1nsito reducidos.<\/p>\n<\/div>\n\n\t\t\t\t\t\t\t\t\t<\/div>\n\n\t\t\t\t\t\t\t\t\t<a href=\"#\" class=\"wd-info-box-link wd-fill\" aria-label=\"Infobox link\"><\/a>\n\t\t\t\t\t\t\t<\/div>\n\t\t<\/div>\n\t\t\t\t\t\t<\/div>\n\t\t\t\t<\/div>\n\t\t\t\t<div class=\"elementor-element elementor-element-9639824 elementor-widget elementor-widget-wd_infobox\" data-id=\"9639824\" data-element_type=\"widget\" data-widget_type=\"wd_infobox.default\">\n\t\t\t\t<div class=\"elementor-widget-container\">\n\t\t\t\t\t\t\t<div class=\"info-box-wrapper\">\n\t\t\t<div class=\"wd-info-box text-center box-icon-align-top box-style-base color-scheme-\">\n\t\t\t\t\n\t\t\t\t<div class=\"info-box-content\">\n\t\t\t\t\t\n\t\t\t\t\t\n\t\t\t\t\t<div class=\"info-box-inner reset-last-child\"data-elementor-setting-key=\"content\"><p style=\"text-align: left;\">La l\u00ednea de vapeo desechable de primavera de Muha Meds redefine el vapeo de temporada al combinar encanto est\u00e9tico, sabores innovadores y un dise\u00f1o ecol\u00f3gico. Los dispositivos, ligeros y f\u00e1ciles de transportar, vienen en envases aptos para uso alimentario y a prueba de fugas para mayor practicidad. Para minoristas y distribuidores, el programa Spring Wholesale ofrece descuentos por volumen, acceso anticipado a lanzamientos limitados y kits de marketing de temporada, lo que permite un abastecimiento estrat\u00e9gico para aprovechar la demanda estacional.<\/p>\n<\/div>\n\n\t\t\t\t\t\t\t\t\t<\/div>\n\n\t\t\t\t\t\t\t\t\t<a href=\"#\" class=\"wd-info-box-link wd-fill\" aria-label=\"Infobox link\"><\/a>\n\t\t\t\t\t\t\t<\/div>\n\t\t<\/div>\n\t\t\t\t\t\t<\/div>\n\t\t\t\t<\/div>\n\t\t\t\t<\/div>\n\t\t<div class=\"elementor-element elementor-element-bf2fce7 e-con-full e-flex e-con e-child\" data-id=\"bf2fce7\" data-element_type=\"container\">\n\t\t\t\t<div class=\"elementor-element elementor-element-b6ba873 elementor-widget elementor-widget-wd_infobox\" data-id=\"b6ba873\" data-element_type=\"widget\" data-widget_type=\"wd_infobox.default\">\n\t\t\t\t<div class=\"elementor-widget-container\">\n\t\t\t\t\t\t\t<div class=\"info-box-wrapper\">\n\t\t\t<div class=\"wd-info-box text-center box-icon-align-top box-style-base color-scheme-\">\n\t\t\t\t\n\t\t\t\t<div class=\"info-box-content\">\n\t\t\t\t\t\n\t\t\t\t\t\n\t\t\t\t\t<div class=\"info-box-inner reset-last-child\"data-elementor-setting-key=\"content\"><p style=\"text-align: left;\">Proveedor directo de f\u00e1brica de Muha Meds 2G SPRING EDITION al por mayor en Vapewholesalees. Ofrecemos vapeadores desechables vac\u00edos con nuevos sabores de spring y envases de Muha Meds a granel (OEM\/ODM).<\/p>\n<p>Descubre la mejor f\u00e1brica de <a href=\"https:\/\/www.vapewholesalees.com\/en\/\">vaporizadores Wholesale en Vapewholesalees<\/a>.<\/p>\n<ul>\n<li style=\"text-align: left;\"><a href=\"https:\/\/vapewholesalees.com\/en\/product-category\/vape-de-marca\/\">Para saber m\u00e1s sobre otras marcas de productos de vapeo<\/a><\/li>\n<li style=\"text-align: left;\">Por favor revise las siguientes p\u00e1ginas:<\/li>\n<li style=\"text-align: left;\"><a href=\"https:\/\/www.vapewholesalees.com\/en\/product\/muha-meds-2025-summer-edition-swan-2ml\/\">MUHA MEDS SUMMER Swan<\/a><\/li>\n<li style=\"text-align: left;\"><a href=\"https:\/\/www.vapewholesalees.com\/en\/product\/muha-meds-2025-summer-edition-new-york-2g\/\">MUHA MEDS New York<\/a>\u00a0<\/li>\n<li style=\"text-align: left;\"><a href=\"https:\/\/www.vapewholesalees.com\/en\/product\/muha-meds-2g-led\/\">Muha Meds 2G LED<\/a><\/li>\n<\/ul>\n<\/div>\n\n\t\t\t\t\t\t\t\t\t<\/div>\n\n\t\t\t\t\t\t\t\t\t<a href=\"#\" class=\"wd-info-box-link wd-fill\" aria-label=\"Infobox link\"><\/a>\n\t\t\t\t\t\t\t<\/div>\n\t\t<\/div>\n\t\t\t\t\t\t<\/div>\n\t\t\t\t<\/div>\n\t\t\t\t<\/div>\n\t\t\t\t\t<\/div>\n\t\t\t\t<\/div>\n\t\t\t\t<\/div>","protected":false},"excerpt":{"rendered":"<h1>Muha Meds 2G SPRING EDITION-Compra al por mayor de nuevos Muha Meds<\/h1>\n<h2>Sabores Premium y el mejor precio Muha Meds SPRING desechable:<\/h2>\n<p>Dise\u00f1ado para envasadores con licencia que lanzan nuevos sabores al por mayor. La c\u00e1mara de 2 gramos se complementa con un sistema de carga USB-C y calentamiento cer\u00e1mico para un rendimiento uniforme y resistente a obstrucciones. El hardware incluye un flujo de aire antifugas para optimizar el cumplimiento normativo. Ideal para marcas OEM\/ODM y compras al por mayor; no incluye aceite.<\/p>\n<p>Tambi\u00e9n ofrecemos <a href=\"https:\/\/www.vapewholesalees.com\/en\/\">m\u00e1s opciones en <strong>Vapewholesale<\/strong><\/a>. \u00a1Compra con confianza!<\/p>\n<h3><strong>Bulk Made Affordable,Buy More, Save More:<\/strong><\/h3>\n<h3><strong>100+ 300+ 500+ 1000+ 2000+ 5000+<\/strong><\/h3>\n<h3><strong>3.50\u00a0 \u00a02.90\u00a0 \u00a02.70\u00a0 \u00a02.60\u00a0 \u00a0 2.54\u00a0 \u00a0 \u00a0 2.47<\/strong><\/h3>","protected":false},"featured_media":16259,"comment_status":"open","ping_status":"closed","template":"","meta":[],"product_brand":[87],"product_cat":[20,86,85,76],"product_tag":[],"class_list":{"0":"post-395","1":"product","2":"type-product","3":"status-publish","4":"has-post-thumbnail","6":"product_brand-muha-meds","7":"product_cat-vapeo-desechable-vacio-de-diversas-capacidades-al-por-mayor","8":"product_cat-muha-meds","9":"product_cat-vape-de-marca","10":"product_cat-vape-desechable-2g","12":"first","13":"instock","14":"sale","15":"shipping-taxable","16":"purchasable","17":"product-type-simple"},"_links":{"self":[{"href":"https:\/\/www.vapewholesalees.com\/en\/wp-json\/wp\/v2\/product\/395","targetHints":{"allow":["GET"]}}],"collection":[{"href":"https:\/\/www.vapewholesalees.com\/en\/wp-json\/wp\/v2\/product"}],"about":[{"href":"https:\/\/www.vapewholesalees.com\/en\/wp-json\/wp\/v2\/types\/product"}],"replies":[{"embeddable":true,"href":"https:\/\/www.vapewholesalees.com\/en\/wp-json\/wp\/v2\/comments?post=395"}],"version-history":[{"count":22,"href":"https:\/\/www.vapewholesalees.com\/en\/wp-json\/wp\/v2\/product\/395\/revisions"}],"predecessor-version":[{"id":18452,"href":"https:\/\/www.vapewholesalees.com\/en\/wp-json\/wp\/v2\/product\/395\/revisions\/18452"}],"wp:featuredmedia":[{"embeddable":true,"href":"https:\/\/www.vapewholesalees.com\/en\/wp-json\/wp\/v2\/media\/16259"}],"wp:attachment":[{"href":"https:\/\/www.vapewholesalees.com\/en\/wp-json\/wp\/v2\/media?parent=395"}],"wp:term":[{"taxonomy":"product_brand","embeddable":true,"href":"https:\/\/www.vapewholesalees.com\/en\/wp-json\/wp\/v2\/product_brand?post=395"},{"taxonomy":"product_cat","embeddable":true,"href":"https:\/\/www.vapewholesalees.com\/en\/wp-json\/wp\/v2\/product_cat?post=395"},{"taxonomy":"product_tag","embeddable":true,"href":"https:\/\/www.vapewholesalees.com\/en\/wp-json\/wp\/v2\/product_tag?post=395"}],"curies":[{"name":"wp","href":"https:\/\/api.w.org\/{rel}","templated":true}]}}