{"id":411,"date":"2021-08-27T12:19:36","date_gmt":"2021-08-27T12:19:36","guid":{"rendered":"http:\/\/dummy.xtemos.com\/woodmart2\/elementor\/?post_type=product&#038;p=411"},"modified":"2025-10-20T06:59:42","modified_gmt":"2025-10-20T06:59:42","slug":"muha-meds-2g-led","status":"publish","type":"product","link":"https:\/\/www.vapewholesalees.com\/en\/product\/muha-meds-2g-led\/","title":{"rendered":"New Muha Meds 2G LED &#8211; Nuevos sabores desechables al por mayor"},"content":{"rendered":"<div data-elementor-type=\"wp-post\" data-elementor-id=\"411\" class=\"elementor elementor-411\" data-elementor-post-type=\"product\">\n\t\t\t\t<div class=\"wd-negative-gap elementor-element elementor-element-997cfae e-flex e-con-boxed e-con e-parent\" data-id=\"997cfae\" data-element_type=\"container\">\n\t\t\t\t\t<div class=\"e-con-inner\">\n\t\t<div class=\"elementor-element elementor-element-67d4c92 e-con-full e-flex e-con e-child\" data-id=\"67d4c92\" data-element_type=\"container\">\n\t\t\t\t<div class=\"elementor-element elementor-element-ebb40a2 elementor-widget elementor-widget-wd_text_block\" data-id=\"ebb40a2\" data-element_type=\"widget\" data-widget_type=\"wd_text_block.default\">\n\t\t\t\t<div class=\"elementor-widget-container\">\n\t\t\t\t\t\t\t<div class=\"wd-text-block reset-last-child text-left\">\n\t\t\t\n\t\t\t<p>Nuevos sabores de Muha Meds 2G LED al por mayor | Vape desechable vac\u00edo a granel<\/p><p>Sabores:<\/p><ul><li>H\u00cdBRIDO: BLUE DREAM; GREEN APPLE ELIXIR; BERRY GELATO; LAVENDER LEMON LIFT<\/li><li>SATIVA: PINEAPPLE EXPRESS; STRAWBERRY COUGH;\u00a0SUPER\u00a0SOUR\u00a0DIESEL<\/li><li>\u00cdNDICA: GRAND DADDY PURP; SKYWALKER OG; WATERMELON OG<\/li><\/ul><p>Volumen del tanque: 2 ml (vac\u00edo)<\/p><p>Capacidad de la bater\u00eda: 240 mAh<\/p><p>Orificio de entrada de aceite: 2 x 1.8 mm<\/p><p>Cargador: USB-C<\/p>\n\t\t\t\t\t<\/div>\n\t\t\t\t\t\t<\/div>\n\t\t\t\t<\/div>\n\t\t\t\t<\/div>\n\t\t<div class=\"elementor-element elementor-element-3fed916 e-con-full e-flex e-con e-child\" data-id=\"3fed916\" data-element_type=\"container\">\n\t\t\t\t<div class=\"elementor-element elementor-element-d6c6ca0 color-scheme-inherit text-left elementor-widget elementor-widget-text-editor\" data-id=\"d6c6ca0\" data-element_type=\"widget\" data-widget_type=\"text-editor.default\">\n\t\t\t\t<div class=\"elementor-widget-container\">\n\t\t\t\t\t\t\t\t\t<p>Servicio de Valor A\u00f1adido<br \/>\u2705 Para agilizar las entregas y aumentar la satisfacci\u00f3n del cliente, nuestra l\u00ednea Muha Meds cuenta con el respaldo de centros de inventario internacionales ubicados en California (EE. UU.), Nueva Jersey (EE. UU.), Chicago (EE. UU.), Reino Unido, Alemania, Italia y Polonia, lo que permite un cumplimiento regional m\u00e1s r\u00e1pido y tiempos de tr\u00e1nsito reducidos.<\/p><p>Acerca de Muha Meds Fresh Flavors LED 2G Desechable<br \/>Actualice su surtido con Muha Meds Fresh Flavors LED Desechable, donde convergen dise\u00f1o, rendimiento y un cat\u00e1logo de sabores renovado. Esta \u00faltima incorporaci\u00f3n a nuestra gama mejorada con LED combina un dise\u00f1o elegante con hardware moderno para ofrecer una experiencia premium y visualmente distintiva. Dise\u00f1ada espec\u00edficamente para minoristas y usuarios finales exigentes, la colecci\u00f3n combina una est\u00e9tica contempor\u00e1nea con nuevos perfiles de sabor, lo que la convierte en una opci\u00f3n atractiva tanto para lanzamientos en tiendas f\u00edsicas como para programas de venta al por mayor.<\/p>\t\t\t\t\t\t\t\t<\/div>\n\t\t\t\t<\/div>\n\t\t\t\t<\/div>\n\t\t<div class=\"elementor-element elementor-element-6ef8290 e-con-full e-flex e-con e-child\" data-id=\"6ef8290\" data-element_type=\"container\">\n\t\t\t\t<div class=\"elementor-element elementor-element-b39b441 elementor-widget elementor-widget-wd_text_block\" data-id=\"b39b441\" data-element_type=\"widget\" data-widget_type=\"wd_text_block.default\">\n\t\t\t\t<div class=\"elementor-widget-container\">\n\t\t\t\t\t\t\t<div class=\"wd-text-block reset-last-child text-left\">\n\t\t\t\n\t\t\t<p>Proveedor directo de f\u00e1brica de Muha Meds 2G LED al por mayor en Vapewholesalees. Ofrecemos vapeadores desechables vac\u00edos Muha Meds LED Light 2g y sabores frescos a granel (OEM\/ODM).<\/p><p>Descubre la mejor f\u00e1brica de <a href=\"https:\/\/www.vapewholesalees.com\/en\/\">vaporizadores Wholesale en Vapewholesalees<\/a>.<\/p><ul><li><a href=\"https:\/\/vapewholesalees.com\/en\/product-category\/vape-de-marca\/\">Para saber m\u00e1s sobre otras marcas de productos de vapeo<\/a><\/li><li>Por favor revise las siguientes p\u00e1ginas:<\/li><li><a href=\"https:\/\/www.vapewholesalees.com\/en\/product\/muha-meds-2g-spring-edition\/\">Muha Meds SPRING<\/a><\/li><li><a href=\"https:\/\/www.vapewholesalees.com\/en\/product\/muha-meds-2025-summer-edition-swan-2ml\/\">MUHA MEDS SUMMER Swan<\/a><\/li><li><a href=\"https:\/\/www.vapewholesalees.com\/en\/product\/muha-meds-2025-summer-edition-new-york-2g\/\">MUHA MEDS New York<\/a>\u00a0<\/li><\/ul>\n\t\t\t\t\t<\/div>\n\t\t\t\t\t\t<\/div>\n\t\t\t\t<\/div>\n\t\t\t\t<\/div>\n\t\t\t\t\t<\/div>\n\t\t\t\t<\/div>\n\t\t\t\t<\/div>","protected":false},"excerpt":{"rendered":"<h1>New Muha Meds 2G LED &#8211; Nuevos sabores desechables al por mayor<\/h1>\n<h2>Nuevos vapeadores desechables vac\u00edos Muha Meds 2G LED:<\/h2>\n<p>Dise\u00f1ado para envasadores con licencia que lanzan nuevos sabores al por mayor. La c\u00e1mara de 2 gramos se complementa con un sistema de carga USB-C y calentamiento cer\u00e1mico para un rendimiento uniforme y resistente a obstrucciones. El hardware incluye un flujo de aire antifugas para optimizar el cumplimiento normativo. Ideal para marcas OEM\/ODM y compras al por mayor; no incluye aceite.<\/p>\n<p>Tambi\u00e9n ofrecemos <a href=\"https:\/\/www.vapewholesalees.com\/en\/\">m\u00e1s opciones en <strong>Vapewholesale<\/strong><\/a>. \u00a1Compra con confianza!<\/p>\n<h3><strong>Bulk Made Affordable,Buy More, Save More:<\/strong><\/h3>\n<h3><strong>100+ 300+ 500+ 1000+ 2000+ 5000+<\/strong><\/h3>\n<h3><strong>3.48\u00a0 \u00a02.89\u00a0 \u00a02.69\u00a0 \u00a02.59\u00a0 \u00a0 2.52\u00a0 \u00a0 \u00a0 2.45<\/strong><\/h3>","protected":false},"featured_media":16253,"comment_status":"open","ping_status":"closed","template":"","meta":[],"product_brand":[87],"product_cat":[86,85,76,83],"product_tag":[],"class_list":{"0":"post-411","1":"product","2":"type-product","3":"status-publish","4":"has-post-thumbnail","6":"product_brand-muha-meds","7":"product_cat-muha-meds","8":"product_cat-vape-de-marca","9":"product_cat-vape-desechable-2g","10":"product_cat-vape-desechable-con-pantalla","12":"first","13":"instock","14":"sale","15":"shipping-taxable","16":"purchasable","17":"product-type-simple"},"_links":{"self":[{"href":"https:\/\/www.vapewholesalees.com\/en\/wp-json\/wp\/v2\/product\/411","targetHints":{"allow":["GET"]}}],"collection":[{"href":"https:\/\/www.vapewholesalees.com\/en\/wp-json\/wp\/v2\/product"}],"about":[{"href":"https:\/\/www.vapewholesalees.com\/en\/wp-json\/wp\/v2\/types\/product"}],"replies":[{"embeddable":true,"href":"https:\/\/www.vapewholesalees.com\/en\/wp-json\/wp\/v2\/comments?post=411"}],"version-history":[{"count":80,"href":"https:\/\/www.vapewholesalees.com\/en\/wp-json\/wp\/v2\/product\/411\/revisions"}],"predecessor-version":[{"id":18451,"href":"https:\/\/www.vapewholesalees.com\/en\/wp-json\/wp\/v2\/product\/411\/revisions\/18451"}],"wp:featuredmedia":[{"embeddable":true,"href":"https:\/\/www.vapewholesalees.com\/en\/wp-json\/wp\/v2\/media\/16253"}],"wp:attachment":[{"href":"https:\/\/www.vapewholesalees.com\/en\/wp-json\/wp\/v2\/media?parent=411"}],"wp:term":[{"taxonomy":"product_brand","embeddable":true,"href":"https:\/\/www.vapewholesalees.com\/en\/wp-json\/wp\/v2\/product_brand?post=411"},{"taxonomy":"product_cat","embeddable":true,"href":"https:\/\/www.vapewholesalees.com\/en\/wp-json\/wp\/v2\/product_cat?post=411"},{"taxonomy":"product_tag","embeddable":true,"href":"https:\/\/www.vapewholesalees.com\/en\/wp-json\/wp\/v2\/product_tag?post=411"}],"curies":[{"name":"wp","href":"https:\/\/api.w.org\/{rel}","templated":true}]}}